{"id":13436,"date":"2024-12-11T18:23:55","date_gmt":"2024-12-11T17:23:55","guid":{"rendered":"https:\/\/wordpress.pinktum.dev\/integration\/"},"modified":"2025-03-25T11:03:03","modified_gmt":"2025-03-25T10:03:03","slug":"integration","status":"publish","type":"page","link":"https:\/\/www.pinktum.com\/fr\/service\/integration\/","title":{"rendered":"Int\u00e9gration"},"content":{"rendered":"\t\t<div data-elementor-type=\"wp-page\" data-elementor-id=\"13436\" class=\"elementor elementor-13436 elementor-3117\" data-elementor-post-type=\"page\">\n\t\t\t\t<div class=\"elementor-element elementor-element-22a1428 e-flex e-con-boxed e-con e-parent\" data-id=\"22a1428\" data-element_type=\"container\" data-settings=\"{&quot;background_background&quot;:&quot;classic&quot;,&quot;jet_parallax_layout_list&quot;:[]}\">\n\t\t\t\t\t<div class=\"e-con-inner\">\n\t\t\t\t<div class=\"elementor-element elementor-element-728666a elementor-widget__width-initial elementor-widget elementor-widget-heading\" data-id=\"728666a\" data-element_type=\"widget\" data-widget_type=\"heading.default\">\n\t\t\t\t<div class=\"elementor-widget-container\">\n\t\t\t\t\t<h2 class=\"elementor-heading-title elementor-size-default\">Int\u00e9gration<\/h2>\t\t\t\t<\/div>\n\t\t\t\t<\/div>\n\t\t\t\t<div class=\"elementor-element elementor-element-9ce9799 elementor-widget__width-initial elementor-widget elementor-widget-heading\" data-id=\"9ce9799\" data-element_type=\"widget\" data-widget_type=\"heading.default\">\n\t\t\t\t<div class=\"elementor-widget-container\">\n\t\t\t\t\t<h2 class=\"elementor-heading-title elementor-size-default\">Toutes nos formations en ligne au m\u00eame endroit et une interface connect\u00e9e : un confort administratif in\u00e9gal\u00e9 pour votre d\u00e9veloppement RH.<\/h2>\t\t\t\t<\/div>\n\t\t\t\t<\/div>\n\t\t\t\t\t<\/div>\n\t\t\t\t<\/div>\n\t\t<div class=\"elementor-element elementor-element-1111879 e-flex e-con-boxed e-con e-parent\" data-id=\"1111879\" data-element_type=\"container\" data-settings=\"{&quot;jet_parallax_layout_list&quot;:[]}\">\n\t\t\t\t\t<div class=\"e-con-inner\">\n\t\t<div class=\"elementor-element elementor-element-0f7e105 e-con-full e-flex e-con e-child\" data-id=\"0f7e105\" data-element_type=\"container\" data-settings=\"{&quot;jet_parallax_layout_list&quot;:[]}\">\n\t\t<div class=\"elementor-element elementor-element-555aa5d e-con-full e-flex e-con e-child\" data-id=\"555aa5d\" data-element_type=\"container\" data-settings=\"{&quot;jet_parallax_layout_list&quot;:[]}\">\n\t\t\t\t<div class=\"elementor-element elementor-element-14f6f1b elementor-widget elementor-widget-heading\" data-id=\"14f6f1b\" data-element_type=\"widget\" data-widget_type=\"heading.default\">\n\t\t\t\t<div class=\"elementor-widget-container\">\n\t\t\t\t\t<h2 class=\"elementor-heading-title elementor-size-default\">Univers d\u2019apprentissage num\u00e9rique, nous voici !<\/h2>\t\t\t\t<\/div>\n\t\t\t\t<\/div>\n\t\t\t\t<div class=\"elementor-element elementor-element-0ef1b58 elementor-widget elementor-widget-text-editor\" data-id=\"0ef1b58\" data-element_type=\"widget\" data-widget_type=\"text-editor.default\">\n\t\t\t\t<div class=\"elementor-widget-container\">\n\t\t\t\t\t\t\t\t\t<p>PINKTUM World est une plateforme d\u2019apprentissage qui permet la livraison, l\u2019int\u00e9gration, l\u2019actualisation et la gestion automatis\u00e9es de nos formations en ligne. L\u2019interface num\u00e9rique de PINKTUM World vous offre un acc\u00e8s centralis\u00e9 aux formations en ligne lou\u00e9es ou achet\u00e9es, avec un tableau de bord int\u00e9gr\u00e9 pour une gestion simple et claire.<\/p>\n\t\t\t\t\t\t\t\t<\/div>\n\t\t\t\t<\/div>\n\t\t\t\t<\/div>\n\t\t<div class=\"elementor-element elementor-element-220c993 e-con-full e-flex e-con e-child\" data-id=\"220c993\" data-element_type=\"container\" data-settings=\"{&quot;jet_parallax_layout_list&quot;:[],&quot;background_background&quot;:&quot;classic&quot;}\">\n\t\t\t\t<\/div>\n\t\t\t\t<\/div>\n\t\t\t\t\t<\/div>\n\t\t\t\t<\/div>\n\t\t<div class=\"elementor-element elementor-element-2899629 e-con-full e-flex e-con e-parent\" data-id=\"2899629\" data-element_type=\"container\" data-settings=\"{&quot;background_background&quot;:&quot;classic&quot;,&quot;jet_parallax_layout_list&quot;:[]}\">\n\t\t<div class=\"elementor-element elementor-element-0ee88f9 e-flex e-con-boxed e-con e-child\" data-id=\"0ee88f9\" data-element_type=\"container\" data-settings=\"{&quot;jet_parallax_layout_list&quot;:[]}\">\n\t\t\t\t\t<div class=\"e-con-inner\">\n\t\t<div class=\"elementor-element elementor-element-68afce9 e-con-full e-flex e-con e-child\" data-id=\"68afce9\" data-element_type=\"container\" data-settings=\"{&quot;jet_parallax_layout_list&quot;:[]}\">\n\t\t<div class=\"elementor-element elementor-element-978719b e-con-full e-flex e-con e-child\" data-id=\"978719b\" data-element_type=\"container\" data-settings=\"{&quot;jet_parallax_layout_list&quot;:[]}\">\n\t\t\t\t<div class=\"elementor-element elementor-element-5c4a3c9 elementor-widget elementor-widget-text-editor\" data-id=\"5c4a3c9\" data-element_type=\"widget\" data-widget_type=\"text-editor.default\">\n\t\t\t\t<div class=\"elementor-widget-container\">\n\t\t\t\t\t\t\t\t\t<p style=\"font-family: 'Inter', Sans-serif; font-size: 35px; font-weight: 600; text-transform: none; line-height: 1.3em;\"><br \/><strong><span style=\"color: #05143c; font-family: 'All-Round-Gothic', sans-serif; text-transform: uppercase; font-weight: bold; font-size: 40px;\">PINKTUM World<\/span><\/strong> : en avance sur son temps<\/p>\t\t\t\t\t\t\t\t<\/div>\n\t\t\t\t<\/div>\n\t\t\t\t<div class=\"elementor-element elementor-element-391dab9 elementor-widget elementor-widget-text-editor\" data-id=\"391dab9\" data-element_type=\"widget\" data-widget_type=\"text-editor.default\">\n\t\t\t\t<div class=\"elementor-widget-container\">\n\t\t\t\t\t\t\t\t\t<p>Comme plateforme de livraison num\u00e9rique, PINKTUM World int\u00e8gre notre contenu premium dans le syst\u00e8me de gestion de l\u2019apprentissage de votre entreprise. C\u2019est une solution centrale automatis\u00e9e, con\u00e7ue pour vous permettre de consacrer plus de temps \u00e0 l\u2019essentiel en mati\u00e8re de d\u00e9veloppement RH.<\/p>\n\t\t\t\t\t\t\t\t<\/div>\n\t\t\t\t<\/div>\n\t\t\t\t<\/div>\n\t\t<div class=\"elementor-element elementor-element-b947cc3 e-con-full elementor-hidden-tablet elementor-hidden-mobile e-flex e-con e-child\" data-id=\"b947cc3\" data-element_type=\"container\" data-settings=\"{&quot;jet_parallax_layout_list&quot;:[]}\">\n\t\t\t\t<\/div>\n\t\t\t\t<\/div>\n\t\t\t\t\t<\/div>\n\t\t\t\t<\/div>\n\t\t<div class=\"elementor-element elementor-element-af8aa12 e-grid e-con-boxed e-con e-child\" data-id=\"af8aa12\" data-element_type=\"container\" data-settings=\"{&quot;jet_parallax_layout_list&quot;:[]}\">\n\t\t\t\t\t<div class=\"e-con-inner\">\n\t\t\t\t<div class=\"elementor-element elementor-element-24b615a elementor-position-top elementor-widget elementor-widget-image-box\" data-id=\"24b615a\" data-element_type=\"widget\" data-widget_type=\"image-box.default\">\n\t\t\t\t<div class=\"elementor-widget-container\">\n\t\t\t\t\t<div class=\"elementor-image-box-wrapper\"><figure class=\"elementor-image-box-img\"><img fetchpriority=\"high\" decoding=\"async\" width=\"512\" height=\"512\" src=\"https:\/\/www.pinktum.com\/wp-content\/uploads\/2025\/01\/S4_ICON_Digitale-Schnittstelle.svg\" class=\"attachment-full size-full wp-image-9101\" alt=\"\" \/><\/figure><div class=\"elementor-image-box-content\"><h3 class=\"elementor-image-box-title\">Interface <br>num\u00e9rique<\/h3><\/div><\/div>\t\t\t\t<\/div>\n\t\t\t\t<\/div>\n\t\t\t\t<div class=\"elementor-element elementor-element-00cca9b elementor-position-top elementor-widget elementor-widget-image-box\" data-id=\"00cca9b\" data-element_type=\"widget\" data-widget_type=\"image-box.default\">\n\t\t\t\t<div class=\"elementor-widget-container\">\n\t\t\t\t\t<div class=\"elementor-image-box-wrapper\"><figure class=\"elementor-image-box-img\"><img decoding=\"async\" width=\"512\" height=\"512\" src=\"https:\/\/www.pinktum.com\/wp-content\/uploads\/2025\/01\/S4_ICON_Automatische-Kurs-Updates.svg\" class=\"attachment-full size-full wp-image-9097\" alt=\"\" \/><\/figure><div class=\"elementor-image-box-content\"><h3 class=\"elementor-image-box-title\">Mises \u00e0 jour <br>automatiques<\/h3><\/div><\/div>\t\t\t\t<\/div>\n\t\t\t\t<\/div>\n\t\t\t\t<div class=\"elementor-element elementor-element-f3fd3a0 elementor-position-top elementor-widget elementor-widget-image-box\" data-id=\"f3fd3a0\" data-element_type=\"widget\" data-widget_type=\"image-box.default\">\n\t\t\t\t<div class=\"elementor-widget-container\">\n\t\t\t\t\t<div class=\"elementor-image-box-wrapper\"><figure class=\"elementor-image-box-img\"><img decoding=\"async\" width=\"512\" height=\"512\" src=\"https:\/\/www.pinktum.com\/wp-content\/uploads\/2025\/01\/S4_ICON_Webbasiertes-Admin-Dashboard.svg\" class=\"attachment-full size-full wp-image-9113\" alt=\"\" \/><\/figure><div class=\"elementor-image-box-content\"><h3 class=\"elementor-image-box-title\">Tableau de bord <br>en ligne<\/h3><\/div><\/div>\t\t\t\t<\/div>\n\t\t\t\t<\/div>\n\t\t\t\t<div class=\"elementor-element elementor-element-0be949a elementor-position-top elementor-widget elementor-widget-image-box\" data-id=\"0be949a\" data-element_type=\"widget\" data-widget_type=\"image-box.default\">\n\t\t\t\t<div class=\"elementor-widget-container\">\n\t\t\t\t\t<div class=\"elementor-image-box-wrapper\"><figure class=\"elementor-image-box-img\"><img loading=\"lazy\" decoding=\"async\" width=\"512\" height=\"512\" src=\"https:\/\/www.pinktum.com\/wp-content\/uploads\/2025\/01\/S4_ICON_Integrierte-Kommunikationsplattform.svg\" class=\"attachment-full size-full wp-image-9105\" alt=\"\" \/><\/figure><div class=\"elementor-image-box-content\"><h3 class=\"elementor-image-box-title\"><br>Plateforme de communication int\u00e9gr\u00e9e<\/h3><\/div><\/div>\t\t\t\t<\/div>\n\t\t\t\t<\/div>\n\t\t\t\t<div class=\"elementor-element elementor-element-0b23e65 elementor-position-top elementor-widget elementor-widget-image-box\" data-id=\"0b23e65\" data-element_type=\"widget\" data-widget_type=\"image-box.default\">\n\t\t\t\t<div class=\"elementor-widget-container\">\n\t\t\t\t\t<div class=\"elementor-image-box-wrapper\"><figure class=\"elementor-image-box-img\"><img loading=\"lazy\" decoding=\"async\" width=\"512\" height=\"512\" src=\"https:\/\/www.pinktum.com\/wp-content\/uploads\/2025\/01\/S4_ICON_Analyszentrum-erweiterbar.svg\" class=\"attachment-full size-full wp-image-9093\" alt=\"\" \/><\/figure><div class=\"elementor-image-box-content\"><h3 class=\"elementor-image-box-title\">Extension possible comme <br>centre d\u2019analyse<\/h3><\/div><\/div>\t\t\t\t<\/div>\n\t\t\t\t<\/div>\n\t\t\t\t<div class=\"elementor-element elementor-element-48202dd elementor-position-top elementor-widget elementor-widget-image-box\" data-id=\"48202dd\" data-element_type=\"widget\" data-widget_type=\"image-box.default\">\n\t\t\t\t<div class=\"elementor-widget-container\">\n\t\t\t\t\t<div class=\"elementor-image-box-wrapper\"><figure class=\"elementor-image-box-img\"><img loading=\"lazy\" decoding=\"async\" width=\"512\" height=\"512\" src=\"https:\/\/www.pinktum.com\/wp-content\/uploads\/2025\/01\/S4_ICON_Mehrsprachige-Oberflaeche.svg\" class=\"attachment-full size-full wp-image-9109\" alt=\"\" \/><\/figure><div class=\"elementor-image-box-content\"><h3 class=\"elementor-image-box-title\">Interface <br>multilingue<\/h3><\/div><\/div>\t\t\t\t<\/div>\n\t\t\t\t<\/div>\n\t\t\t\t\t<\/div>\n\t\t\t\t<\/div>\n\t\t\t\t<\/div>\n\t\t<div class=\"elementor-element elementor-element-0445c6b e-flex e-con-boxed e-con e-parent\" data-id=\"0445c6b\" data-element_type=\"container\" data-settings=\"{&quot;background_background&quot;:&quot;gradient&quot;,&quot;jet_parallax_layout_list&quot;:[]}\">\n\t\t\t\t\t<div class=\"e-con-inner\">\n\t\t<div class=\"elementor-element elementor-element-7dae530 e-con-full e-flex e-con e-child\" data-id=\"7dae530\" data-element_type=\"container\" data-settings=\"{&quot;jet_parallax_layout_list&quot;:[]}\">\n\t\t<div class=\"elementor-element elementor-element-2000320 e-con-full e-flex e-con e-child\" data-id=\"2000320\" data-element_type=\"container\" data-settings=\"{&quot;jet_parallax_layout_list&quot;:[]}\">\n\t\t\t\t<div class=\"elementor-element elementor-element-1d710e5 elementor-widget elementor-widget-text-editor\" data-id=\"1d710e5\" data-element_type=\"widget\" data-widget_type=\"text-editor.default\">\n\t\t\t\t<div class=\"elementor-widget-container\">\n\t\t\t\t\t\t\t\t\t<p>Un univers d\u2019apprentissage orient\u00e9 vers l\u2019avenir pour le d\u00e9veloppement RH num\u00e9rique !<\/p>\t\t\t\t\t\t\t\t<\/div>\n\t\t\t\t<\/div>\n\t\t\t\t<div class=\"elementor-element elementor-element-01591e8 elementor-widget elementor-widget-text-editor\" data-id=\"01591e8\" data-element_type=\"widget\" data-widget_type=\"text-editor.default\">\n\t\t\t\t<div class=\"elementor-widget-container\">\n\t\t\t\t\t\t\t\t\t<p>Des formations en ligne modernes n\u00e9cessitent une organisation qui ne le soit pas moins. PINKTUM World r\u00e9unit les deux. Chez PINKTUM, les entreprises b\u00e9n\u00e9ficient ainsi d\u2019un acc\u00e8s de pointe \u00e0 notre biblioth\u00e8que d\u2019e-learnings. Une fois connect\u00e9, vous profiterez imm\u00e9diatement d\u2019un univers d\u2019apprentissage \u00e9volutif, dot\u00e9 de nombreuses fonctions utiles, pour booster votre d\u00e9velopement RH.<\/p>\n\t\t\t\t\t\t\t\t<\/div>\n\t\t\t\t<\/div>\n\t\t\t\t<div class=\"elementor-element elementor-element-b29efec elementor-widget elementor-widget-button\" data-id=\"b29efec\" data-element_type=\"widget\" data-widget_type=\"button.default\">\n\t\t\t\t<div class=\"elementor-widget-container\">\n\t\t\t\t\t\t\t\t\t<div class=\"elementor-button-wrapper\">\n\t\t\t\t\t<a class=\"elementor-button elementor-button-link elementor-size-sm elementor-animation-grow\" href=\"https:\/\/www.pinktum.com\/fr\/compte-dessai\/\">\n\t\t\t\t\t\t<span class=\"elementor-button-content-wrapper\">\n\t\t\t\t\t\t\t\t\t<span class=\"elementor-button-text\">Demander un compte d\u2019essai<\/span>\n\t\t\t\t\t<\/span>\n\t\t\t\t\t<\/a>\n\t\t\t\t<\/div>\n\t\t\t\t\t\t\t\t<\/div>\n\t\t\t\t<\/div>\n\t\t\t\t<\/div>\n\t\t<div class=\"elementor-element elementor-element-b68a7f7 e-con-full e-flex e-con e-child\" data-id=\"b68a7f7\" data-element_type=\"container\" data-settings=\"{&quot;jet_parallax_layout_list&quot;:[],&quot;background_background&quot;:&quot;classic&quot;}\">\n\t\t\t\t<\/div>\n\t\t\t\t<\/div>\n\t\t\t\t\t<\/div>\n\t\t\t\t<\/div>\n\t\t\t\t<\/div>\n\t\t","protected":false},"excerpt":{"rendered":"<p>Int\u00e9gration Toutes nos formations en ligne au m\u00eame endroit et une interface connect\u00e9e : un confort administratif in\u00e9gal\u00e9 pour votre d\u00e9veloppement RH. Univers d\u2019apprentissage num\u00e9rique, nous voici ! PINKTUM World est une plateforme d\u2019apprentissage qui permet la livraison, l\u2019int\u00e9gration, l\u2019actualisation et la gestion automatis\u00e9es de nos formations en ligne. L\u2019interface num\u00e9rique de PINKTUM World vous [&hellip;]<\/p>\n","protected":false},"author":1,"featured_media":6234,"parent":14622,"menu_order":4,"comment_status":"closed","ping_status":"closed","template":"","meta":{"_monsterinsights_skip_tracking":false,"_monsterinsights_sitenote_active":false,"_monsterinsights_sitenote_note":"","_monsterinsights_sitenote_category":0,"footnotes":""},"referenzen":[],"class_list":["post-13436","page","type-page","status-publish","has-post-thumbnail","hentry"],"_links":{"self":[{"href":"https:\/\/www.pinktum.com\/fr\/wp-json\/wp\/v2\/pages\/13436","targetHints":{"allow":["GET"]}}],"collection":[{"href":"https:\/\/www.pinktum.com\/fr\/wp-json\/wp\/v2\/pages"}],"about":[{"href":"https:\/\/www.pinktum.com\/fr\/wp-json\/wp\/v2\/types\/page"}],"author":[{"embeddable":true,"href":"https:\/\/www.pinktum.com\/fr\/wp-json\/wp\/v2\/users\/1"}],"replies":[{"embeddable":true,"href":"https:\/\/www.pinktum.com\/fr\/wp-json\/wp\/v2\/comments?post=13436"}],"version-history":[{"count":0,"href":"https:\/\/www.pinktum.com\/fr\/wp-json\/wp\/v2\/pages\/13436\/revisions"}],"up":[{"embeddable":true,"href":"https:\/\/www.pinktum.com\/fr\/wp-json\/wp\/v2\/pages\/14622"}],"wp:featuredmedia":[{"embeddable":true,"href":"https:\/\/www.pinktum.com\/fr\/wp-json\/wp\/v2\/media\/6234"}],"wp:attachment":[{"href":"https:\/\/www.pinktum.com\/fr\/wp-json\/wp\/v2\/media?parent=13436"}],"wp:term":[{"taxonomy":"referenzen","embeddable":true,"href":"https:\/\/www.pinktum.com\/fr\/wp-json\/wp\/v2\/referenzen?post=13436"}],"curies":[{"name":"wp","href":"https:\/\/api.w.org\/{rel}","templated":true}]}}