{"id":13427,"date":"2025-01-09T09:28:54","date_gmt":"2025-01-09T08:28:54","guid":{"rendered":"https:\/\/wordpress.pinktum.dev\/13427-2\/"},"modified":"2025-03-25T11:09:35","modified_gmt":"2025-03-25T10:09:35","slug":"qui-nous-sommes","status":"publish","type":"page","link":"https:\/\/www.pinktum.com\/fr\/dialogue\/qui-nous-sommes\/","title":{"rendered":"Qui nous sommes"},"content":{"rendered":"\t\t<div data-elementor-type=\"wp-page\" data-elementor-id=\"13427\" class=\"elementor elementor-13427 elementor-4941\" data-elementor-post-type=\"page\">\n\t\t\t\t<div class=\"elementor-element elementor-element-532e938 e-flex e-con-boxed e-con e-child\" data-id=\"532e938\" data-element_type=\"container\" data-settings=\"{&quot;background_background&quot;:&quot;classic&quot;,&quot;jet_parallax_layout_list&quot;:[]}\">\n\t\t\t\t\t<div class=\"e-con-inner\">\n\t\t\t\t<div class=\"elementor-element elementor-element-c3bc8ec elementor-widget elementor-widget-heading\" data-id=\"c3bc8ec\" data-element_type=\"widget\" data-widget_type=\"heading.default\">\n\t\t\t\t<div class=\"elementor-widget-container\">\n\t\t\t\t\t<h1 class=\"elementor-heading-title elementor-size-default\">Qui nous sommes<\/h1>\t\t\t\t<\/div>\n\t\t\t\t<\/div>\n\t\t\t\t<div class=\"elementor-element elementor-element-35ef47d elementor-widget__width-initial elementor-widget elementor-widget-heading\" data-id=\"35ef47d\" data-element_type=\"widget\" data-widget_type=\"heading.default\">\n\t\t\t\t<div class=\"elementor-widget-container\">\n\t\t\t\t\t<h2 class=\"elementor-heading-title elementor-size-default\">Passion pour l\u2019e-learning et enthousiasme pour l\u2019apprentissage p\u00e9renne : notre \u00e9quipe fa\u00e7onne l\u2019avenir de l\u2019apprentissage gr\u00e2ce \u00e0 une innovation de tous les instants. Plongez avec nous dans le Learning Journey de PINKTUM !<\/h2>\t\t\t\t<\/div>\n\t\t\t\t<\/div>\n\t\t\t\t\t<\/div>\n\t\t\t\t<\/div>\n\t\t<div class=\"elementor-element elementor-element-824fe0f e-flex e-con-boxed e-con e-parent\" data-id=\"824fe0f\" data-element_type=\"container\" data-settings=\"{&quot;jet_parallax_layout_list&quot;:[]}\">\n\t\t\t\t\t<div class=\"e-con-inner\">\n\t\t<div class=\"elementor-element elementor-element-f291d75 e-con-full e-flex e-con e-child\" data-id=\"f291d75\" data-element_type=\"container\" data-settings=\"{&quot;jet_parallax_layout_list&quot;:[]}\">\n\t\t\t\t<div class=\"elementor-element elementor-element-4794adf elementor-widget elementor-widget-heading\" data-id=\"4794adf\" data-element_type=\"widget\" data-widget_type=\"heading.default\">\n\t\t\t\t<div class=\"elementor-widget-container\">\n\t\t\t\t\t<h2 class=\"elementor-heading-title elementor-size-default\">Notre vision<\/h2>\t\t\t\t<\/div>\n\t\t\t\t<\/div>\n\t\t\t\t<div class=\"elementor-element elementor-element-1837e2e elementor-widget elementor-widget-text-editor\" data-id=\"1837e2e\" data-element_type=\"widget\" data-widget_type=\"text-editor.default\">\n\t\t\t\t<div class=\"elementor-widget-container\">\n\t\t\t\t\t\t\t\t\t<p>PINKTUM suscite l\u2019enthousiasme dans le monde entier avec des exp\u00e9riences d\u2019apprentissage num\u00e9rique exceptionnelles et novatrices, pour un d\u00e9veloppement personnel p\u00e9renne. Nous pla\u00e7ons toujours les apprenants au centre de nos consid\u00e9rations.<\/p>\n\t\t\t\t\t\t\t\t<\/div>\n\t\t\t\t<\/div>\n\t\t\t\t<\/div>\n\t\t<div class=\"elementor-element elementor-element-b26d18f e-con-full e-flex e-con e-child\" data-id=\"b26d18f\" data-element_type=\"container\" data-settings=\"{&quot;jet_parallax_layout_list&quot;:[],&quot;background_background&quot;:&quot;classic&quot;}\">\n\t\t\t\t<\/div>\n\t\t\t\t\t<\/div>\n\t\t\t\t<\/div>\n\t\t<div class=\"elementor-element elementor-element-a672fc1 e-flex e-con-boxed e-con e-parent\" data-id=\"a672fc1\" data-element_type=\"container\" data-settings=\"{&quot;background_background&quot;:&quot;classic&quot;,&quot;jet_parallax_layout_list&quot;:[]}\">\n\t\t\t\t\t<div class=\"e-con-inner\">\n\t\t<div class=\"elementor-element elementor-element-37ac500 e-con-full e-flex e-con e-child\" data-id=\"37ac500\" data-element_type=\"container\" data-settings=\"{&quot;jet_parallax_layout_list&quot;:[]}\">\n\t\t<div class=\"elementor-element elementor-element-84fe8bf e-con-full e-flex e-con e-child\" data-id=\"84fe8bf\" data-element_type=\"container\" data-settings=\"{&quot;jet_parallax_layout_list&quot;:[]}\">\n\t\t\t\t<div class=\"elementor-element elementor-element-4e72453 elementor-widget elementor-widget-text-editor\" data-id=\"4e72453\" data-element_type=\"widget\" data-widget_type=\"text-editor.default\">\n\t\t\t\t<div class=\"elementor-widget-container\">\n\t\t\t\t\t\t\t\t\t<p>Comment concevons-nous l\u2019apprentissage du futur ?<\/p>\n\t\t\t\t\t\t\t\t<\/div>\n\t\t\t\t<\/div>\n\t\t<div class=\"elementor-element elementor-element-1541a04 e-con-full e-flex e-con e-child\" data-id=\"1541a04\" data-element_type=\"container\" data-settings=\"{&quot;jet_parallax_layout_list&quot;:[]}\">\n\t\t<div class=\"elementor-element elementor-element-c25588e e-grid e-con-full e-con e-child\" data-id=\"c25588e\" data-element_type=\"container\" data-settings=\"{&quot;jet_parallax_layout_list&quot;:[]}\">\n\t\t\t\t<div class=\"elementor-element elementor-element-6f8276d elementor-position-left elementor-vertical-align-middle elementor-widget elementor-widget-image-box\" data-id=\"6f8276d\" data-element_type=\"widget\" data-widget_type=\"image-box.default\">\n\t\t\t\t<div class=\"elementor-widget-container\">\n\t\t\t\t\t<div class=\"elementor-image-box-wrapper\"><figure class=\"elementor-image-box-img\"><img fetchpriority=\"high\" decoding=\"async\" width=\"512\" height=\"512\" src=\"https:\/\/www.pinktum.com\/wp-content\/uploads\/2025\/01\/S3_Didaktik.svg\" class=\"attachment-full size-full wp-image-9567\" alt=\"\" \/><\/figure><div class=\"elementor-image-box-content\"><h3 class=\"elementor-image-box-title\">Didactique<\/h3><p class=\"elementor-image-box-description\">Depuis plus de 25 ans, notre groupe \u00e9tudie la mani\u00e8re dont les gens apprennent. Chaque formation en ligne b\u00e9n\u00e9ficie d\u2019une expertise didactique hors pair et des techniques d\u2019apprentissage les plus modernes.<\/p><\/div><\/div>\t\t\t\t<\/div>\n\t\t\t\t<\/div>\n\t\t\t\t<div class=\"elementor-element elementor-element-573c62b elementor-position-left elementor-vertical-align-middle elementor-widget elementor-widget-image-box\" data-id=\"573c62b\" data-element_type=\"widget\" data-widget_type=\"image-box.default\">\n\t\t\t\t<div class=\"elementor-widget-container\">\n\t\t\t\t\t<div class=\"elementor-image-box-wrapper\"><figure class=\"elementor-image-box-img\"><img decoding=\"async\" width=\"512\" height=\"512\" src=\"https:\/\/www.pinktum.com\/wp-content\/uploads\/2025\/01\/S3_Innovation.svg\" class=\"attachment-full size-full wp-image-9571\" alt=\"\" \/><\/figure><div class=\"elementor-image-box-content\"><h3 class=\"elementor-image-box-title\">Innovation<\/h3><p class=\"elementor-image-box-description\">Comment les gens apprendront-ils \u00e0 l\u2019avenir ? Nous avons d\u00e9velopp\u00e9 le Learning Journey pour r\u00e9pondre concr\u00e8tement \u00e0 cette question. En nous basant sur l\u2019exp\u00e9rience de professionnels de l\u2019apprentissage et de nouvelles technologies cl\u00e9s.<\/p><\/div><\/div>\t\t\t\t<\/div>\n\t\t\t\t<\/div>\n\t\t\t\t<div class=\"elementor-element elementor-element-e06eb8f elementor-position-left elementor-vertical-align-middle elementor-widget elementor-widget-image-box\" data-id=\"e06eb8f\" data-element_type=\"widget\" data-widget_type=\"image-box.default\">\n\t\t\t\t<div class=\"elementor-widget-container\">\n\t\t\t\t\t<div class=\"elementor-image-box-wrapper\"><figure class=\"elementor-image-box-img\"><img decoding=\"async\" width=\"512\" height=\"512\" src=\"https:\/\/www.pinktum.com\/wp-content\/uploads\/2025\/01\/S3_Quality.svg\" class=\"attachment-full size-full wp-image-9579\" alt=\"\" \/><\/figure><div class=\"elementor-image-box-content\"><h3 class=\"elementor-image-box-title\">Qualit\u00e9<\/h3><p class=\"elementor-image-box-description\">Les formations en ligne de  PINKTUM sont comparables, en termes de qualit\u00e9, \u00e0 une excellent formation en pr\u00e9sentiel. Nous vous proposons cette exp\u00e9rience hors pair \u00e0 des conditions \u00e9quitables.<\/p><\/div><\/div>\t\t\t\t<\/div>\n\t\t\t\t<\/div>\n\t\t\t\t<div class=\"elementor-element elementor-element-39750b0 elementor-position-left elementor-vertical-align-middle elementor-widget elementor-widget-image-box\" data-id=\"39750b0\" data-element_type=\"widget\" data-widget_type=\"image-box.default\">\n\t\t\t\t<div class=\"elementor-widget-container\">\n\t\t\t\t\t<div class=\"elementor-image-box-wrapper\"><figure class=\"elementor-image-box-img\"><img loading=\"lazy\" decoding=\"async\" width=\"512\" height=\"512\" src=\"https:\/\/www.pinktum.com\/wp-content\/uploads\/2025\/01\/S3_Leidenschaft.svg\" class=\"attachment-full size-full wp-image-9575\" alt=\"\" \/><\/figure><div class=\"elementor-image-box-content\"><h3 class=\"elementor-image-box-title\">Passion<\/h3><p class=\"elementor-image-box-description\">Consolider ce qui a fait ses preuves et continuer \u00e0 le d\u00e9velopper pour l\u2019avenir, de mani\u00e8re responsable. Cette passion se refl\u00e8te dans tous nos produits d\u2019apprentissage num\u00e9rique.<\/p><\/div><\/div>\t\t\t\t<\/div>\n\t\t\t\t<\/div>\n\t\t\t\t<\/div>\n\t\t\t\t<\/div>\n\t\t\t\t<\/div>\n\t\t\t\t<\/div>\n\t\t\t\t\t<\/div>\n\t\t\t\t<\/div>\n\t\t<div class=\"elementor-element elementor-element-353701a e-flex e-con-boxed e-con e-parent\" data-id=\"353701a\" data-element_type=\"container\" data-settings=\"{&quot;jet_parallax_layout_list&quot;:[]}\">\n\t\t\t\t\t<div class=\"e-con-inner\">\n\t\t\t\t<div class=\"elementor-element elementor-element-fd40f8f elementor-widget elementor-widget-video\" data-id=\"fd40f8f\" data-element_type=\"widget\" data-settings=\"{&quot;video_type&quot;:&quot;hosted&quot;,&quot;controls&quot;:&quot;yes&quot;}\" data-widget_type=\"video.default\">\n\t\t\t\t<div class=\"elementor-widget-container\">\n\t\t\t\t\t\t\t<div class=\"e-hosted-video elementor-wrapper elementor-open-inline\">\n\t\t\t\t\t<video class=\"elementor-video\" src=\"https:\/\/www.pinktum.com\/wp-content\/uploads\/2025\/02\/FR_Ueber-uns.mp4\" controls=\"\" preload=\"metadata\" controlsList=\"nodownload\"><\/video>\n\t\t\t\t<\/div>\n\t\t\t\t\t\t<\/div>\n\t\t\t\t<\/div>\n\t\t\t\t\t<\/div>\n\t\t\t\t<\/div>\n\t\t<div class=\"elementor-element elementor-element-3fcb549 e-con-full e-flex e-con e-child\" data-id=\"3fcb549\" data-element_type=\"container\" data-settings=\"{&quot;background_background&quot;:&quot;classic&quot;,&quot;jet_parallax_layout_list&quot;:[]}\">\n\t\t<div class=\"elementor-element elementor-element-4236334 e-con-full e-flex e-con e-child\" data-id=\"4236334\" data-element_type=\"container\" data-settings=\"{&quot;jet_parallax_layout_list&quot;:[]}\">\n\t\t<div class=\"elementor-element elementor-element-341ba6c e-con-full e-flex e-con e-child\" data-id=\"341ba6c\" data-element_type=\"container\" data-settings=\"{&quot;jet_parallax_layout_list&quot;:[]}\">\n\t\t\t\t<div class=\"elementor-element elementor-element-a6dfac1 elementor-widget elementor-widget-heading\" data-id=\"a6dfac1\" data-element_type=\"widget\" data-widget_type=\"heading.default\">\n\t\t\t\t<div class=\"elementor-widget-container\">\n\t\t\t\t\t<h1 class=\"elementor-heading-title elementor-size-default\">L\u2019\u00eatre humain comme point de mire<\/h1>\t\t\t\t<\/div>\n\t\t\t\t<\/div>\n\t\t\t\t<div class=\"elementor-element elementor-element-fd43339 elementor-widget__width-initial elementor-widget elementor-widget-heading\" data-id=\"fd43339\" data-element_type=\"widget\" data-widget_type=\"heading.default\">\n\t\t\t\t<div class=\"elementor-widget-container\">\n\t\t\t\t\t<h2 class=\"elementor-heading-title elementor-size-default\">L\u2019apprentissage continu est un besoin naturel de l\u2019\u00eatre humain. Notre \u00e9quipe se r\u00e9jouit de transformer avec vous l\u2019avenir de l\u2019apprentissage num\u00e9rique. Avec beaucoup de d\u00e9vouement et un grand sens des responsabilit\u00e9s, pour un d\u00e9veloppement personnel qui place toujours l\u2019\u00eatre humain au centre.<\/h2>\t\t\t\t<\/div>\n\t\t\t\t<\/div>\n\t\t\t\t<\/div>\n\t\t\t\t<\/div>\n\t\t<div class=\"elementor-element elementor-element-6bc4c1b e-con-full e-flex e-con e-child\" data-id=\"6bc4c1b\" data-element_type=\"container\" data-settings=\"{&quot;jet_parallax_layout_list&quot;:[],&quot;background_background&quot;:&quot;classic&quot;}\">\n\t\t\t\t<\/div>\n\t\t\t\t<\/div>\n\t\t<div class=\"elementor-element elementor-element-20b715c e-flex e-con-boxed e-con e-parent\" data-id=\"20b715c\" data-element_type=\"container\" data-settings=\"{&quot;jet_parallax_layout_list&quot;:[]}\">\n\t\t\t\t\t<div class=\"e-con-inner\">\n\t\t<div class=\"elementor-element elementor-element-345b22d e-con-full e-flex e-con e-child\" data-id=\"345b22d\" data-element_type=\"container\" data-settings=\"{&quot;jet_parallax_layout_list&quot;:[]}\">\n\t\t<div class=\"elementor-element elementor-element-cdd0f8f e-con-full e-flex e-con e-child\" data-id=\"cdd0f8f\" data-element_type=\"container\" data-settings=\"{&quot;jet_parallax_layout_list&quot;:[],&quot;background_background&quot;:&quot;classic&quot;}\">\n\t\t\t\t<\/div>\n\t\t<div class=\"elementor-element elementor-element-a006605 e-con-full e-flex e-con e-child\" data-id=\"a006605\" data-element_type=\"container\" data-settings=\"{&quot;jet_parallax_layout_list&quot;:[]}\">\n\t\t\t\t<div class=\"elementor-element elementor-element-520e807 elementor-widget elementor-widget-text-editor\" data-id=\"520e807\" data-element_type=\"widget\" data-widget_type=\"text-editor.default\">\n\t\t\t\t<div class=\"elementor-widget-container\">\n\t\t\t\t\t\t\t\t\t<p>PINKTUM comme employeur<\/p>\n\t\t\t\t\t\t\t\t<\/div>\n\t\t\t\t<\/div>\n\t\t\t\t<div class=\"elementor-element elementor-element-81a8699 elementor-widget elementor-widget-text-editor\" data-id=\"81a8699\" data-element_type=\"widget\" data-widget_type=\"text-editor.default\">\n\t\t\t\t<div class=\"elementor-widget-container\">\n\t\t\t\t\t\t\t\t\t<p>PINKTUM allie la passion et l\u2019\u00e9nergie d\u2019une start-up au professionnalisme et \u00e0 l\u2019expertise d\u2019un grand groupe. C\u2019est ce qui fait notre particularit\u00e9 en tant qu\u2019employeur !<\/p>\n\t\t\t\t\t\t\t\t<\/div>\n\t\t\t\t<\/div>\n\t\t\t\t<div class=\"elementor-element elementor-element-34b6305 elementor-widget elementor-widget-button\" data-id=\"34b6305\" data-element_type=\"widget\" data-widget_type=\"button.default\">\n\t\t\t\t<div class=\"elementor-widget-container\">\n\t\t\t\t\t\t\t\t\t<div class=\"elementor-button-wrapper\">\n\t\t\t\t\t<a class=\"elementor-button elementor-button-link elementor-size-sm elementor-animation-grow\" href=\"https:\/\/career.pinktum.com\/\" target=\"_blank\" rel=\"noopener\">\n\t\t\t\t\t\t<span class=\"elementor-button-content-wrapper\">\n\t\t\t\t\t\t\t\t\t<span class=\"elementor-button-text\">Voir les offres d\u2019emploi<\/span>\n\t\t\t\t\t<\/span>\n\t\t\t\t\t<\/a>\n\t\t\t\t<\/div>\n\t\t\t\t\t\t\t\t<\/div>\n\t\t\t\t<\/div>\n\t\t\t\t<\/div>\n\t\t\t\t<\/div>\n\t\t\t\t\t<\/div>\n\t\t\t\t<\/div>\n\t\t<div class=\"elementor-element elementor-element-a5b36bc e-flex e-con-boxed e-con e-parent\" data-id=\"a5b36bc\" data-element_type=\"container\" data-settings=\"{&quot;jet_parallax_layout_list&quot;:[],&quot;background_background&quot;:&quot;classic&quot;}\">\n\t\t\t\t\t<div class=\"e-con-inner\">\n\t\t<div class=\"elementor-element elementor-element-1149c67 e-con-full e-flex e-con e-child\" data-id=\"1149c67\" data-element_type=\"container\" data-settings=\"{&quot;jet_parallax_layout_list&quot;:[]}\">\n\t\t<div class=\"elementor-element elementor-element-3cc829b e-con-full e-flex e-con e-child\" data-id=\"3cc829b\" data-element_type=\"container\" data-settings=\"{&quot;jet_parallax_layout_list&quot;:[]}\">\n\t\t\t\t<div class=\"elementor-element elementor-element-39ff18b elementor-widget elementor-widget-text-editor\" data-id=\"39ff18b\" data-element_type=\"widget\" data-widget_type=\"text-editor.default\">\n\t\t\t\t<div class=\"elementor-widget-container\">\n\t\t\t\t\t\t\t\t\t<p>Bienvenue !<\/p>\n\t\t\t\t\t\t\t\t<\/div>\n\t\t\t\t<\/div>\n\t\t\t\t<div class=\"elementor-element elementor-element-2319b6c elementor-widget elementor-widget-text-editor\" data-id=\"2319b6c\" data-element_type=\"widget\" data-widget_type=\"text-editor.default\">\n\t\t\t\t<div class=\"elementor-widget-container\">\n\t\t\t\t\t\t\t\t\t<p>PINKTUM cr\u00e9e des formations num\u00e9riques pour d\u00e9velopper les comp\u00e9tences transversales et les comp\u00e9tences du futur sur ses deux sites principaux de Hambourg et de Munich, sur la base d\u2019un r\u00e9seau d\u2019expertise mondial. Nos formations sont utilis\u00e9es pour le d\u00e9veloppement RH dans le monde entier.<\/p>\n\t\t\t\t\t\t\t\t<\/div>\n\t\t\t\t<\/div>\n\t\t\t\t<div class=\"elementor-element elementor-element-4c12357 elementor-widget elementor-widget-button\" data-id=\"4c12357\" data-element_type=\"widget\" data-widget_type=\"button.default\">\n\t\t\t\t<div class=\"elementor-widget-container\">\n\t\t\t\t\t\t\t\t\t<div class=\"elementor-button-wrapper\">\n\t\t\t\t\t<a class=\"elementor-button elementor-button-link elementor-size-sm elementor-animation-grow\" href=\"https:\/\/www.pinktum.com\/fr\/contact\/\">\n\t\t\t\t\t\t<span class=\"elementor-button-content-wrapper\">\n\t\t\t\t\t\t\t\t\t<span class=\"elementor-button-text\">Contact<\/span>\n\t\t\t\t\t<\/span>\n\t\t\t\t\t<\/a>\n\t\t\t\t<\/div>\n\t\t\t\t\t\t\t\t<\/div>\n\t\t\t\t<\/div>\n\t\t\t\t<\/div>\n\t\t<div class=\"elementor-element elementor-element-8844dcc e-con-full e-flex e-con e-child\" data-id=\"8844dcc\" data-element_type=\"container\" data-settings=\"{&quot;jet_parallax_layout_list&quot;:[],&quot;background_background&quot;:&quot;classic&quot;}\">\n\t\t\t\t<\/div>\n\t\t<div class=\"elementor-element elementor-element-e3f04c0 e-con-full e-flex e-con e-child\" data-id=\"e3f04c0\" data-element_type=\"container\" data-settings=\"{&quot;jet_parallax_layout_list&quot;:[],&quot;background_background&quot;:&quot;classic&quot;}\">\n\t\t\t\t<\/div>\n\t\t\t\t<\/div>\n\t\t\t\t\t<\/div>\n\t\t\t\t<\/div>\n\t\t\t\t<\/div>\n\t\t","protected":false},"excerpt":{"rendered":"<p>Qui nous sommes Passion pour l\u2019e-learning et enthousiasme pour l\u2019apprentissage p\u00e9renne : notre \u00e9quipe fa\u00e7onne l\u2019avenir de l\u2019apprentissage gr\u00e2ce \u00e0 une innovation de tous les instants. Plongez avec nous dans le Learning Journey de PINKTUM ! Notre vision PINKTUM suscite l\u2019enthousiasme dans le monde entier avec des exp\u00e9riences d\u2019apprentissage num\u00e9rique exceptionnelles et novatrices, pour un [&hellip;]<\/p>\n","protected":false},"author":1,"featured_media":6246,"parent":14616,"menu_order":1,"comment_status":"closed","ping_status":"closed","template":"","meta":{"_monsterinsights_skip_tracking":false,"_monsterinsights_sitenote_active":false,"_monsterinsights_sitenote_note":"","_monsterinsights_sitenote_category":0,"footnotes":""},"referenzen":[],"class_list":["post-13427","page","type-page","status-publish","has-post-thumbnail","hentry"],"_links":{"self":[{"href":"https:\/\/www.pinktum.com\/fr\/wp-json\/wp\/v2\/pages\/13427","targetHints":{"allow":["GET"]}}],"collection":[{"href":"https:\/\/www.pinktum.com\/fr\/wp-json\/wp\/v2\/pages"}],"about":[{"href":"https:\/\/www.pinktum.com\/fr\/wp-json\/wp\/v2\/types\/page"}],"author":[{"embeddable":true,"href":"https:\/\/www.pinktum.com\/fr\/wp-json\/wp\/v2\/users\/1"}],"replies":[{"embeddable":true,"href":"https:\/\/www.pinktum.com\/fr\/wp-json\/wp\/v2\/comments?post=13427"}],"version-history":[{"count":0,"href":"https:\/\/www.pinktum.com\/fr\/wp-json\/wp\/v2\/pages\/13427\/revisions"}],"up":[{"embeddable":true,"href":"https:\/\/www.pinktum.com\/fr\/wp-json\/wp\/v2\/pages\/14616"}],"wp:featuredmedia":[{"embeddable":true,"href":"https:\/\/www.pinktum.com\/fr\/wp-json\/wp\/v2\/media\/6246"}],"wp:attachment":[{"href":"https:\/\/www.pinktum.com\/fr\/wp-json\/wp\/v2\/media?parent=13427"}],"wp:term":[{"taxonomy":"referenzen","embeddable":true,"href":"https:\/\/www.pinktum.com\/fr\/wp-json\/wp\/v2\/referenzen?post=13427"}],"curies":[{"name":"wp","href":"https:\/\/api.w.org\/{rel}","templated":true}]}}