{"id":12868,"date":"2024-12-11T18:43:30","date_gmt":"2024-12-11T17:43:30","guid":{"rendered":"https:\/\/wordpress.pinktum.dev\/nos-produits\/"},"modified":"2026-01-14T11:30:12","modified_gmt":"2026-01-14T10:30:12","slug":"nos-produits","status":"publish","type":"page","link":"https:\/\/www.pinktum.com\/fr\/service\/nos-produits\/","title":{"rendered":"Nos produits"},"content":{"rendered":"\t\t<div data-elementor-type=\"wp-page\" data-elementor-id=\"12868\" class=\"elementor elementor-12868 elementor-3203\" data-elementor-post-type=\"page\">\n\t\t\t\t<div class=\"elementor-element elementor-element-532e938 e-flex e-con-boxed e-con e-child\" data-id=\"532e938\" data-element_type=\"container\" data-settings=\"{&quot;background_background&quot;:&quot;classic&quot;,&quot;jet_parallax_layout_list&quot;:[]}\">\n\t\t\t\t\t<div class=\"e-con-inner\">\n\t\t\t\t<div class=\"elementor-element elementor-element-c3bc8ec elementor-widget elementor-widget-heading\" data-id=\"c3bc8ec\" data-element_type=\"widget\" data-widget_type=\"heading.default\">\n\t\t\t\t<div class=\"elementor-widget-container\">\n\t\t\t\t\t<h1 class=\"elementor-heading-title elementor-size-default\">Nos produits<\/h1>\t\t\t\t<\/div>\n\t\t\t\t<\/div>\n\t\t\t\t<div class=\"elementor-element elementor-element-35ef47d elementor-widget__width-initial elementor-widget elementor-widget-heading\" data-id=\"35ef47d\" data-element_type=\"widget\" data-widget_type=\"heading.default\">\n\t\t\t\t<div class=\"elementor-widget-container\">\n\t\t\t\t\t<h2 class=\"elementor-heading-title elementor-size-default\">Liste compacte ou catalogue d\u00e9taill\u00e9 : faites-vous une id\u00e9e de notre offre ! PINKTUM vous propose plus de 1300 formations en ligne sp\u00e9cialement con\u00e7ues pour le d\u00e9veloppement des comp\u00e9tences transversales et des comp\u00e9tences du futur dans les entreprises.<\/h2>\t\t\t\t<\/div>\n\t\t\t\t<\/div>\n\t\t\t\t\t<\/div>\n\t\t\t\t<\/div>\n\t\t<div class=\"elementor-element elementor-element-cc03671 e-flex e-con-boxed e-con e-parent\" data-id=\"cc03671\" data-element_type=\"container\" data-settings=\"{&quot;background_background&quot;:&quot;classic&quot;,&quot;jet_parallax_layout_list&quot;:[]}\">\n\t\t\t\t\t<div class=\"e-con-inner\">\n\t\t<div class=\"elementor-element elementor-element-146ba68 e-con-full e-flex e-con e-child\" data-id=\"146ba68\" data-element_type=\"container\" data-settings=\"{&quot;jet_parallax_layout_list&quot;:[]}\">\n\t\t<div class=\"elementor-element elementor-element-d50ee3e e-con-full e-flex e-con e-child\" data-id=\"d50ee3e\" data-element_type=\"container\" data-settings=\"{&quot;jet_parallax_layout_list&quot;:[]}\">\n\t\t\t\t<div class=\"elementor-element elementor-element-009e0ce elementor-widget elementor-widget-text-editor\" data-id=\"009e0ce\" data-element_type=\"widget\" data-widget_type=\"text-editor.default\">\n\t\t\t\t<div class=\"elementor-widget-container\">\n\t\t\t\t\t\t\t\t\t<p>Liste de produits <strong>personnalis\u00e9e<\/strong><\/p>\n\t\t\t\t\t\t\t\t<\/div>\n\t\t\t\t<\/div>\n\t\t\t\t<div class=\"elementor-element elementor-element-3b271e1 elementor-widget elementor-widget-text-editor\" data-id=\"3b271e1\" data-element_type=\"widget\" data-widget_type=\"text-editor.default\">\n\t\t\t\t<div class=\"elementor-widget-container\">\n\t\t\t\t\t\t\t\t\t<p>Cr\u00e9ez une liste de produits personnalis\u00e9e avec vos formations en ligne favorites. Vous pouvez les s\u00e9lectionner librement dans l\u2019ensemble du portefeuille d\u2019e-learnings de PINKTUM, afin de cibler exactement vos besoins et vos int\u00e9r\u00eats. Cela fonctionne avec toutes les langues disponibles !<\/p>\n\t\t\t\t\t\t\t\t<\/div>\n\t\t\t\t<\/div>\n\t\t<div class=\"elementor-element elementor-element-d146c74 e-con-full e-flex e-con e-child\" data-id=\"d146c74\" data-element_type=\"container\" data-settings=\"{&quot;jet_parallax_layout_list&quot;:[]}\">\n\t\t\t\t<div class=\"elementor-element elementor-element-a82fcc8 elementor-align-center elementor-widget__width-auto elementor-widget elementor-widget-button\" data-id=\"a82fcc8\" data-element_type=\"widget\" data-widget_type=\"button.default\">\n\t\t\t\t<div class=\"elementor-widget-container\">\n\t\t\t\t\t\t\t\t\t<div class=\"elementor-button-wrapper\">\n\t\t\t\t\t<a class=\"elementor-button elementor-button-link elementor-size-sm\" href=\"https:\/\/www.pinktum.com\/fr\/liste-de-produits\/\">\n\t\t\t\t\t\t<span class=\"elementor-button-content-wrapper\">\n\t\t\t\t\t\t\t\t\t<span class=\"elementor-button-text\">Cr\u00e9er maintenant<\/span>\n\t\t\t\t\t<\/span>\n\t\t\t\t\t<\/a>\n\t\t\t\t<\/div>\n\t\t\t\t\t\t\t\t<\/div>\n\t\t\t\t<\/div>\n\t\t\t\t<\/div>\n\t\t\t\t<\/div>\n\t\t<div class=\"elementor-element elementor-element-6186672 e-con-full e-flex e-con e-child\" data-id=\"6186672\" data-element_type=\"container\" data-settings=\"{&quot;jet_parallax_layout_list&quot;:[],&quot;background_background&quot;:&quot;classic&quot;}\">\n\t\t\t\t<\/div>\n\t\t\t\t<\/div>\n\t\t\t\t\t<\/div>\n\t\t\t\t<\/div>\n\t\t<div class=\"elementor-element elementor-element-40abbd7 e-flex e-con-boxed e-con e-parent\" data-id=\"40abbd7\" data-element_type=\"container\" data-settings=\"{&quot;jet_parallax_layout_list&quot;:[],&quot;background_background&quot;:&quot;classic&quot;}\">\n\t\t\t\t\t<div class=\"e-con-inner\">\n\t\t<div class=\"elementor-element elementor-element-f6e491f e-con-full e-flex e-con e-child\" data-id=\"f6e491f\" data-element_type=\"container\" data-settings=\"{&quot;jet_parallax_layout_list&quot;:[]}\">\n\t\t<div class=\"elementor-element elementor-element-790aab5 e-con-full e-flex e-con e-child\" data-id=\"790aab5\" data-element_type=\"container\" data-settings=\"{&quot;jet_parallax_layout_list&quot;:[]}\">\n\t\t\t\t<div class=\"elementor-element elementor-element-835873e elementor-widget elementor-widget-text-editor\" data-id=\"835873e\" data-element_type=\"widget\" data-widget_type=\"text-editor.default\">\n\t\t\t\t<div class=\"elementor-widget-container\">\n\t\t\t\t\t\t\t\t\t<p>Catalogue<\/p>\n\t\t\t\t\t\t\t\t<\/div>\n\t\t\t\t<\/div>\n\t\t\t\t<\/div>\n\t\t\t\t<div class=\"elementor-element elementor-element-34c30cc elementor-widget elementor-widget-jet-listing-grid\" data-id=\"34c30cc\" data-element_type=\"widget\" data-settings=\"{&quot;columns&quot;:3,&quot;columns_tablet&quot;:&quot;2&quot;,&quot;columns_mobile&quot;:&quot;1&quot;}\" data-widget_type=\"jet-listing-grid.default\">\n\t\t\t\t<div class=\"elementor-widget-container\">\n\t\t\t\t\t<div class=\"jet-listing-grid jet-listing\"><div class=\"jet-listing-grid__items grid-col-desk-3 grid-col-tablet-2 grid-col-mobile-1 jet-listing-grid--3485\" data-queried-id=\"12868|WP_Post\" data-nav=\"{&quot;enabled&quot;:false,&quot;type&quot;:null,&quot;more_el&quot;:null,&quot;query&quot;:[],&quot;widget_settings&quot;:{&quot;lisitng_id&quot;:3485,&quot;posts_num&quot;:6,&quot;columns&quot;:3,&quot;columns_tablet&quot;:2,&quot;columns_mobile&quot;:1,&quot;column_min_width&quot;:240,&quot;column_min_width_tablet&quot;:240,&quot;column_min_width_mobile&quot;:240,&quot;inline_columns_css&quot;:false,&quot;is_archive_template&quot;:&quot;&quot;,&quot;post_status&quot;:[&quot;publish&quot;],&quot;use_random_posts_num&quot;:&quot;&quot;,&quot;max_posts_num&quot;:9,&quot;not_found_message&quot;:&quot;Aucune donn\\u00e9e disponible&quot;,&quot;is_masonry&quot;:false,&quot;equal_columns_height&quot;:&quot;&quot;,&quot;use_load_more&quot;:&quot;&quot;,&quot;load_more_id&quot;:&quot;&quot;,&quot;load_more_type&quot;:&quot;click&quot;,&quot;load_more_offset&quot;:{&quot;unit&quot;:&quot;px&quot;,&quot;size&quot;:0,&quot;sizes&quot;:[]},&quot;use_custom_post_types&quot;:&quot;&quot;,&quot;custom_post_types&quot;:[],&quot;hide_widget_if&quot;:&quot;&quot;,&quot;carousel_enabled&quot;:&quot;&quot;,&quot;slides_to_scroll&quot;:&quot;1&quot;,&quot;arrows&quot;:&quot;true&quot;,&quot;arrow_icon&quot;:&quot;fa fa-angle-left&quot;,&quot;dots&quot;:&quot;&quot;,&quot;autoplay&quot;:&quot;true&quot;,&quot;pause_on_hover&quot;:&quot;true&quot;,&quot;autoplay_speed&quot;:5000,&quot;infinite&quot;:&quot;true&quot;,&quot;center_mode&quot;:&quot;&quot;,&quot;effect&quot;:&quot;slide&quot;,&quot;speed&quot;:500,&quot;inject_alternative_items&quot;:&quot;&quot;,&quot;injection_items&quot;:[],&quot;scroll_slider_enabled&quot;:&quot;&quot;,&quot;scroll_slider_on&quot;:[&quot;desktop&quot;,&quot;tablet&quot;,&quot;mobile&quot;],&quot;custom_query&quot;:false,&quot;custom_query_id&quot;:&quot;&quot;,&quot;_element_id&quot;:&quot;&quot;,&quot;collapse_first_last_gap&quot;:false,&quot;list_tag_selection&quot;:&quot;&quot;,&quot;list_items_wrapper_tag&quot;:&quot;div&quot;,&quot;list_item_tag&quot;:&quot;div&quot;,&quot;empty_items_wrapper_tag&quot;:&quot;div&quot;}}\" data-page=\"1\" data-pages=\"1\" data-listing-source=\"posts\" data-listing-id=\"3485\" data-query-id=\"\"><div class=\"jet-listing-grid__item jet-listing-dynamic-post-17480\" data-post-id=\"17480\"  >\t\t<div data-elementor-type=\"jet-listing-items\" data-elementor-id=\"12827\" class=\"elementor elementor-12827 elementor-3485\" data-elementor-post-type=\"jet-engine\">\n\t\t\t\t<div class=\"elementor-element elementor-element-6815fd4 e-con-full e-flex e-con e-child\" data-id=\"6815fd4\" data-element_type=\"container\" data-settings=\"{&quot;jet_parallax_layout_list&quot;:[]}\">\n\t\t<div class=\"elementor-element elementor-element-8ff6607 e-con-full e-flex e-con e-child\" data-id=\"8ff6607\" data-element_type=\"container\" data-settings=\"{&quot;jet_parallax_layout_list&quot;:[]}\">\n\t\t\t\t<div class=\"elementor-element elementor-element-80ab546 elementor-widget elementor-widget-image\" data-id=\"80ab546\" data-element_type=\"widget\" data-widget_type=\"image.default\">\n\t\t\t\t<div class=\"elementor-widget-container\">\n\t\t\t\t\t\t\t\t\t\t\t\t\t\t\t<img fetchpriority=\"high\" decoding=\"async\" width=\"1866\" height=\"845\" src=\"https:\/\/www.pinktum.com\/wp-content\/uploads\/2026\/02\/S3_Katalog_Macro-EN.webp?wsr\" class=\"attachment-full size-full wp-image-26432\" alt=\"\" srcset=\"https:\/\/www.pinktum.com\/wp-content\/uploads\/2026\/02\/S3_Katalog_Macro-EN.webp 1866w, https:\/\/www.pinktum.com\/wp-content\/uploads\/2026\/02\/S3_Katalog_Macro-EN-300x136.webp 300w, https:\/\/www.pinktum.com\/wp-content\/uploads\/2026\/02\/S3_Katalog_Macro-EN-1024x464.webp 1024w, https:\/\/www.pinktum.com\/wp-content\/uploads\/2026\/02\/S3_Katalog_Macro-EN-768x348.webp 768w, https:\/\/www.pinktum.com\/wp-content\/uploads\/2026\/02\/S3_Katalog_Macro-EN-1536x696.webp 1536w\" sizes=\"(max-width: 1866px) 100vw, 1866px\" \/>\t\t\t\t\t\t\t\t\t\t\t\t\t\t\t<\/div>\n\t\t\t\t<\/div>\n\t\t\t\t<\/div>\n\t\t<div class=\"elementor-element elementor-element-b8d43ee e-con-full e-flex e-con e-child\" data-id=\"b8d43ee\" data-element_type=\"container\" data-settings=\"{&quot;background_background&quot;:&quot;classic&quot;,&quot;jet_parallax_layout_list&quot;:[]}\">\n\t\t\t\t<div class=\"elementor-element elementor-element-70a88c1 elementor-widget elementor-widget-jet-listing-dynamic-terms\" data-id=\"70a88c1\" data-element_type=\"widget\" data-widget_type=\"jet-listing-dynamic-terms.default\">\n\t\t\t\t<div class=\"elementor-widget-container\">\n\t\t\t\t\t<div class=\"jet-listing jet-listing-dynamic-terms\"><span class=\"jet-listing-dynamic-terms__link\">Catalogue des formations<\/span><\/div>\t\t\t\t<\/div>\n\t\t\t\t<\/div>\n\t\t<div class=\"elementor-element elementor-element-ee8cea4 e-con-full e-flex e-con e-child\" data-id=\"ee8cea4\" data-element_type=\"container\" data-settings=\"{&quot;jet_parallax_layout_list&quot;:[]}\">\n\t\t<div class=\"elementor-element elementor-element-82ac0d3 e-con-full e-flex e-con e-child\" data-id=\"82ac0d3\" data-element_type=\"container\" data-settings=\"{&quot;jet_parallax_layout_list&quot;:[]}\">\n\t\t<div class=\"elementor-element elementor-element-ad3e712 e-con-full e-flex e-con e-child\" data-id=\"ad3e712\" data-element_type=\"container\" data-settings=\"{&quot;jet_parallax_layout_list&quot;:[]}\">\n\t\t\t\t<div class=\"elementor-element elementor-element-3e9a70d elementor-widget__width-auto elementor-widget elementor-widget-heading\" data-id=\"3e9a70d\" data-element_type=\"widget\" data-widget_type=\"heading.default\">\n\t\t\t\t<div class=\"elementor-widget-container\">\n\t\t\t\t\t<h2 class=\"elementor-heading-title elementor-size-default\">PINK<\/h2>\t\t\t\t<\/div>\n\t\t\t\t<\/div>\n\t\t\t\t<\/div>\n\t\t<div class=\"elementor-element elementor-element-d0b87f6 e-con-full e-flex e-con e-child\" data-id=\"d0b87f6\" data-element_type=\"container\" data-settings=\"{&quot;jet_parallax_layout_list&quot;:[]}\">\n\t\t\t\t<div class=\"elementor-element elementor-element-ee99845 elementor-widget__width-auto elementor-widget elementor-widget-heading\" data-id=\"ee99845\" data-element_type=\"widget\" data-widget_type=\"heading.default\">\n\t\t\t\t<div class=\"elementor-widget-container\">\n\t\t\t\t\t<h2 class=\"elementor-heading-title elementor-size-default\">MACRO<\/h2>\t\t\t\t<\/div>\n\t\t\t\t<\/div>\n\t\t\t\t<\/div>\n\t\t\t\t<\/div>\n\t\t\t\t<div class=\"elementor-element elementor-element-b306904 elementor-widget elementor-widget-jet-listing-dynamic-field\" data-id=\"b306904\" data-element_type=\"widget\" data-widget_type=\"jet-listing-dynamic-field.default\">\n\t\t\t\t<div class=\"elementor-widget-container\">\n\t\t\t\t\t<div class=\"jet-listing jet-listing-dynamic-field display-inline\"><div class=\"jet-listing-dynamic-field__inline-wrap\"><div class=\"jet-listing-dynamic-field__content\" >\n<p>En savoir plus sur le contenu de toutes nos formations en ligne!<\/p>\n\n<p><\/p>\n<\/div><\/div><\/div>\t\t\t\t<\/div>\n\t\t\t\t<\/div>\n\t\t\t\t<\/div>\n\t\t\t\t<div class=\"elementor-element elementor-element-747cdf0 elementor-widget elementor-widget-button\" data-id=\"747cdf0\" data-element_type=\"widget\" data-widget_type=\"button.default\">\n\t\t\t\t<div class=\"elementor-widget-container\">\n\t\t\t\t\t\t\t\t\t<div class=\"elementor-button-wrapper\">\n\t\t\t\t\t<a class=\"elementor-button elementor-button-link elementor-size-sm elementor-animation-grow\" href=\"https:\/\/academy.pinktum.dev\/catalogs\/fr\/macro\/\" target=\"_blank\" rel=\"noopener\">\n\t\t\t\t\t\t<span class=\"elementor-button-content-wrapper\">\n\t\t\t\t\t\t\t\t\t<span class=\"elementor-button-text\">T\u00e9l\u00e9charger<\/span>\n\t\t\t\t\t<\/span>\n\t\t\t\t\t<\/a>\n\t\t\t\t<\/div>\n\t\t\t\t\t\t\t\t<\/div>\n\t\t\t\t<\/div>\n\t\t\t\t<\/div>\n\t\t\t\t<\/div>\n\t\t\t\t<\/div>\n\t\t<\/div><div class=\"jet-listing-grid__item jet-listing-dynamic-post-18688\" data-post-id=\"18688\"  >\t\t<div data-elementor-type=\"jet-listing-items\" data-elementor-id=\"12827\" class=\"elementor elementor-12827 elementor-3485\" data-elementor-post-type=\"jet-engine\">\n\t\t\t\t<div class=\"elementor-element elementor-element-6815fd4 e-con-full e-flex e-con e-child\" data-id=\"6815fd4\" data-element_type=\"container\" data-settings=\"{&quot;jet_parallax_layout_list&quot;:[]}\">\n\t\t<div class=\"elementor-element elementor-element-8ff6607 e-con-full e-flex e-con e-child\" data-id=\"8ff6607\" data-element_type=\"container\" data-settings=\"{&quot;jet_parallax_layout_list&quot;:[]}\">\n\t\t\t\t<div class=\"elementor-element elementor-element-80ab546 elementor-widget elementor-widget-image\" data-id=\"80ab546\" data-element_type=\"widget\" data-widget_type=\"image.default\">\n\t\t\t\t<div class=\"elementor-widget-container\">\n\t\t\t\t\t\t\t\t\t\t\t\t\t\t\t<img decoding=\"async\" width=\"1866\" height=\"845\" src=\"https:\/\/www.pinktum.com\/wp-content\/uploads\/2026\/02\/S3_Katalog_Micro-EN.webp?wsr\" class=\"attachment-full size-full wp-image-26440\" alt=\"\" srcset=\"https:\/\/www.pinktum.com\/wp-content\/uploads\/2026\/02\/S3_Katalog_Micro-EN.webp 1866w, https:\/\/www.pinktum.com\/wp-content\/uploads\/2026\/02\/S3_Katalog_Micro-EN-300x136.webp 300w, https:\/\/www.pinktum.com\/wp-content\/uploads\/2026\/02\/S3_Katalog_Micro-EN-1024x464.webp 1024w, https:\/\/www.pinktum.com\/wp-content\/uploads\/2026\/02\/S3_Katalog_Micro-EN-768x348.webp 768w, https:\/\/www.pinktum.com\/wp-content\/uploads\/2026\/02\/S3_Katalog_Micro-EN-1536x696.webp 1536w\" sizes=\"(max-width: 1866px) 100vw, 1866px\" \/>\t\t\t\t\t\t\t\t\t\t\t\t\t\t\t<\/div>\n\t\t\t\t<\/div>\n\t\t\t\t<\/div>\n\t\t<div class=\"elementor-element elementor-element-b8d43ee e-con-full e-flex e-con e-child\" data-id=\"b8d43ee\" data-element_type=\"container\" data-settings=\"{&quot;background_background&quot;:&quot;classic&quot;,&quot;jet_parallax_layout_list&quot;:[]}\">\n\t\t\t\t<div class=\"elementor-element elementor-element-70a88c1 elementor-widget elementor-widget-jet-listing-dynamic-terms\" data-id=\"70a88c1\" data-element_type=\"widget\" data-widget_type=\"jet-listing-dynamic-terms.default\">\n\t\t\t\t<div class=\"elementor-widget-container\">\n\t\t\t\t\t<div class=\"jet-listing jet-listing-dynamic-terms\"><span class=\"jet-listing-dynamic-terms__link\">Catalogue des formations<\/span><\/div>\t\t\t\t<\/div>\n\t\t\t\t<\/div>\n\t\t<div class=\"elementor-element elementor-element-ee8cea4 e-con-full e-flex e-con e-child\" data-id=\"ee8cea4\" data-element_type=\"container\" data-settings=\"{&quot;jet_parallax_layout_list&quot;:[]}\">\n\t\t<div class=\"elementor-element elementor-element-82ac0d3 e-con-full e-flex e-con e-child\" data-id=\"82ac0d3\" data-element_type=\"container\" data-settings=\"{&quot;jet_parallax_layout_list&quot;:[]}\">\n\t\t<div class=\"elementor-element elementor-element-ad3e712 e-con-full e-flex e-con e-child\" data-id=\"ad3e712\" data-element_type=\"container\" data-settings=\"{&quot;jet_parallax_layout_list&quot;:[]}\">\n\t\t\t\t<div class=\"elementor-element elementor-element-3e9a70d elementor-widget__width-auto elementor-widget elementor-widget-heading\" data-id=\"3e9a70d\" data-element_type=\"widget\" data-widget_type=\"heading.default\">\n\t\t\t\t<div class=\"elementor-widget-container\">\n\t\t\t\t\t<h2 class=\"elementor-heading-title elementor-size-default\">PINK<\/h2>\t\t\t\t<\/div>\n\t\t\t\t<\/div>\n\t\t\t\t<\/div>\n\t\t<div class=\"elementor-element elementor-element-d0b87f6 e-con-full e-flex e-con e-child\" data-id=\"d0b87f6\" data-element_type=\"container\" data-settings=\"{&quot;jet_parallax_layout_list&quot;:[]}\">\n\t\t\t\t<div class=\"elementor-element elementor-element-ee99845 elementor-widget__width-auto elementor-widget elementor-widget-heading\" data-id=\"ee99845\" data-element_type=\"widget\" data-widget_type=\"heading.default\">\n\t\t\t\t<div class=\"elementor-widget-container\">\n\t\t\t\t\t<h2 class=\"elementor-heading-title elementor-size-default\">MICRO<\/h2>\t\t\t\t<\/div>\n\t\t\t\t<\/div>\n\t\t\t\t<\/div>\n\t\t\t\t<\/div>\n\t\t\t\t<div class=\"elementor-element elementor-element-b306904 elementor-widget elementor-widget-jet-listing-dynamic-field\" data-id=\"b306904\" data-element_type=\"widget\" data-widget_type=\"jet-listing-dynamic-field.default\">\n\t\t\t\t<div class=\"elementor-widget-container\">\n\t\t\t\t\t<div class=\"jet-listing jet-listing-dynamic-field display-inline\"><div class=\"jet-listing-dynamic-field__inline-wrap\"><div class=\"jet-listing-dynamic-field__content\" >\n<p>En savoir plus sur le contenu de toutes nos formations en ligne!<\/p>\n\n<p><\/p>\n<\/div><\/div><\/div>\t\t\t\t<\/div>\n\t\t\t\t<\/div>\n\t\t\t\t<\/div>\n\t\t\t\t<div class=\"elementor-element elementor-element-747cdf0 elementor-widget elementor-widget-button\" data-id=\"747cdf0\" data-element_type=\"widget\" data-widget_type=\"button.default\">\n\t\t\t\t<div class=\"elementor-widget-container\">\n\t\t\t\t\t\t\t\t\t<div class=\"elementor-button-wrapper\">\n\t\t\t\t\t<a class=\"elementor-button elementor-button-link elementor-size-sm elementor-animation-grow\" href=\"https:\/\/academy.pinktum.dev\/catalogs\/fr\/micro\/\" target=\"_blank\" rel=\"noopener\">\n\t\t\t\t\t\t<span class=\"elementor-button-content-wrapper\">\n\t\t\t\t\t\t\t\t\t<span class=\"elementor-button-text\">T\u00e9l\u00e9charger<\/span>\n\t\t\t\t\t<\/span>\n\t\t\t\t\t<\/a>\n\t\t\t\t<\/div>\n\t\t\t\t\t\t\t\t<\/div>\n\t\t\t\t<\/div>\n\t\t\t\t<\/div>\n\t\t\t\t<\/div>\n\t\t\t\t<\/div>\n\t\t<\/div><\/div><\/div>\t\t\t\t<\/div>\n\t\t\t\t<\/div>\n\t\t\t\t<\/div>\n\t\t\t\t\t<\/div>\n\t\t\t\t<\/div>\n\t\t\t\t<\/div>\n\t\t","protected":false},"excerpt":{"rendered":"<p>Nos produits Liste compacte ou catalogue d\u00e9taill\u00e9 : faites-vous une id\u00e9e de notre offre ! PINKTUM vous propose plus de 1300 formations en ligne sp\u00e9cialement con\u00e7ues pour le d\u00e9veloppement des comp\u00e9tences transversales et des comp\u00e9tences du futur dans les entreprises. Liste de produits personnalis\u00e9e Cr\u00e9ez une liste de produits personnalis\u00e9e avec vos formations en ligne [&hellip;]<\/p>\n","protected":false},"author":1,"featured_media":6246,"parent":14622,"menu_order":6,"comment_status":"closed","ping_status":"closed","template":"","meta":{"_monsterinsights_skip_tracking":false,"_monsterinsights_sitenote_active":false,"_monsterinsights_sitenote_note":"","_monsterinsights_sitenote_category":0,"footnotes":""},"referenzen":[],"class_list":["post-12868","page","type-page","status-publish","has-post-thumbnail","hentry"],"_links":{"self":[{"href":"https:\/\/www.pinktum.com\/fr\/wp-json\/wp\/v2\/pages\/12868","targetHints":{"allow":["GET"]}}],"collection":[{"href":"https:\/\/www.pinktum.com\/fr\/wp-json\/wp\/v2\/pages"}],"about":[{"href":"https:\/\/www.pinktum.com\/fr\/wp-json\/wp\/v2\/types\/page"}],"author":[{"embeddable":true,"href":"https:\/\/www.pinktum.com\/fr\/wp-json\/wp\/v2\/users\/1"}],"replies":[{"embeddable":true,"href":"https:\/\/www.pinktum.com\/fr\/wp-json\/wp\/v2\/comments?post=12868"}],"version-history":[{"count":0,"href":"https:\/\/www.pinktum.com\/fr\/wp-json\/wp\/v2\/pages\/12868\/revisions"}],"up":[{"embeddable":true,"href":"https:\/\/www.pinktum.com\/fr\/wp-json\/wp\/v2\/pages\/14622"}],"wp:featuredmedia":[{"embeddable":true,"href":"https:\/\/www.pinktum.com\/fr\/wp-json\/wp\/v2\/media\/6246"}],"wp:attachment":[{"href":"https:\/\/www.pinktum.com\/fr\/wp-json\/wp\/v2\/media?parent=12868"}],"wp:term":[{"taxonomy":"referenzen","embeddable":true,"href":"https:\/\/www.pinktum.com\/fr\/wp-json\/wp\/v2\/referenzen?post=12868"}],"curies":[{"name":"wp","href":"https:\/\/api.w.org\/{rel}","templated":true}]}}