{"id":12853,"date":"2024-08-02T09:14:00","date_gmt":"2024-08-02T07:14:00","guid":{"rendered":"https:\/\/wordpress.pinktum.dev\/profile\/"},"modified":"2026-02-13T13:23:28","modified_gmt":"2026-02-13T12:23:28","slug":"profile","status":"publish","type":"page","link":"https:\/\/www.pinktum.com\/fr\/learning-journey\/profile\/","title":{"rendered":"Profile"},"content":{"rendered":"\t\t<div data-elementor-type=\"wp-page\" data-elementor-id=\"12853\" class=\"elementor elementor-12853 elementor-421\" data-elementor-post-type=\"page\">\n\t\t\t\t<div class=\"elementor-element elementor-element-532e938 e-flex e-con-boxed e-con e-child\" data-id=\"532e938\" data-element_type=\"container\" data-settings=\"{&quot;background_background&quot;:&quot;classic&quot;,&quot;jet_parallax_layout_list&quot;:[]}\">\n\t\t\t\t\t<div class=\"e-con-inner\">\n\t\t\t\t<div class=\"elementor-element elementor-element-c3bc8ec elementor-widget elementor-widget-heading\" data-id=\"c3bc8ec\" data-element_type=\"widget\" data-widget_type=\"heading.default\">\n\t\t\t\t<div class=\"elementor-widget-container\">\n\t\t\t\t\t<h1 class=\"elementor-heading-title elementor-size-default\"><strong><span style=\"color: #fff;font-family: 'All-Round-Gothic', sans-serif;text-transform: uppercase;font-weight: bold;font-size: 67px\">PINK<\/span><\/strong>PROFILE<\/h1>\t\t\t\t<\/div>\n\t\t\t\t<\/div>\n\t\t\t\t<div class=\"elementor-element elementor-element-35ef47d elementor-widget__width-initial elementor-widget elementor-widget-heading\" data-id=\"35ef47d\" data-element_type=\"widget\" data-widget_type=\"heading.default\">\n\t\t\t\t<div class=\"elementor-widget-container\">\n\t\t\t\t\t<h2 class=\"elementor-heading-title elementor-size-default\">Obtenez des recommandations d\u2019apprentissage personnalis\u00e9es et un plan individuel pour d\u00e9velopper vos  comp\u00e9tences transversales, en cinq minutes seulement.<\/h2>\t\t\t\t<\/div>\n\t\t\t\t<\/div>\n\t\t\t\t<div class=\"elementor-element elementor-element-cf1c4cc elementor-widget elementor-widget-button\" data-id=\"cf1c4cc\" data-element_type=\"widget\" data-widget_type=\"button.default\">\n\t\t\t\t<div class=\"elementor-widget-container\">\n\t\t\t\t\t\t\t\t\t<div class=\"elementor-button-wrapper\">\n\t\t\t\t\t<a class=\"elementor-button elementor-button-link elementor-size-sm elementor-animation-grow\" href=\"https:\/\/www.pinktum.com\/fr\/compte-dessai\/\">\n\t\t\t\t\t\t<span class=\"elementor-button-content-wrapper\">\n\t\t\t\t\t\t\t\t\t<span class=\"elementor-button-text\">Faire un essai gratuit<\/span>\n\t\t\t\t\t<\/span>\n\t\t\t\t\t<\/a>\n\t\t\t\t<\/div>\n\t\t\t\t\t\t\t\t<\/div>\n\t\t\t\t<\/div>\n\t\t\t\t\t<\/div>\n\t\t\t\t<\/div>\n\t\t<div class=\"elementor-element elementor-element-bf7c5a1 e-flex e-con-boxed e-con e-parent\" data-id=\"bf7c5a1\" data-element_type=\"container\" data-settings=\"{&quot;jet_parallax_layout_list&quot;:[]}\">\n\t\t\t\t\t<div class=\"e-con-inner\">\n\t\t<div class=\"elementor-element elementor-element-46dbc6e e-con-full e-flex e-con e-child\" data-id=\"46dbc6e\" data-element_type=\"container\" data-settings=\"{&quot;jet_parallax_layout_list&quot;:[]}\">\n\t\t<div class=\"elementor-element elementor-element-f86cd9f e-con-full e-flex e-con e-child\" data-id=\"f86cd9f\" data-element_type=\"container\" data-settings=\"{&quot;jet_parallax_layout_list&quot;:[]}\">\n\t\t\t\t<div class=\"elementor-element elementor-element-2e2197d elementor-widget elementor-widget-text-editor\" data-id=\"2e2197d\" data-element_type=\"widget\" data-widget_type=\"text-editor.default\">\n\t\t\t\t<div class=\"elementor-widget-container\">\n\t\t\t\t\t\t\t\t\t<p style=\"font-family: 'Inter', Sans-serif; font-size: 35px; font-weight: 600; text-transform: none; line-height: 1.3em;\"><strong>Tout sur <span style=\"color: #05143c; font-family: 'All-Round-Gothic', sans-serif; text-transform: uppercase; font-weight: bold; font-size: 40px;\">PINK <\/span><\/strong><span style=\"font-family: 'Inter', Sans-serif; font-weight: 300; margin-left: -9px;\">PROFILE<\/span><\/p>\n\t\t\t\t\t\t\t\t<\/div>\n\t\t\t\t<\/div>\n\t\t\t\t<div class=\"elementor-element elementor-element-30ac624 elementor-widget elementor-widget-text-editor\" data-id=\"30ac624\" data-element_type=\"widget\" data-widget_type=\"text-editor.default\">\n\t\t\t\t<div class=\"elementor-widget-container\">\n\t\t\t\t\t\t\t\t\t<p>PINKprofile est un outil en ligne qui permet d\u2019analyser ses comp\u00e9tences personnelles et ses traits de personnalit\u00e9 inconscients. D\u00e9velopp\u00e9 avec une m\u00e9thode scientifique par nos experts en apprentissage, cet outil vous fournit imm\u00e9diatement des recommandations de formation personnalis\u00e9es pour un d\u00e9veloppement optimal de vos comp\u00e9tences transversales.<\/p>\n\t\t\t\t\t\t\t\t<\/div>\n\t\t\t\t<\/div>\n\t\t\t\t<\/div>\n\t\t<div class=\"elementor-element elementor-element-3475dfc e-con-full e-flex e-con e-child\" data-id=\"3475dfc\" data-element_type=\"container\" data-settings=\"{&quot;jet_parallax_layout_list&quot;:[],&quot;background_background&quot;:&quot;classic&quot;}\">\n\t\t\t\t<\/div>\n\t\t\t\t<\/div>\n\t\t\t\t\t<\/div>\n\t\t\t\t<\/div>\n\t\t<div class=\"elementor-element elementor-element-b2cdf1b e-flex e-con-boxed e-con e-parent\" data-id=\"b2cdf1b\" data-element_type=\"container\" data-settings=\"{&quot;background_background&quot;:&quot;classic&quot;,&quot;jet_parallax_layout_list&quot;:[]}\">\n\t\t\t\t\t<div class=\"e-con-inner\">\n\t\t<div class=\"elementor-element elementor-element-cb377dd e-con-full e-flex e-con e-child\" data-id=\"cb377dd\" data-element_type=\"container\" data-settings=\"{&quot;jet_parallax_layout_list&quot;:[]}\">\n\t\t<div class=\"elementor-element elementor-element-f490707 e-con-full e-flex e-con e-child\" data-id=\"f490707\" data-element_type=\"container\" data-settings=\"{&quot;jet_parallax_layout_list&quot;:[],&quot;background_background&quot;:&quot;classic&quot;}\">\n\t\t\t\t<\/div>\n\t\t<div class=\"elementor-element elementor-element-173c16c e-con-full e-flex e-con e-child\" data-id=\"173c16c\" data-element_type=\"container\" data-settings=\"{&quot;jet_parallax_layout_list&quot;:[]}\">\n\t\t\t\t<div class=\"elementor-element elementor-element-6273336 elementor-widget elementor-widget-text-editor\" data-id=\"6273336\" data-element_type=\"widget\" data-widget_type=\"text-editor.default\">\n\t\t\t\t<div class=\"elementor-widget-container\">\n\t\t\t\t\t\t\t\t\t<p>Strat\u00e9gies gagnantes<\/p>\n\t\t\t\t\t\t\t\t<\/div>\n\t\t\t\t<\/div>\n\t\t\t\t<div class=\"elementor-element elementor-element-221a7ee elementor-widget elementor-widget-text-editor\" data-id=\"221a7ee\" data-element_type=\"widget\" data-widget_type=\"text-editor.default\">\n\t\t\t\t<div class=\"elementor-widget-container\">\n\t\t\t\t\t\t\t\t\t<p>Vers des performances in\u00e9gal\u00e9es<\/p>\n\t\t\t\t\t\t\t\t<\/div>\n\t\t\t\t<\/div>\n\t\t\t\t<div class=\"elementor-element elementor-element-0326add elementor-widget elementor-widget-text-editor\" data-id=\"0326add\" data-element_type=\"widget\" data-widget_type=\"text-editor.default\">\n\t\t\t\t<div class=\"elementor-widget-container\">\n\t\t\t\t\t\t\t\t\t<p>Une performance inoubliable, au moment o\u00f9 vous en avez besoin ? Tout le monde en r\u00eave ! Mais c\u2019est parfois un point critique, notamment pour les sportifs professionnels. Quelques instants suffisent parfois \u00e0 d\u00e9terminer leur avenir \u2013 leur prochain transfert, leur prochaine qualification, leur prochain titre. Comment marquer le penalty d\u00e9cisif ? Renvoyer la balle de match \u00e0 Wimbledon ? \u00c9tablir un nouveau record aux Jeux olympiques ?<\/p>\n\t\t\t\t\t\t\t\t<\/div>\n\t\t\t\t<\/div>\n\t\t\t\t<div class=\"elementor-element elementor-element-198a269 elementor-widget elementor-widget-button\" data-id=\"198a269\" data-element_type=\"widget\" data-widget_type=\"button.default\">\n\t\t\t\t<div class=\"elementor-widget-container\">\n\t\t\t\t\t\t\t\t\t<div class=\"elementor-button-wrapper\">\n\t\t\t\t\t<a class=\"elementor-button elementor-button-link elementor-size-sm elementor-animation-grow\" href=\"#\">\n\t\t\t\t\t\t<span class=\"elementor-button-content-wrapper\">\n\t\t\t\t\t\t\t\t\t<span class=\"elementor-button-text\">Voir l\u2019article de blog<\/span>\n\t\t\t\t\t<\/span>\n\t\t\t\t\t<\/a>\n\t\t\t\t<\/div>\n\t\t\t\t\t\t\t\t<\/div>\n\t\t\t\t<\/div>\n\t\t\t\t<\/div>\n\t\t\t\t<\/div>\n\t\t\t\t\t<\/div>\n\t\t\t\t<\/div>\n\t\t<div class=\"elementor-element elementor-element-913d8dd e-flex e-con-boxed e-con e-parent\" data-id=\"913d8dd\" data-element_type=\"container\" data-settings=\"{&quot;jet_parallax_layout_list&quot;:[]}\">\n\t\t\t\t\t<div class=\"e-con-inner\">\n\t\t<div class=\"elementor-element elementor-element-2967d69 e-grid e-con-full e-con e-child\" data-id=\"2967d69\" data-element_type=\"container\" data-settings=\"{&quot;jet_parallax_layout_list&quot;:[]}\">\n\t\t\t\t<div class=\"elementor-element elementor-element-dba000e elementor-position-top elementor-widget elementor-widget-image-box\" data-id=\"dba000e\" data-element_type=\"widget\" data-widget_type=\"image-box.default\">\n\t\t\t\t<div class=\"elementor-widget-container\">\n\t\t\t\t\t<div class=\"elementor-image-box-wrapper\"><figure class=\"elementor-image-box-img\"><img decoding=\"async\" src=\"https:\/\/www.pinktum.com\/wp-content\/uploads\/2025\/01\/S4_ICON_Persoenlicher-Stil.svg\" class=\"attachment-full size-full wp-image-8959\" alt=\"\" \/><\/figure><div class=\"elementor-image-box-content\"><h3 class=\"elementor-image-box-title\">Style personnel<\/h3><p class=\"elementor-image-box-description\">PINKprofile se base sur le classement intuitif de 42 images. Gr\u00e2ce \u00e0 une base scientifique pouss\u00e9e, ce proc\u00e9d\u00e9 simple permet de d\u00e9crypter des informations \u00e9tonnantes sur vos comp\u00e9tences transversales et votre potentiel.\n<\/p><\/div><\/div>\t\t\t\t<\/div>\n\t\t\t\t<\/div>\n\t\t\t\t<div class=\"elementor-element elementor-element-9a90a4a elementor-position-top elementor-widget elementor-widget-image-box\" data-id=\"9a90a4a\" data-element_type=\"widget\" data-widget_type=\"image-box.default\">\n\t\t\t\t<div class=\"elementor-widget-container\">\n\t\t\t\t\t<div class=\"elementor-image-box-wrapper\"><figure class=\"elementor-image-box-img\"><img decoding=\"async\" src=\"https:\/\/www.pinktum.com\/wp-content\/uploads\/2025\/01\/S4_ICON_Kompetenz-Facetten.svg\" class=\"attachment-full size-full wp-image-8951\" alt=\"\" \/><\/figure><div class=\"elementor-image-box-content\"><h3 class=\"elementor-image-box-title\">Huit comp\u00e9tences<\/h3><p class=\"elementor-image-box-description\">Un profil d\u2019apprentissage est g\u00e9n\u00e9r\u00e9 automatiquement sur la base de votre classement. PINKprofile prend en compte huit comp\u00e9tences cl\u00e9s et les pond\u00e8re en r\u00e9ponse \u00e0 votre intuition.\n<\/p><\/div><\/div>\t\t\t\t<\/div>\n\t\t\t\t<\/div>\n\t\t\t\t<div class=\"elementor-element elementor-element-53dfa46 elementor-position-top elementor-widget elementor-widget-image-box\" data-id=\"53dfa46\" data-element_type=\"widget\" data-widget_type=\"image-box.default\">\n\t\t\t\t<div class=\"elementor-widget-container\">\n\t\t\t\t\t<div class=\"elementor-image-box-wrapper\"><figure class=\"elementor-image-box-img\"><img decoding=\"async\" src=\"https:\/\/www.pinktum.com\/wp-content\/uploads\/2025\/01\/S4_ICON_Mehrwerte.svg\" class=\"attachment-full size-full wp-image-8955\" alt=\"\" \/><\/figure><div class=\"elementor-image-box-content\"><h3 class=\"elementor-image-box-title\">Plus de valeur pour tout le monde<\/h3><p class=\"elementor-image-box-description\">Les rapports d\u2019analyse de PINKprofile sont confidentiels et ne peuvent \u00eatre consult\u00e9s que dans le respect de la protection des donn\u00e9es. Comme administrateur, vous b\u00e9n\u00e9ficiez d\u2019un acc\u00e8s strat\u00e9gique \u00e0 des analyses anonymis\u00e9es.\n<\/p><\/div><\/div>\t\t\t\t<\/div>\n\t\t\t\t<\/div>\n\t\t\t\t<\/div>\n\t\t\t\t\t<\/div>\n\t\t\t\t<\/div>\n\t\t<div class=\"elementor-element elementor-element-5985056 e-flex e-con-boxed e-con e-parent\" data-id=\"5985056\" data-element_type=\"container\" data-settings=\"{&quot;background_background&quot;:&quot;gradient&quot;,&quot;jet_parallax_layout_list&quot;:[]}\">\n\t\t\t\t\t<div class=\"e-con-inner\">\n\t\t<div class=\"elementor-element elementor-element-4d6222e e-con-full e-flex e-con e-child\" data-id=\"4d6222e\" data-element_type=\"container\" data-settings=\"{&quot;jet_parallax_layout_list&quot;:[]}\">\n\t\t<div class=\"elementor-element elementor-element-c879d25 e-con-full e-flex e-con e-child\" data-id=\"c879d25\" data-element_type=\"container\" data-settings=\"{&quot;jet_parallax_layout_list&quot;:[]}\">\n\t\t\t\t<div class=\"elementor-element elementor-element-16d6668 elementor-widget elementor-widget-heading\" data-id=\"16d6668\" data-element_type=\"widget\" data-widget_type=\"heading.default\">\n\t\t\t\t<div class=\"elementor-widget-container\">\n\t\t\t\t\t<h2 class=\"elementor-heading-title elementor-size-default\">International<\/h2>\t\t\t\t<\/div>\n\t\t\t\t<\/div>\n\t\t\t\t<div class=\"elementor-element elementor-element-24709a2 elementor-widget elementor-widget-text-editor\" data-id=\"24709a2\" data-element_type=\"widget\" data-widget_type=\"text-editor.default\">\n\t\t\t\t<div class=\"elementor-widget-container\">\n\t\t\t\t\t\t\t\t\t<p>PINKprofile est disponible en ligne dans le monde entier, dans les langues suivantes : fran\u00e7ais, anglais, allemand et espagnol.<\/p>\n\t\t\t\t\t\t\t\t<\/div>\n\t\t\t\t<\/div>\n\t\t\t\t<div class=\"elementor-element elementor-element-88e02d1 elementor-widget elementor-widget-button\" data-id=\"88e02d1\" data-element_type=\"widget\" data-widget_type=\"button.default\">\n\t\t\t\t<div class=\"elementor-widget-container\">\n\t\t\t\t\t\t\t\t\t<div class=\"elementor-button-wrapper\">\n\t\t\t\t\t<a class=\"elementor-button elementor-button-link elementor-size-sm elementor-animation-grow\" href=\"https:\/\/www.pinktum.com\/fr\/service\/modeles-de-licences\/\">\n\t\t\t\t\t\t<span class=\"elementor-button-content-wrapper\">\n\t\t\t\t\t\t\t\t\t<span class=\"elementor-button-text\">Voir les mod\u00e8les de licences<\/span>\n\t\t\t\t\t<\/span>\n\t\t\t\t\t<\/a>\n\t\t\t\t<\/div>\n\t\t\t\t\t\t\t\t<\/div>\n\t\t\t\t<\/div>\n\t\t\t\t<\/div>\n\t\t<div class=\"elementor-element elementor-element-5f566fe e-con-full e-flex e-con e-child\" data-id=\"5f566fe\" data-element_type=\"container\" data-settings=\"{&quot;jet_parallax_layout_list&quot;:[],&quot;background_background&quot;:&quot;classic&quot;}\">\n\t\t\t\t<\/div>\n\t\t\t\t<\/div>\n\t\t\t\t\t<\/div>\n\t\t\t\t<\/div>\n\t\t\t\t<\/div>\n\t\t","protected":false},"excerpt":{"rendered":"<p>PINKPROFILE Obtenez des recommandations d\u2019apprentissage personnalis\u00e9es et un plan individuel pour d\u00e9velopper vos comp\u00e9tences transversales, en cinq minutes seulement. Faire un essai gratuit Tout sur PINK PROFILE PINKprofile est un outil en ligne qui permet d\u2019analyser ses comp\u00e9tences personnelles et ses traits de personnalit\u00e9 inconscients. D\u00e9velopp\u00e9 avec une m\u00e9thode scientifique par nos experts en apprentissage, [&hellip;]<\/p>\n","protected":false},"author":1,"featured_media":6246,"parent":12855,"menu_order":1,"comment_status":"closed","ping_status":"closed","template":"","meta":{"_monsterinsights_skip_tracking":false,"_monsterinsights_sitenote_active":false,"_monsterinsights_sitenote_note":"","_monsterinsights_sitenote_category":0,"footnotes":""},"referenzen":[],"class_list":["post-12853","page","type-page","status-publish","has-post-thumbnail","hentry"],"_links":{"self":[{"href":"https:\/\/www.pinktum.com\/fr\/wp-json\/wp\/v2\/pages\/12853","targetHints":{"allow":["GET"]}}],"collection":[{"href":"https:\/\/www.pinktum.com\/fr\/wp-json\/wp\/v2\/pages"}],"about":[{"href":"https:\/\/www.pinktum.com\/fr\/wp-json\/wp\/v2\/types\/page"}],"author":[{"embeddable":true,"href":"https:\/\/www.pinktum.com\/fr\/wp-json\/wp\/v2\/users\/1"}],"replies":[{"embeddable":true,"href":"https:\/\/www.pinktum.com\/fr\/wp-json\/wp\/v2\/comments?post=12853"}],"version-history":[{"count":0,"href":"https:\/\/www.pinktum.com\/fr\/wp-json\/wp\/v2\/pages\/12853\/revisions"}],"up":[{"embeddable":true,"href":"https:\/\/www.pinktum.com\/fr\/wp-json\/wp\/v2\/pages\/12855"}],"wp:featuredmedia":[{"embeddable":true,"href":"https:\/\/www.pinktum.com\/fr\/wp-json\/wp\/v2\/media\/6246"}],"wp:attachment":[{"href":"https:\/\/www.pinktum.com\/fr\/wp-json\/wp\/v2\/media?parent=12853"}],"wp:term":[{"taxonomy":"referenzen","embeddable":true,"href":"https:\/\/www.pinktum.com\/fr\/wp-json\/wp\/v2\/referenzen?post=12853"}],"curies":[{"name":"wp","href":"https:\/\/api.w.org\/{rel}","templated":true}]}}