{"id":14844,"date":"2025-02-03T17:57:41","date_gmt":"2025-02-03T16:57:41","guid":{"rendered":"https:\/\/wordpress.pinktum.dev\/fundae\/"},"modified":"2025-03-25T11:15:35","modified_gmt":"2025-03-25T10:15:35","slug":"fundae","status":"publish","type":"page","link":"https:\/\/www.pinktum.com\/es\/fundae\/","title":{"rendered":"Fundae"},"content":{"rendered":"\t\t<div data-elementor-type=\"wp-page\" data-elementor-id=\"14844\" class=\"elementor elementor-14844\" data-elementor-post-type=\"page\">\n\t\t\t\t<div class=\"elementor-element elementor-element-532e938 e-flex e-con-boxed e-con e-child\" data-id=\"532e938\" data-element_type=\"container\" data-settings=\"{&quot;background_background&quot;:&quot;classic&quot;,&quot;jet_parallax_layout_list&quot;:[]}\">\n\t\t\t\t\t<div class=\"e-con-inner\">\n\t\t\t\t<div class=\"elementor-element elementor-element-c3bc8ec elementor-widget elementor-widget-heading\" data-id=\"c3bc8ec\" data-element_type=\"widget\" data-widget_type=\"heading.default\">\n\t\t\t\t<div class=\"elementor-widget-container\">\n\t\t\t\t\t<h1 class=\"elementor-heading-title elementor-size-default\">PINKTUM\u00a0formaci\u00f3n bonificada<\/h1>\t\t\t\t<\/div>\n\t\t\t\t<\/div>\n\t\t\t\t<div class=\"elementor-element elementor-element-35ef47d elementor-widget__width-initial elementor-widget elementor-widget-heading\" data-id=\"35ef47d\" data-element_type=\"widget\" data-widget_type=\"heading.default\">\n\t\t\t\t<div class=\"elementor-widget-container\">\n\t\t\t\t\t<h2 class=\"elementor-heading-title elementor-size-default\">Ya puedes disfrutar de nuestros cursos de alta calidad y bonificarlos gracias a Fundae<\/h2>\t\t\t\t<\/div>\n\t\t\t\t<\/div>\n\t\t\t\t\t<\/div>\n\t\t\t\t<\/div>\n\t\t<div class=\"elementor-element elementor-element-bf7c5a1 e-flex e-con-boxed e-con e-parent\" data-id=\"bf7c5a1\" data-element_type=\"container\" data-settings=\"{&quot;jet_parallax_layout_list&quot;:[]}\">\n\t\t\t\t\t<div class=\"e-con-inner\">\n\t\t<div class=\"elementor-element elementor-element-46dbc6e e-con-full e-flex e-con e-child\" data-id=\"46dbc6e\" data-element_type=\"container\" data-settings=\"{&quot;jet_parallax_layout_list&quot;:[]}\">\n\t\t<div class=\"elementor-element elementor-element-f86cd9f e-con-full e-flex e-con e-child\" data-id=\"f86cd9f\" data-element_type=\"container\" data-settings=\"{&quot;jet_parallax_layout_list&quot;:[]}\">\n\t\t\t\t<div class=\"elementor-element elementor-element-30ac624 elementor-widget elementor-widget-text-editor\" data-id=\"30ac624\" data-element_type=\"widget\" data-widget_type=\"text-editor.default\">\n\t\t\t\t<div class=\"elementor-widget-container\">\n\t\t\t\t\t\t\t\t\t<p>En Pinktum hemos dise\u00f1ado diferentes itinerarios 100% compatibles con la bonificaci\u00f3n de Fundae y adaptados a tus necesidades.<br \/>No te preocupes por nada, cu\u00e9ntanos qu\u00e9 necesitas y te ayudamos en todo el proceso<\/p><p>\u00bfQuieres potenciar el desarrollo de tus colaboradores?<br \/>\u00bfTienes cr\u00e9dito de Fundae y te gustar\u00eda aprovecharlo?<br \/>En Pinktum hemos creado un programa de formaci\u00f3n que te ayudar\u00e1 a fomentar las habilidades dentro de tu empresa y que podr\u00e1s bonificar con Fundae.<\/p>\t\t\t\t\t\t\t\t<\/div>\n\t\t\t\t<\/div>\n\t\t\t\t<\/div>\n\t\t<div class=\"elementor-element elementor-element-3475dfc e-con-full e-flex e-con e-child\" data-id=\"3475dfc\" data-element_type=\"container\" data-settings=\"{&quot;jet_parallax_layout_list&quot;:[],&quot;background_background&quot;:&quot;classic&quot;}\">\n\t\t\t\t<\/div>\n\t\t\t\t<\/div>\n\t\t\t\t\t<\/div>\n\t\t\t\t<\/div>\n\t\t<div class=\"elementor-element elementor-element-b2cdf1b e-flex e-con-boxed e-con e-parent\" data-id=\"b2cdf1b\" data-element_type=\"container\" data-settings=\"{&quot;background_background&quot;:&quot;classic&quot;,&quot;jet_parallax_layout_list&quot;:[]}\">\n\t\t\t\t\t<div class=\"e-con-inner\">\n\t\t<div class=\"elementor-element elementor-element-cb377dd e-con-full e-flex e-con e-child\" data-id=\"cb377dd\" data-element_type=\"container\" data-settings=\"{&quot;jet_parallax_layout_list&quot;:[]}\">\n\t\t<div class=\"elementor-element elementor-element-f490707 e-con-full e-flex e-con e-child\" data-id=\"f490707\" data-element_type=\"container\" data-settings=\"{&quot;jet_parallax_layout_list&quot;:[],&quot;background_background&quot;:&quot;classic&quot;}\">\n\t\t\t\t<\/div>\n\t\t<div class=\"elementor-element elementor-element-173c16c e-con-full e-flex e-con e-child\" data-id=\"173c16c\" data-element_type=\"container\" data-settings=\"{&quot;jet_parallax_layout_list&quot;:[]}\">\n\t\t\t\t<div class=\"elementor-element elementor-element-6273336 elementor-widget elementor-widget-text-editor\" data-id=\"6273336\" data-element_type=\"widget\" data-widget_type=\"text-editor.default\">\n\t\t\t\t<div class=\"elementor-widget-container\">\n\t\t\t\t\t\t\t\t\t<p>\u00bfQuieres saber m\u00e1s?<\/p>\t\t\t\t\t\t\t\t<\/div>\n\t\t\t\t<\/div>\n\t\t\t\t<div class=\"elementor-element elementor-element-0326add elementor-widget elementor-widget-text-editor\" data-id=\"0326add\" data-element_type=\"widget\" data-widget_type=\"text-editor.default\">\n\t\t\t\t<div class=\"elementor-widget-container\">\n\t\t\t\t\t\t\t\t\t<p>No te quedes sin aprovechar la oportunidad de hacer crecer tu organizaci\u00f3n y desarrollar el potencial de tus colaboradores. Gracias a Fundae, puedes disfrutar de nuestras formaciones y bonificarlas.<\/p>\t\t\t\t\t\t\t\t<\/div>\n\t\t\t\t<\/div>\n\t\t\t\t<\/div>\n\t\t\t\t<\/div>\n\t\t\t\t\t<\/div>\n\t\t\t\t<\/div>\n\t\t<div class=\"elementor-element elementor-element-7c5f86a e-con-full elementor-hidden-widescreen elementor-hidden-desktop elementor-hidden-tablet elementor-hidden-mobile e-flex e-con e-parent\" data-id=\"7c5f86a\" data-element_type=\"container\" data-settings=\"{&quot;background_background&quot;:&quot;gradient&quot;,&quot;jet_parallax_layout_list&quot;:[]}\">\n\t\t<div class=\"elementor-element elementor-element-2241e4a e-con-full e-flex e-con e-child\" data-id=\"2241e4a\" data-element_type=\"container\" data-settings=\"{&quot;jet_parallax_layout_list&quot;:[]}\">\n\t\t<div class=\"elementor-element elementor-element-958e39c e-con-full e-flex e-con e-child\" data-id=\"958e39c\" data-element_type=\"container\" data-settings=\"{&quot;jet_parallax_layout_list&quot;:[],&quot;background_background&quot;:&quot;classic&quot;}\">\n\t\t\t\t<\/div>\n\t\t<div class=\"elementor-element elementor-element-6e02686 e-con-full e-flex e-con e-child\" data-id=\"6e02686\" data-element_type=\"container\" data-settings=\"{&quot;jet_parallax_layout_list&quot;:[]}\">\n\t\t\t\t<div class=\"elementor-element elementor-element-ad8d860 elementor-widget elementor-widget-text-editor\" data-id=\"ad8d860\" data-element_type=\"widget\" data-widget_type=\"text-editor.default\">\n\t\t\t\t<div class=\"elementor-widget-container\">\n\t\t\t\t\t\t\t\t\t<p>Herramienta de planificaci\u00f3n de horarios<\/p>\t\t\t\t\t\t\t\t<\/div>\n\t\t\t\t<\/div>\n\t\t\t\t<div class=\"elementor-element elementor-element-6f97cb7 elementor-widget elementor-widget-text-editor\" data-id=\"6f97cb7\" data-element_type=\"widget\" data-widget_type=\"text-editor.default\">\n\t\t\t\t<div class=\"elementor-widget-container\">\n\t\t\t\t\t\t\t\t\t<p>Si tiene alguna duda o necesita ayuda, p\u00f3ngase en contacto con nosotros. \u00a1Juntos encontraremos una soluci\u00f3n!<\/p>\t\t\t\t\t\t\t\t<\/div>\n\t\t\t\t<\/div>\n\t\t\t\t<div class=\"elementor-element elementor-element-c1e11cc elementor-widget elementor-widget-button\" data-id=\"c1e11cc\" data-element_type=\"widget\" data-widget_type=\"button.default\">\n\t\t\t\t<div class=\"elementor-widget-container\">\n\t\t\t\t\t\t\t\t\t<div class=\"elementor-button-wrapper\">\n\t\t\t\t\t<a class=\"elementor-button elementor-button-link elementor-size-sm elementor-animation-grow\" href=\"https:\/\/outlook.office.com\/bookwithme\/user\/a1c42bc6cd91470cabf56a08261a30e9@pinktum.com?anonymous&#038;ep=pcard\" target=\"_blank\" rel=\"noopener\">\n\t\t\t\t\t\t<span class=\"elementor-button-content-wrapper\">\n\t\t\t\t\t\t\t\t\t<span class=\"elementor-button-text\">planifique su cita directamente aqu\u00ed<\/span>\n\t\t\t\t\t<\/span>\n\t\t\t\t\t<\/a>\n\t\t\t\t<\/div>\n\t\t\t\t\t\t\t\t<\/div>\n\t\t\t\t<\/div>\n\t\t\t\t<\/div>\n\t\t<div class=\"elementor-element elementor-element-14cefd8 e-con-full elementor-hidden-tablet elementor-hidden-mobile e-flex e-con e-child\" data-id=\"14cefd8\" data-element_type=\"container\" data-settings=\"{&quot;jet_parallax_layout_list&quot;:[],&quot;background_background&quot;:&quot;classic&quot;}\">\n\t\t\t\t<\/div>\n\t\t\t\t<\/div>\n\t\t\t\t<\/div>\n\t\t<div class=\"elementor-element elementor-element-8a4fd5e e-flex e-con-boxed e-con e-parent\" data-id=\"8a4fd5e\" data-element_type=\"container\" data-settings=\"{&quot;background_background&quot;:&quot;classic&quot;,&quot;jet_parallax_layout_list&quot;:[]}\">\n\t\t\t\t\t<div class=\"e-con-inner\">\n\t\t<div class=\"elementor-element elementor-element-3f50127 e-con-full e-flex e-con e-child\" data-id=\"3f50127\" data-element_type=\"container\" data-settings=\"{&quot;background_background&quot;:&quot;classic&quot;,&quot;jet_parallax_layout_list&quot;:[]}\">\n\t\t\t\t<div class=\"elementor-element elementor-element-ba50522 elementor-widget elementor-widget-heading\" data-id=\"ba50522\" data-element_type=\"widget\" data-widget_type=\"heading.default\">\n\t\t\t\t<div class=\"elementor-widget-container\">\n\t\t\t\t\t<h2 class=\"elementor-heading-title elementor-size-default\">\u00bfQuieres saber m\u00e1s?<\/h2>\t\t\t\t<\/div>\n\t\t\t\t<\/div>\n\t\t\t\t<div class=\"elementor-element elementor-element-bacbaf8 elementor-widget elementor-widget-html\" data-id=\"bacbaf8\" data-element_type=\"widget\" data-widget_type=\"html.default\">\n\t\t\t\t<div class=\"elementor-widget-container\">\n\t\t\t\t\t<div id=\"iframeContainer\" style=\"position: relative; width: 100%; height: 1000px; overflow: hidden;\">\n    <iframe src=\"https:\/\/go.pinktum.com\/l\/959342\/2022-01-17\/2h2w\" style=\"position: absolute; top: 0; left: 0; width: 100%; height: 100%; border: none; border-radius: 25px;\" frameborder=\"0\"><\/iframe>\n<\/div>\n\n\t\t\t\t<\/div>\n\t\t\t\t<\/div>\n\t\t\t\t<\/div>\n\t\t\t\t\t<\/div>\n\t\t\t\t<\/div>\n\t\t\t\t<\/div>\n\t\t","protected":false},"excerpt":{"rendered":"<p>PINKTUM\u00a0formaci\u00f3n bonificada Ya puedes disfrutar de nuestros cursos de alta calidad y bonificarlos gracias a Fundae En Pinktum hemos dise\u00f1ado diferentes itinerarios 100% compatibles con la bonificaci\u00f3n de Fundae y adaptados a tus necesidades.No te preocupes por nada, cu\u00e9ntanos qu\u00e9 necesitas y te ayudamos en todo el proceso \u00bfQuieres potenciar el desarrollo de tus colaboradores?\u00bfTienes [&hellip;]<\/p>\n","protected":false},"author":1,"featured_media":6247,"parent":0,"menu_order":3,"comment_status":"closed","ping_status":"closed","template":"","meta":{"_monsterinsights_skip_tracking":false,"_monsterinsights_sitenote_active":false,"_monsterinsights_sitenote_note":"","_monsterinsights_sitenote_category":0,"footnotes":""},"referenzen":[],"class_list":["post-14844","page","type-page","status-publish","has-post-thumbnail","hentry"],"_links":{"self":[{"href":"https:\/\/www.pinktum.com\/es\/wp-json\/wp\/v2\/pages\/14844","targetHints":{"allow":["GET"]}}],"collection":[{"href":"https:\/\/www.pinktum.com\/es\/wp-json\/wp\/v2\/pages"}],"about":[{"href":"https:\/\/www.pinktum.com\/es\/wp-json\/wp\/v2\/types\/page"}],"author":[{"embeddable":true,"href":"https:\/\/www.pinktum.com\/es\/wp-json\/wp\/v2\/users\/1"}],"replies":[{"embeddable":true,"href":"https:\/\/www.pinktum.com\/es\/wp-json\/wp\/v2\/comments?post=14844"}],"version-history":[{"count":0,"href":"https:\/\/www.pinktum.com\/es\/wp-json\/wp\/v2\/pages\/14844\/revisions"}],"wp:featuredmedia":[{"embeddable":true,"href":"https:\/\/www.pinktum.com\/es\/wp-json\/wp\/v2\/media\/6247"}],"wp:attachment":[{"href":"https:\/\/www.pinktum.com\/es\/wp-json\/wp\/v2\/media?parent=14844"}],"wp:term":[{"taxonomy":"referenzen","embeddable":true,"href":"https:\/\/www.pinktum.com\/es\/wp-json\/wp\/v2\/referenzen?post=14844"}],"curies":[{"name":"wp","href":"https:\/\/api.w.org\/{rel}","templated":true}]}}