{"id":13116,"date":"2025-01-10T10:59:00","date_gmt":"2025-01-10T09:59:00","guid":{"rendered":"https:\/\/wordpress.pinktum.dev\/pawlik-group\/"},"modified":"2025-02-06T13:12:57","modified_gmt":"2025-02-06T12:12:57","slug":"pawlik-group","status":"publish","type":"page","link":"https:\/\/www.pinktum.com\/es\/pawlik-group\/","title":{"rendered":"Pawlik Group"},"content":{"rendered":"\t\t<div data-elementor-type=\"wp-page\" data-elementor-id=\"13116\" class=\"elementor elementor-13116 elementor-4985\" data-elementor-post-type=\"page\">\n\t\t\t\t<div class=\"elementor-element elementor-element-532e938 e-flex e-con-boxed e-con e-child\" data-id=\"532e938\" data-element_type=\"container\" data-settings=\"{&quot;background_background&quot;:&quot;classic&quot;,&quot;jet_parallax_layout_list&quot;:[]}\">\n\t\t\t\t\t<div class=\"e-con-inner\">\n\t\t\t\t<div class=\"elementor-element elementor-element-c3bc8ec elementor-widget elementor-widget-heading\" data-id=\"c3bc8ec\" data-element_type=\"widget\" data-widget_type=\"heading.default\">\n\t\t\t\t<div class=\"elementor-widget-container\">\n\t\t\t\t\t<h1 class=\"elementor-heading-title elementor-size-default\">Pawlik Group<\/h1>\t\t\t\t<\/div>\n\t\t\t\t<\/div>\n\t\t\t\t<div class=\"elementor-element elementor-element-35ef47d elementor-widget__width-initial elementor-widget elementor-widget-heading\" data-id=\"35ef47d\" data-element_type=\"widget\" data-widget_type=\"heading.default\">\n\t\t\t\t<div class=\"elementor-widget-container\">\n\t\t\t\t\t<h2 class=\"elementor-heading-title elementor-size-default\">PINKTUM y PAWLIK - una gran combinaci\u00f3n<\/h2>\t\t\t\t<\/div>\n\t\t\t\t<\/div>\n\t\t\t\t\t<\/div>\n\t\t\t\t<\/div>\n\t\t<div class=\"elementor-element elementor-element-824fe0f e-flex e-con-boxed e-con e-parent\" data-id=\"824fe0f\" data-element_type=\"container\" data-settings=\"{&quot;jet_parallax_layout_list&quot;:[]}\">\n\t\t\t\t\t<div class=\"e-con-inner\">\n\t\t<div class=\"elementor-element elementor-element-f291d75 e-con-full e-flex e-con e-child\" data-id=\"f291d75\" data-element_type=\"container\" data-settings=\"{&quot;jet_parallax_layout_list&quot;:[]}\">\n\t\t\t\t<div class=\"elementor-element elementor-element-1837e2e elementor-widget elementor-widget-text-editor\" data-id=\"1837e2e\" data-element_type=\"widget\" data-widget_type=\"text-editor.default\">\n\t\t\t\t<div class=\"elementor-widget-container\">\n\t\t\t\t\t\t\t\t\t<p>PAWLIK es una empresa de consultor\u00eda que ayuda a las empresas a convertir sus objetivos en resultados, siempre priorizando a las personas. El Grupo PAWLIK desarrolla talentos, entrena a directivos, cubre puestos clave y prepara a las empresas para enfrentar desaf\u00edos crecientes. Combinando competencia metodol\u00f3gica y conocimientos digitales, PAWLIK y PINKTUM realizan conjuntamente medidas integradas de aprendizaje combinado.<\/p>\n\t\t\t\t\t\t\t\t<\/div>\n\t\t\t\t<\/div>\n\t\t\t\t<\/div>\n\t\t<div class=\"elementor-element elementor-element-b26d18f e-con-full e-flex e-con e-child\" data-id=\"b26d18f\" data-element_type=\"container\" data-settings=\"{&quot;jet_parallax_layout_list&quot;:[],&quot;background_background&quot;:&quot;classic&quot;}\">\n\t\t\t\t<\/div>\n\t\t\t\t\t<\/div>\n\t\t\t\t<\/div>\n\t\t<div class=\"elementor-element elementor-element-a5b36bc e-flex e-con-boxed e-con e-parent\" data-id=\"a5b36bc\" data-element_type=\"container\" data-settings=\"{&quot;jet_parallax_layout_list&quot;:[],&quot;background_background&quot;:&quot;classic&quot;}\">\n\t\t\t\t\t<div class=\"e-con-inner\">\n\t\t<div class=\"elementor-element elementor-element-1149c67 e-con-full e-flex e-con e-child\" data-id=\"1149c67\" data-element_type=\"container\" data-settings=\"{&quot;jet_parallax_layout_list&quot;:[]}\">\n\t\t<div class=\"elementor-element elementor-element-8844dcc e-con-full e-flex e-con e-child\" data-id=\"8844dcc\" data-element_type=\"container\" data-settings=\"{&quot;jet_parallax_layout_list&quot;:[],&quot;background_background&quot;:&quot;classic&quot;}\">\n\t\t\t\t<\/div>\n\t\t<div class=\"elementor-element elementor-element-3cc829b e-con-full e-flex e-con e-child\" data-id=\"3cc829b\" data-element_type=\"container\" data-settings=\"{&quot;jet_parallax_layout_list&quot;:[]}\">\n\t\t\t\t<div class=\"elementor-element elementor-element-39ff18b elementor-widget elementor-widget-text-editor\" data-id=\"39ff18b\" data-element_type=\"widget\" data-widget_type=\"text-editor.default\">\n\t\t\t\t<div class=\"elementor-widget-container\">\n\t\t\t\t\t\t\t\t\t<p>Digital + Presencial = Aprendizaje combinado<\/p>\n\t\t\t\t\t\t\t\t<\/div>\n\t\t\t\t<\/div>\n\t\t\t\t<div class=\"elementor-element elementor-element-2319b6c elementor-widget elementor-widget-text-editor\" data-id=\"2319b6c\" data-element_type=\"widget\" data-widget_type=\"text-editor.default\">\n\t\t\t\t<div class=\"elementor-widget-container\">\n\t\t\t\t\t\t\t\t\t<p>El desarrollo \u00e1gil de personal requiere la combinaci\u00f3n de formaci\u00f3n presencial y fases de autoaprendizaje digital. Juntos, los consultores experimentados de PAWLIK y los expertos en aprendizaje digital de PINKTUM desarrollan conceptos individuales de aprendizaje combinado. Siempre con el objetivo de desarrollar de manera sostenible y tangible las competencias de los participantes. Las arquitecturas de aprendizaje integradas son una combinaci\u00f3n de formaciones presenciales cl\u00e1sicas y formaciones en l\u00ednea de PINKTUM. Esto conduce a una transferencia de conocimiento sostenible que permite a los participantes adquirir, aplicar y ampliar sus conocimientos de manera m\u00e1s r\u00e1pida y eficaz.<\/p>\n\t\t\t\t\t\t\t\t<\/div>\n\t\t\t\t<\/div>\n\t\t\t\t<div class=\"elementor-element elementor-element-4c12357 elementor-hidden-widescreen elementor-hidden-desktop elementor-hidden-tablet elementor-hidden-mobile elementor-widget elementor-widget-button\" data-id=\"4c12357\" data-element_type=\"widget\" data-widget_type=\"button.default\">\n\t\t\t\t<div class=\"elementor-widget-container\">\n\t\t\t\t\t\t\t\t\t<div class=\"elementor-button-wrapper\">\n\t\t\t\t\t<a class=\"elementor-button elementor-button-link elementor-size-sm elementor-animation-grow\" href=\"#\">\n\t\t\t\t\t\t<span class=\"elementor-button-content-wrapper\">\n\t\t\t\t\t\t\t\t\t<span class=\"elementor-button-text\">M\u00e1s sobre el aprendizaje combinado<\/span>\n\t\t\t\t\t<\/span>\n\t\t\t\t\t<\/a>\n\t\t\t\t<\/div>\n\t\t\t\t\t\t\t\t<\/div>\n\t\t\t\t<\/div>\n\t\t\t\t<\/div>\n\t\t\t\t<\/div>\n\t\t\t\t\t<\/div>\n\t\t\t\t<\/div>\n\t\t<div class=\"elementor-element elementor-element-20b715c e-flex e-con-boxed e-con e-parent\" data-id=\"20b715c\" data-element_type=\"container\" data-settings=\"{&quot;jet_parallax_layout_list&quot;:[]}\">\n\t\t\t\t\t<div class=\"e-con-inner\">\n\t\t<div class=\"elementor-element elementor-element-345b22d e-con-full e-flex e-con e-child\" data-id=\"345b22d\" data-element_type=\"container\" data-settings=\"{&quot;jet_parallax_layout_list&quot;:[]}\">\n\t\t<div class=\"elementor-element elementor-element-a006605 e-con-full e-flex e-con e-child\" data-id=\"a006605\" data-element_type=\"container\" data-settings=\"{&quot;jet_parallax_layout_list&quot;:[]}\">\n\t\t\t\t<div class=\"elementor-element elementor-element-520e807 elementor-widget elementor-widget-text-editor\" data-id=\"520e807\" data-element_type=\"widget\" data-widget_type=\"text-editor.default\">\n\t\t\t\t<div class=\"elementor-widget-container\">\n\t\t\t\t\t\t\t\t\t<p>PAWLIK Group, una empresa internacional<\/p>\n\t\t\t\t\t\t\t\t<\/div>\n\t\t\t\t<\/div>\n\t\t\t\t<div class=\"elementor-element elementor-element-81a8699 elementor-widget elementor-widget-text-editor\" data-id=\"81a8699\" data-element_type=\"widget\" data-widget_type=\"text-editor.default\">\n\t\t\t\t<div class=\"elementor-widget-container\">\n\t\t\t\t\t\t\t\t\t<p>Desde la fundaci\u00f3n de PAWLIK Consultants en 1996, la cantidad de ubicaciones del grupo empresarial ha crecido de manera constante. Hoy en d\u00eda, el PAWLIK Group, que tambi\u00e9n incluye a PINKTUM, est\u00e1 activo en m\u00e1s de 60 pa\u00edses y agrupa todas las participaciones nacionales e internacionales de la consultora PAWLIK Group. De esta manera, los equipos interdisciplinarios m\u00e1s fuertes pueden colaborar de forma coordinada tanto a nivel nacional como internacional. \u00a1Siempre con el objetivo de obtener los mejores resultados para el cliente!<\/p>\n\t\t\t\t\t\t\t\t<\/div>\n\t\t\t\t<\/div>\n\t\t\t\t<\/div>\n\t\t<div class=\"elementor-element elementor-element-cdd0f8f e-con-full e-flex e-con e-child\" data-id=\"cdd0f8f\" data-element_type=\"container\" data-settings=\"{&quot;jet_parallax_layout_list&quot;:[],&quot;background_background&quot;:&quot;classic&quot;}\">\n\t\t\t\t<\/div>\n\t\t\t\t<\/div>\n\t\t\t\t\t<\/div>\n\t\t\t\t<\/div>\n\t\t\t\t<\/div>\n\t\t","protected":false},"excerpt":{"rendered":"<p>Pawlik Group PINKTUM y PAWLIK &#8211; una gran combinaci\u00f3n PAWLIK es una empresa de consultor\u00eda que ayuda a las empresas a convertir sus objetivos en resultados, siempre priorizando a las personas. El Grupo PAWLIK desarrolla talentos, entrena a directivos, cubre puestos clave y prepara a las empresas para enfrentar desaf\u00edos crecientes. Combinando competencia metodol\u00f3gica y [&hellip;]<\/p>\n","protected":false},"author":1,"featured_media":6247,"parent":0,"menu_order":0,"comment_status":"closed","ping_status":"closed","template":"","meta":{"_monsterinsights_skip_tracking":false,"_monsterinsights_sitenote_active":false,"_monsterinsights_sitenote_note":"","_monsterinsights_sitenote_category":0,"footnotes":""},"referenzen":[],"class_list":["post-13116","page","type-page","status-publish","has-post-thumbnail","hentry"],"_links":{"self":[{"href":"https:\/\/www.pinktum.com\/es\/wp-json\/wp\/v2\/pages\/13116","targetHints":{"allow":["GET"]}}],"collection":[{"href":"https:\/\/www.pinktum.com\/es\/wp-json\/wp\/v2\/pages"}],"about":[{"href":"https:\/\/www.pinktum.com\/es\/wp-json\/wp\/v2\/types\/page"}],"author":[{"embeddable":true,"href":"https:\/\/www.pinktum.com\/es\/wp-json\/wp\/v2\/users\/1"}],"replies":[{"embeddable":true,"href":"https:\/\/www.pinktum.com\/es\/wp-json\/wp\/v2\/comments?post=13116"}],"version-history":[{"count":0,"href":"https:\/\/www.pinktum.com\/es\/wp-json\/wp\/v2\/pages\/13116\/revisions"}],"wp:featuredmedia":[{"embeddable":true,"href":"https:\/\/www.pinktum.com\/es\/wp-json\/wp\/v2\/media\/6247"}],"wp:attachment":[{"href":"https:\/\/www.pinktum.com\/es\/wp-json\/wp\/v2\/media?parent=13116"}],"wp:term":[{"taxonomy":"referenzen","embeddable":true,"href":"https:\/\/www.pinktum.com\/es\/wp-json\/wp\/v2\/referenzen?post=13116"}],"curies":[{"name":"wp","href":"https:\/\/api.w.org\/{rel}","templated":true}]}}