{"id":13091,"date":"2024-12-11T18:23:55","date_gmt":"2024-12-11T17:23:55","guid":{"rendered":"https:\/\/wordpress.pinktum.dev\/sincronizacion\/"},"modified":"2025-03-25T11:14:36","modified_gmt":"2025-03-25T10:14:36","slug":"sincronizacion","status":"publish","type":"page","link":"https:\/\/www.pinktum.com\/es\/soluciones\/sincronizacion\/","title":{"rendered":"Sincronizaci\u00f3n"},"content":{"rendered":"\t\t<div data-elementor-type=\"wp-page\" data-elementor-id=\"13091\" class=\"elementor elementor-13091 elementor-3117\" data-elementor-post-type=\"page\">\n\t\t\t\t<div class=\"elementor-element elementor-element-22a1428 e-flex e-con-boxed e-con e-parent\" data-id=\"22a1428\" data-element_type=\"container\" data-settings=\"{&quot;background_background&quot;:&quot;classic&quot;,&quot;jet_parallax_layout_list&quot;:[]}\">\n\t\t\t\t\t<div class=\"e-con-inner\">\n\t\t\t\t<div class=\"elementor-element elementor-element-728666a elementor-widget__width-initial elementor-widget elementor-widget-heading\" data-id=\"728666a\" data-element_type=\"widget\" data-widget_type=\"heading.default\">\n\t\t\t\t<div class=\"elementor-widget-container\">\n\t\t\t\t\t<h2 class=\"elementor-heading-title elementor-size-default\">Sincronizaci\u00f3n<\/h2>\t\t\t\t<\/div>\n\t\t\t\t<\/div>\n\t\t\t\t<div class=\"elementor-element elementor-element-9ce9799 elementor-widget__width-initial elementor-widget elementor-widget-heading\" data-id=\"9ce9799\" data-element_type=\"widget\" data-widget_type=\"heading.default\">\n\t\t\t\t<div class=\"elementor-widget-container\">\n\t\t\t\t\t<h2 class=\"elementor-heading-title elementor-size-default\">La sede de nuestros cursos de formaci\u00f3n en l\u00ednea e interfaz para el desarrollo del personal a trav\u00e9s de Internet con una c\u00f3moda administraci\u00f3n para las empresas.<\/h2>\t\t\t\t<\/div>\n\t\t\t\t<\/div>\n\t\t\t\t\t<\/div>\n\t\t\t\t<\/div>\n\t\t<div class=\"elementor-element elementor-element-1111879 e-flex e-con-boxed e-con e-parent\" data-id=\"1111879\" data-element_type=\"container\" data-settings=\"{&quot;jet_parallax_layout_list&quot;:[]}\">\n\t\t\t\t\t<div class=\"e-con-inner\">\n\t\t<div class=\"elementor-element elementor-element-0f7e105 e-con-full e-flex e-con e-child\" data-id=\"0f7e105\" data-element_type=\"container\" data-settings=\"{&quot;jet_parallax_layout_list&quot;:[]}\">\n\t\t<div class=\"elementor-element elementor-element-555aa5d e-con-full e-flex e-con e-child\" data-id=\"555aa5d\" data-element_type=\"container\" data-settings=\"{&quot;jet_parallax_layout_list&quot;:[]}\">\n\t\t\t\t<div class=\"elementor-element elementor-element-14f6f1b elementor-widget elementor-widget-heading\" data-id=\"14f6f1b\" data-element_type=\"widget\" data-widget_type=\"heading.default\">\n\t\t\t\t<div class=\"elementor-widget-container\">\n\t\t\t\t\t<h2 class=\"elementor-heading-title elementor-size-default\">Hola, mundo del aprendizaje digital <\/h2>\t\t\t\t<\/div>\n\t\t\t\t<\/div>\n\t\t\t\t<div class=\"elementor-element elementor-element-0ef1b58 elementor-widget elementor-widget-text-editor\" data-id=\"0ef1b58\" data-element_type=\"widget\" data-widget_type=\"text-editor.default\">\n\t\t\t\t<div class=\"elementor-widget-container\">\n\t\t\t\t\t\t\t\t\t<p>PINKTUM World es una plataforma central de aprendizaje para la impartici\u00f3n, integraci\u00f3n, actualizaci\u00f3n y administraci\u00f3n automatizadas de nuestros cursos de formaci\u00f3n en l\u00ednea. Como centro digital, PINKTUM World ofrece acceso centralizado a cursos de formaci\u00f3n en l\u00ednea alquilados o adquiridos con una soluci\u00f3n de panel de control para una sencilla gesti\u00f3n.<\/p>\n\t\t\t\t\t\t\t\t<\/div>\n\t\t\t\t<\/div>\n\t\t\t\t<\/div>\n\t\t<div class=\"elementor-element elementor-element-220c993 e-con-full e-flex e-con e-child\" data-id=\"220c993\" data-element_type=\"container\" data-settings=\"{&quot;jet_parallax_layout_list&quot;:[],&quot;background_background&quot;:&quot;classic&quot;}\">\n\t\t\t\t<\/div>\n\t\t\t\t<\/div>\n\t\t\t\t\t<\/div>\n\t\t\t\t<\/div>\n\t\t<div class=\"elementor-element elementor-element-2899629 e-con-full e-flex e-con e-parent\" data-id=\"2899629\" data-element_type=\"container\" data-settings=\"{&quot;background_background&quot;:&quot;classic&quot;,&quot;jet_parallax_layout_list&quot;:[]}\">\n\t\t<div class=\"elementor-element elementor-element-0ee88f9 e-flex e-con-boxed e-con e-child\" data-id=\"0ee88f9\" data-element_type=\"container\" data-settings=\"{&quot;jet_parallax_layout_list&quot;:[]}\">\n\t\t\t\t\t<div class=\"e-con-inner\">\n\t\t<div class=\"elementor-element elementor-element-68afce9 e-con-full e-flex e-con e-child\" data-id=\"68afce9\" data-element_type=\"container\" data-settings=\"{&quot;jet_parallax_layout_list&quot;:[]}\">\n\t\t<div class=\"elementor-element elementor-element-978719b e-con-full e-flex e-con e-child\" data-id=\"978719b\" data-element_type=\"container\" data-settings=\"{&quot;jet_parallax_layout_list&quot;:[]}\">\n\t\t\t\t<div class=\"elementor-element elementor-element-5c4a3c9 elementor-widget elementor-widget-text-editor\" data-id=\"5c4a3c9\" data-element_type=\"widget\" data-widget_type=\"text-editor.default\">\n\t\t\t\t<div class=\"elementor-widget-container\">\n\t\t\t\t\t\t\t\t\t<p style=\"font-family: 'Inter', Sans-serif; font-size: 35px; font-weight: 600; text-transform: none; line-height: 1.3em;\"><br \/><strong><span style=\"color: #05143c; font-family: 'All-Round-Gothic', sans-serif; text-transform: uppercase; font-weight: bold; font-size: 40px;\">Pinktum World<\/span><\/strong> se adelanta a su tiempo<\/p>\t\t\t\t\t\t\t\t<\/div>\n\t\t\t\t<\/div>\n\t\t\t\t<div class=\"elementor-element elementor-element-391dab9 elementor-widget elementor-widget-text-editor\" data-id=\"391dab9\" data-element_type=\"widget\" data-widget_type=\"text-editor.default\">\n\t\t\t\t<div class=\"elementor-widget-container\">\n\t\t\t\t\t\t\t\t\t<p>Como plataforma de entrega digital, PINKTUM World integra nuestros contenidos premium en los sistemas de gesti\u00f3n de aprendizaje de las empresas. De manera automatizada como soluci\u00f3n central, para que se disponga de m\u00e1s tiempo para lo esencial en el desarrollo del personal.<\/p>\n\t\t\t\t\t\t\t\t<\/div>\n\t\t\t\t<\/div>\n\t\t\t\t<\/div>\n\t\t<div class=\"elementor-element elementor-element-b947cc3 e-con-full elementor-hidden-tablet elementor-hidden-mobile e-flex e-con e-child\" data-id=\"b947cc3\" data-element_type=\"container\" data-settings=\"{&quot;jet_parallax_layout_list&quot;:[]}\">\n\t\t\t\t<\/div>\n\t\t\t\t<\/div>\n\t\t\t\t\t<\/div>\n\t\t\t\t<\/div>\n\t\t<div class=\"elementor-element elementor-element-af8aa12 e-grid e-con-boxed e-con e-child\" data-id=\"af8aa12\" data-element_type=\"container\" data-settings=\"{&quot;jet_parallax_layout_list&quot;:[]}\">\n\t\t\t\t\t<div class=\"e-con-inner\">\n\t\t\t\t<div class=\"elementor-element elementor-element-24b615a elementor-position-top elementor-widget elementor-widget-image-box\" data-id=\"24b615a\" data-element_type=\"widget\" data-widget_type=\"image-box.default\">\n\t\t\t\t<div class=\"elementor-widget-container\">\n\t\t\t\t\t<div class=\"elementor-image-box-wrapper\"><figure class=\"elementor-image-box-img\"><img fetchpriority=\"high\" decoding=\"async\" width=\"512\" height=\"512\" src=\"https:\/\/www.pinktum.com\/wp-content\/uploads\/2025\/01\/S4_ICON_Digitale-Schnittstelle.svg\" class=\"attachment-full size-full wp-image-9101\" alt=\"\" \/><\/figure><div class=\"elementor-image-box-content\"><h3 class=\"elementor-image-box-title\">Interfaz <br> digital<\/h3><\/div><\/div>\t\t\t\t<\/div>\n\t\t\t\t<\/div>\n\t\t\t\t<div class=\"elementor-element elementor-element-00cca9b elementor-position-top elementor-widget elementor-widget-image-box\" data-id=\"00cca9b\" data-element_type=\"widget\" data-widget_type=\"image-box.default\">\n\t\t\t\t<div class=\"elementor-widget-container\">\n\t\t\t\t\t<div class=\"elementor-image-box-wrapper\"><figure class=\"elementor-image-box-img\"><img decoding=\"async\" width=\"512\" height=\"512\" src=\"https:\/\/www.pinktum.com\/wp-content\/uploads\/2025\/01\/S4_ICON_Automatische-Kurs-Updates.svg\" class=\"attachment-full size-full wp-image-9097\" alt=\"\" \/><\/figure><div class=\"elementor-image-box-content\"><h3 class=\"elementor-image-box-title\">Actualizaciones<br>autom\u00e1ticas<\/h3><\/div><\/div>\t\t\t\t<\/div>\n\t\t\t\t<\/div>\n\t\t\t\t<div class=\"elementor-element elementor-element-f3fd3a0 elementor-position-top elementor-widget elementor-widget-image-box\" data-id=\"f3fd3a0\" data-element_type=\"widget\" data-widget_type=\"image-box.default\">\n\t\t\t\t<div class=\"elementor-widget-container\">\n\t\t\t\t\t<div class=\"elementor-image-box-wrapper\"><figure class=\"elementor-image-box-img\"><img decoding=\"async\" width=\"512\" height=\"512\" src=\"https:\/\/www.pinktum.com\/wp-content\/uploads\/2025\/01\/S4_ICON_Webbasiertes-Admin-Dashboard.svg\" class=\"attachment-full size-full wp-image-9113\" alt=\"\" \/><\/figure><div class=\"elementor-image-box-content\"><h3 class=\"elementor-image-box-title\">Cuadro de mandos <br>basado en la web<\/h3><\/div><\/div>\t\t\t\t<\/div>\n\t\t\t\t<\/div>\n\t\t\t\t<div class=\"elementor-element elementor-element-0be949a elementor-position-top elementor-widget elementor-widget-image-box\" data-id=\"0be949a\" data-element_type=\"widget\" data-widget_type=\"image-box.default\">\n\t\t\t\t<div class=\"elementor-widget-container\">\n\t\t\t\t\t<div class=\"elementor-image-box-wrapper\"><figure class=\"elementor-image-box-img\"><img loading=\"lazy\" decoding=\"async\" width=\"512\" height=\"512\" src=\"https:\/\/www.pinktum.com\/wp-content\/uploads\/2025\/01\/S4_ICON_Integrierte-Kommunikationsplattform.svg\" class=\"attachment-full size-full wp-image-9105\" alt=\"\" \/><\/figure><div class=\"elementor-image-box-content\"><h3 class=\"elementor-image-box-title\">Plataforma de comunicaci\u00f3n<br>integrada<\/h3><\/div><\/div>\t\t\t\t<\/div>\n\t\t\t\t<\/div>\n\t\t\t\t<div class=\"elementor-element elementor-element-0b23e65 elementor-position-top elementor-widget elementor-widget-image-box\" data-id=\"0b23e65\" data-element_type=\"widget\" data-widget_type=\"image-box.default\">\n\t\t\t\t<div class=\"elementor-widget-container\">\n\t\t\t\t\t<div class=\"elementor-image-box-wrapper\"><figure class=\"elementor-image-box-img\"><img loading=\"lazy\" decoding=\"async\" width=\"512\" height=\"512\" src=\"https:\/\/www.pinktum.com\/wp-content\/uploads\/2025\/01\/S4_ICON_Analyszentrum-erweiterbar.svg\" class=\"attachment-full size-full wp-image-9093\" alt=\"\" \/><\/figure><div class=\"elementor-image-box-content\"><h3 class=\"elementor-image-box-title\">Ampliable <br>como centro de an\u00e1lisis<\/h3><\/div><\/div>\t\t\t\t<\/div>\n\t\t\t\t<\/div>\n\t\t\t\t<div class=\"elementor-element elementor-element-48202dd elementor-position-top elementor-widget elementor-widget-image-box\" data-id=\"48202dd\" data-element_type=\"widget\" data-widget_type=\"image-box.default\">\n\t\t\t\t<div class=\"elementor-widget-container\">\n\t\t\t\t\t<div class=\"elementor-image-box-wrapper\"><figure class=\"elementor-image-box-img\"><img loading=\"lazy\" decoding=\"async\" width=\"512\" height=\"512\" src=\"https:\/\/www.pinktum.com\/wp-content\/uploads\/2025\/01\/S4_ICON_Mehrsprachige-Oberflaeche.svg\" class=\"attachment-full size-full wp-image-9109\" alt=\"\" \/><\/figure><div class=\"elementor-image-box-content\"><h3 class=\"elementor-image-box-title\">Interfaz<br>multiling\u00fce<\/h3><\/div><\/div>\t\t\t\t<\/div>\n\t\t\t\t<\/div>\n\t\t\t\t\t<\/div>\n\t\t\t\t<\/div>\n\t\t\t\t<\/div>\n\t\t<div class=\"elementor-element elementor-element-0445c6b e-flex e-con-boxed e-con e-parent\" data-id=\"0445c6b\" data-element_type=\"container\" data-settings=\"{&quot;background_background&quot;:&quot;gradient&quot;,&quot;jet_parallax_layout_list&quot;:[]}\">\n\t\t\t\t\t<div class=\"e-con-inner\">\n\t\t<div class=\"elementor-element elementor-element-7dae530 e-con-full e-flex e-con e-child\" data-id=\"7dae530\" data-element_type=\"container\" data-settings=\"{&quot;jet_parallax_layout_list&quot;:[]}\">\n\t\t<div class=\"elementor-element elementor-element-2000320 e-con-full e-flex e-con e-child\" data-id=\"2000320\" data-element_type=\"container\" data-settings=\"{&quot;jet_parallax_layout_list&quot;:[]}\">\n\t\t\t\t<div class=\"elementor-element elementor-element-1d710e5 elementor-widget elementor-widget-text-editor\" data-id=\"1d710e5\" data-element_type=\"widget\" data-widget_type=\"text-editor.default\">\n\t\t\t\t<div class=\"elementor-widget-container\">\n\t\t\t\t\t\t\t\t\t<p>Un mundo de aprendizaje orientado al futuro<br \/>\npara el desarrollo digital del personal<\/p>\n\t\t\t\t\t\t\t\t<\/div>\n\t\t\t\t<\/div>\n\t\t\t\t<div class=\"elementor-element elementor-element-01591e8 elementor-widget elementor-widget-text-editor\" data-id=\"01591e8\" data-element_type=\"widget\" data-widget_type=\"text-editor.default\">\n\t\t\t\t<div class=\"elementor-widget-container\">\n\t\t\t\t\t\t\t\t\t<p>Una formaci\u00f3n en l\u00ednea avanzada requiere una organizaci\u00f3n igualmente avanzada. Nuestra PINKTUM World combina ambas cosas. De este modo, las empresas tienen acceso moderno a nuestra biblioteca de formaciones. Una vez conectados, el desarrollo digital del personal se beneficia de inmediato de un mundo de aprendizaje en constante evoluci\u00f3n, con muchas funciones \u00fatiles.<\/p>\n\t\t\t\t\t\t\t\t<\/div>\n\t\t\t\t<\/div>\n\t\t\t\t<div class=\"elementor-element elementor-element-b29efec elementor-widget elementor-widget-button\" data-id=\"b29efec\" data-element_type=\"widget\" data-widget_type=\"button.default\">\n\t\t\t\t<div class=\"elementor-widget-container\">\n\t\t\t\t\t\t\t\t\t<div class=\"elementor-button-wrapper\">\n\t\t\t\t\t<a class=\"elementor-button elementor-button-link elementor-size-sm elementor-animation-grow\" href=\"https:\/\/www.pinktum.com\/es\/prueba-gratuita\/\">\n\t\t\t\t\t\t<span class=\"elementor-button-content-wrapper\">\n\t\t\t\t\t\t\t\t\t<span class=\"elementor-button-text\">Solicitar acceso de prueba gratuito<\/span>\n\t\t\t\t\t<\/span>\n\t\t\t\t\t<\/a>\n\t\t\t\t<\/div>\n\t\t\t\t\t\t\t\t<\/div>\n\t\t\t\t<\/div>\n\t\t\t\t<\/div>\n\t\t<div class=\"elementor-element elementor-element-b68a7f7 e-con-full e-flex e-con e-child\" data-id=\"b68a7f7\" data-element_type=\"container\" data-settings=\"{&quot;jet_parallax_layout_list&quot;:[],&quot;background_background&quot;:&quot;classic&quot;}\">\n\t\t\t\t<\/div>\n\t\t\t\t<\/div>\n\t\t\t\t\t<\/div>\n\t\t\t\t<\/div>\n\t\t\t\t<\/div>\n\t\t","protected":false},"excerpt":{"rendered":"<p>Sincronizaci\u00f3n La sede de nuestros cursos de formaci\u00f3n en l\u00ednea e interfaz para el desarrollo del personal a trav\u00e9s de Internet con una c\u00f3moda administraci\u00f3n para las empresas. Hola, mundo del aprendizaje digital PINKTUM World es una plataforma central de aprendizaje para la impartici\u00f3n, integraci\u00f3n, actualizaci\u00f3n y administraci\u00f3n automatizadas de nuestros cursos de formaci\u00f3n en [&hellip;]<\/p>\n","protected":false},"author":1,"featured_media":6235,"parent":15007,"menu_order":4,"comment_status":"closed","ping_status":"closed","template":"","meta":{"_monsterinsights_skip_tracking":false,"_monsterinsights_sitenote_active":false,"_monsterinsights_sitenote_note":"","_monsterinsights_sitenote_category":0,"footnotes":""},"referenzen":[],"class_list":["post-13091","page","type-page","status-publish","has-post-thumbnail","hentry"],"_links":{"self":[{"href":"https:\/\/www.pinktum.com\/es\/wp-json\/wp\/v2\/pages\/13091","targetHints":{"allow":["GET"]}}],"collection":[{"href":"https:\/\/www.pinktum.com\/es\/wp-json\/wp\/v2\/pages"}],"about":[{"href":"https:\/\/www.pinktum.com\/es\/wp-json\/wp\/v2\/types\/page"}],"author":[{"embeddable":true,"href":"https:\/\/www.pinktum.com\/es\/wp-json\/wp\/v2\/users\/1"}],"replies":[{"embeddable":true,"href":"https:\/\/www.pinktum.com\/es\/wp-json\/wp\/v2\/comments?post=13091"}],"version-history":[{"count":0,"href":"https:\/\/www.pinktum.com\/es\/wp-json\/wp\/v2\/pages\/13091\/revisions"}],"up":[{"embeddable":true,"href":"https:\/\/www.pinktum.com\/es\/wp-json\/wp\/v2\/pages\/15007"}],"wp:featuredmedia":[{"embeddable":true,"href":"https:\/\/www.pinktum.com\/es\/wp-json\/wp\/v2\/media\/6235"}],"wp:attachment":[{"href":"https:\/\/www.pinktum.com\/es\/wp-json\/wp\/v2\/media?parent=13091"}],"wp:term":[{"taxonomy":"referenzen","embeddable":true,"href":"https:\/\/www.pinktum.com\/es\/wp-json\/wp\/v2\/referenzen?post=13091"}],"curies":[{"name":"wp","href":"https:\/\/api.w.org\/{rel}","templated":true}]}}