{"id":13086,"date":"2024-12-11T19:10:58","date_gmt":"2024-12-11T18:10:58","guid":{"rendered":"https:\/\/wordpress.pinktum.dev\/prueba-gratuita\/"},"modified":"2025-02-21T16:21:24","modified_gmt":"2025-02-21T15:21:24","slug":"prueba-gratuita","status":"publish","type":"page","link":"https:\/\/www.pinktum.com\/es\/prueba-gratuita\/","title":{"rendered":"Prueba gratuita"},"content":{"rendered":"\t\t<div data-elementor-type=\"wp-page\" data-elementor-id=\"13086\" class=\"elementor elementor-13086 elementor-3217\" data-elementor-post-type=\"page\">\n\t\t\t\t<div class=\"elementor-element elementor-element-bf7c5a1 e-flex e-con-boxed e-con e-parent\" data-id=\"bf7c5a1\" data-element_type=\"container\" data-settings=\"{&quot;jet_parallax_layout_list&quot;:[]}\">\n\t\t\t\t\t<div class=\"e-con-inner\">\n\t\t<div class=\"elementor-element elementor-element-46dbc6e e-con-full e-flex e-con e-child\" data-id=\"46dbc6e\" data-element_type=\"container\" data-settings=\"{&quot;jet_parallax_layout_list&quot;:[]}\">\n\t\t<div class=\"elementor-element elementor-element-f86cd9f e-con-full e-flex e-con e-child\" data-id=\"f86cd9f\" data-element_type=\"container\" data-settings=\"{&quot;jet_parallax_layout_list&quot;:[]}\">\n\t\t\t\t<div class=\"elementor-element elementor-element-2e2197d elementor-widget elementor-widget-text-editor\" data-id=\"2e2197d\" data-element_type=\"widget\" data-widget_type=\"text-editor.default\">\n\t\t\t\t<div class=\"elementor-widget-container\">\n\t\t\t\t\t\t\t\t\t<p style=\"font-family: 'Inter', Sans-serif; font-size: 35px; font-weight: 600; text-transform: none; line-height: 1.3em;\">Prueba <strong><span style=\"color: #ff4c83; font-family: 'All-Round-Gothic', sans-serif; text-transform: uppercase; font-weight: bold; font-size: 40px;\">nuestra\u00a0<\/span><\/strong> <span style=\"font-family: 'Inter', Sans-serif; font-weight: 600; margin-left: -9px;\">Learning journey<\/span><\/p>\t\t\t\t\t\t\t\t<\/div>\n\t\t\t\t<\/div>\n\t\t\t\t<div class=\"elementor-element elementor-element-30ac624 elementor-widget elementor-widget-text-editor\" data-id=\"30ac624\" data-element_type=\"widget\" data-widget_type=\"text-editor.default\">\n\t\t\t\t<div class=\"elementor-widget-container\">\n\t\t\t\t\t\t\t\t\t<p>\u00bfC\u00f3mo es el aprendizaje del futuro? PINKTUM te ofrece una respuesta para el desarrollo de personal con la Learning Journey. Desc\u00fabrelo ahora sin compromiso.<\/p>\n\t\t\t\t\t\t\t\t<\/div>\n\t\t\t\t<\/div>\n\t\t\t\t<div class=\"elementor-element elementor-element-f9065ba elementor-widget elementor-widget-text-editor\" data-id=\"f9065ba\" data-element_type=\"widget\" data-widget_type=\"text-editor.default\">\n\t\t\t\t<div class=\"elementor-widget-container\">\n\t\t\t\t\t\t\t\t\t<p>Acceso de prueba gratuito para las empresas:<\/p>\n\t\t\t\t\t\t\t\t<\/div>\n\t\t\t\t<\/div>\n\t\t\t\t<div class=\"elementor-element elementor-element-5e9da49 elementor-widget elementor-widget-text-editor\" data-id=\"5e9da49\" data-element_type=\"widget\" data-widget_type=\"text-editor.default\">\n\t\t\t\t<div class=\"elementor-widget-container\">\n\t\t\t\t\t\t\t\t\t<ul><li>Alrededor de 1.000 cursos de formaci\u00f3n multiling\u00fces de habilidades interpersonales<\/li><li>Rutas de aprendizaje personalizables<\/li><li>An\u00e1lisis de datos avanzado con IA<\/li><li>Acceso completo a nuestra plataforma de aprendizaje<\/li><\/ul>\t\t\t\t\t\t\t\t<\/div>\n\t\t\t\t<\/div>\n\t\t\t\t<div class=\"elementor-element elementor-element-952e25c elementor-widget elementor-widget-spacer\" data-id=\"952e25c\" data-element_type=\"widget\" data-widget_type=\"spacer.default\">\n\t\t\t\t<div class=\"elementor-widget-container\">\n\t\t\t\t\t\t\t<div class=\"elementor-spacer\">\n\t\t\t<div class=\"elementor-spacer-inner\"><\/div>\n\t\t<\/div>\n\t\t\t\t\t\t<\/div>\n\t\t\t\t<\/div>\n\t\t<div class=\"elementor-element elementor-element-50f040c e-grid e-con-full e-con e-child\" data-id=\"50f040c\" data-element_type=\"container\" data-settings=\"{&quot;jet_parallax_layout_list&quot;:[]}\">\n\t\t\t\t<div class=\"elementor-element elementor-element-e42cb89 elementor-position-left elementor-vertical-align-middle elementor-widget elementor-widget-image-box\" data-id=\"e42cb89\" data-element_type=\"widget\" data-widget_type=\"image-box.default\">\n\t\t\t\t<div class=\"elementor-widget-container\">\n\t\t\t\t\t<div class=\"elementor-image-box-wrapper\"><figure class=\"elementor-image-box-img\"><img fetchpriority=\"high\" decoding=\"async\" width=\"512\" height=\"512\" src=\"https:\/\/www.pinktum.com\/wp-content\/uploads\/2025\/01\/S1_ICON_PINKprofile.svg\" class=\"attachment-full size-full wp-image-9487\" alt=\"\" \/><\/figure><div class=\"elementor-image-box-content\"><h3 class=\"elementor-image-box-title\"><p><strong><span style=\"color: #05143c;font-family: 'All-Round-Gothic', sans-serif;text-transform: uppercase;font-weight: bold;font-size: 35px\">PINK<\/span><\/strong> <span style=\"font-family: 'Inter', Sans-serif;font-weight: 300;margin-left: -9px\">PROFILE<\/span><\/p><\/h3><p class=\"elementor-image-box-description\">Recomendaciones de aprendizaje personalizadas<\/p><\/div><\/div>\t\t\t\t<\/div>\n\t\t\t\t<\/div>\n\t\t\t\t<div class=\"elementor-element elementor-element-0b429af elementor-position-left elementor-vertical-align-middle elementor-widget elementor-widget-image-box\" data-id=\"0b429af\" data-element_type=\"widget\" data-widget_type=\"image-box.default\">\n\t\t\t\t<div class=\"elementor-widget-container\">\n\t\t\t\t\t<div class=\"elementor-image-box-wrapper\"><figure class=\"elementor-image-box-img\"><img decoding=\"async\" width=\"512\" height=\"512\" src=\"https:\/\/www.pinktum.com\/wp-content\/uploads\/2025\/01\/S1_ICON_PINKmacro.svg\" class=\"attachment-full size-full wp-image-9475\" alt=\"\" \/><\/figure><div class=\"elementor-image-box-content\"><h3 class=\"elementor-image-box-title\"><p><strong><span style=\"color: #05143c;font-family: 'All-Round-Gothic', sans-serif;text-transform: uppercase;font-weight: bold;font-size: 35px\">PINK<\/span><\/strong> <span style=\"font-family: 'Inter', Sans-serif;font-weight: 300;margin-left: -9px\">MACRO<\/span><\/p><\/h3><p class=\"elementor-image-box-description\">Formaci\u00f3n online en habilidades interpersonales <\/p><\/div><\/div>\t\t\t\t<\/div>\n\t\t\t\t<\/div>\n\t\t\t\t<div class=\"elementor-element elementor-element-13d38b9 elementor-position-left elementor-vertical-align-middle elementor-widget elementor-widget-image-box\" data-id=\"13d38b9\" data-element_type=\"widget\" data-widget_type=\"image-box.default\">\n\t\t\t\t<div class=\"elementor-widget-container\">\n\t\t\t\t\t<div class=\"elementor-image-box-wrapper\"><figure class=\"elementor-image-box-img\"><img decoding=\"async\" width=\"512\" height=\"512\" src=\"https:\/\/www.pinktum.com\/wp-content\/uploads\/2025\/01\/S1_ICON_PINKmicro.svg\" class=\"attachment-full size-full wp-image-9479\" alt=\"\" \/><\/figure><div class=\"elementor-image-box-content\"><h3 class=\"elementor-image-box-title\"><p><strong><span style=\"color: #05143c;font-family: 'All-Round-Gothic', sans-serif;text-transform: uppercase;font-weight: bold;font-size: 35px\">PINK<\/span><\/strong> <span style=\"font-family: 'Inter', Sans-serif;font-weight: 300;margin-left: -9px\">MICRO<\/span><\/p><\/h3><p class=\"elementor-image-box-description\">Perfecciona tus habilidades interpersonales en pocos minutos<\/p><\/div><\/div>\t\t\t\t<\/div>\n\t\t\t\t<\/div>\n\t\t\t\t<div class=\"elementor-element elementor-element-2d47d07 elementor-position-left elementor-vertical-align-middle elementor-widget elementor-widget-image-box\" data-id=\"2d47d07\" data-element_type=\"widget\" id=\"pinkproes\" data-widget_type=\"image-box.default\">\n\t\t\t\t<div class=\"elementor-widget-container\">\n\t\t\t\t\t<div class=\"elementor-image-box-wrapper\"><figure class=\"elementor-image-box-img\"><img loading=\"lazy\" decoding=\"async\" width=\"512\" height=\"512\" src=\"https:\/\/www.pinktum.com\/wp-content\/uploads\/2025\/01\/S1_ICON_PINKpro.svg\" class=\"attachment-full size-full wp-image-9483\" alt=\"\" \/><\/figure><div class=\"elementor-image-box-content\"><h3 class=\"elementor-image-box-title\"><p><strong><span style=\"color: #05143c;font-family: 'All-Round-Gothic', sans-serif;text-transform: uppercase;font-weight: bold;font-size: 35px\">PINK<\/span><\/strong> <span style=\"font-family: 'Inter', Sans-serif;font-weight: 300;margin-left: -9px\">PRO<\/span><\/p><\/h3><p class=\"elementor-image-box-description\">Asistente de aprendizaje basado en IA<\/p><\/div><\/div>\t\t\t\t<\/div>\n\t\t\t\t<\/div>\n\t\t\t\t<\/div>\n\t\t\t\t<\/div>\n\t\t<div class=\"elementor-element elementor-element-3475dfc e-con-full e-flex e-con e-child\" data-id=\"3475dfc\" data-element_type=\"container\" data-settings=\"{&quot;jet_parallax_layout_list&quot;:[]}\">\n\t\t<div class=\"elementor-element elementor-element-3353757 e-con-full e-flex e-con e-child\" data-id=\"3353757\" data-element_type=\"container\" data-settings=\"{&quot;background_background&quot;:&quot;classic&quot;,&quot;jet_parallax_layout_list&quot;:[]}\">\n\t\t\t\t<div class=\"elementor-element elementor-element-fd74d2f elementor-widget elementor-widget-heading\" data-id=\"fd74d2f\" data-element_type=\"widget\" data-widget_type=\"heading.default\">\n\t\t\t\t<div class=\"elementor-widget-container\">\n\t\t\t\t\t<h2 class=\"elementor-heading-title elementor-size-default\">Acceso para empresas<\/h2>\t\t\t\t<\/div>\n\t\t\t\t<\/div>\n\t\t\t\t<div class=\"elementor-element elementor-element-541d792 elementor-widget elementor-widget-html\" data-id=\"541d792\" data-element_type=\"widget\" data-widget_type=\"html.default\">\n\t\t\t\t<div class=\"elementor-widget-container\">\n\t\t\t\t\t<div id=\"iframeContainer\" style=\"position: relative; width: 100%; height: 850px; overflow: hidden;\">\n    <iframe src=\"https:\/\/go.pinktum.com\/l\/959342\/2022-01-18\/2jd9\" style=\"position: absolute; top: 0; left: 0; width: 100%; height: 100%; border: none; border-radius: 25px;\" frameborder=\"0\"><\/iframe>\n<\/div>\n\n\t\t\t\t<\/div>\n\t\t\t\t<\/div>\n\t\t\t\t<\/div>\n\t\t\t\t<\/div>\n\t\t\t\t<\/div>\n\t\t\t\t\t<\/div>\n\t\t\t\t<\/div>\n\t\t<div class=\"elementor-element elementor-element-538ef1e e-con-full e-flex e-con e-parent\" data-id=\"538ef1e\" data-element_type=\"container\" data-settings=\"{&quot;background_background&quot;:&quot;gradient&quot;,&quot;jet_parallax_layout_list&quot;:[]}\">\n\t\t<div class=\"elementor-element elementor-element-81c661c e-con-full e-flex e-con e-child\" data-id=\"81c661c\" data-element_type=\"container\" data-settings=\"{&quot;jet_parallax_layout_list&quot;:[]}\">\n\t\t<div class=\"elementor-element elementor-element-3984fec e-con-full e-flex e-con e-child\" data-id=\"3984fec\" data-element_type=\"container\" data-settings=\"{&quot;jet_parallax_layout_list&quot;:[],&quot;background_background&quot;:&quot;classic&quot;}\">\n\t\t\t\t<\/div>\n\t\t<div class=\"elementor-element elementor-element-54e35e5 e-con-full e-flex e-con e-child\" data-id=\"54e35e5\" data-element_type=\"container\" data-settings=\"{&quot;jet_parallax_layout_list&quot;:[]}\">\n\t\t\t\t<div class=\"elementor-element elementor-element-0408a94 elementor-widget elementor-widget-text-editor\" data-id=\"0408a94\" data-element_type=\"widget\" data-widget_type=\"text-editor.default\">\n\t\t\t\t<div class=\"elementor-widget-container\">\n\t\t\t\t\t\t\t\t\t<p>Estamos a su disposici\u00f3n personalmente.<\/p>\t\t\t\t\t\t\t\t<\/div>\n\t\t\t\t<\/div>\n\t\t\t\t<div class=\"elementor-element elementor-element-7e2b6ea elementor-widget elementor-widget-text-editor\" data-id=\"7e2b6ea\" data-element_type=\"widget\" data-widget_type=\"text-editor.default\">\n\t\t\t\t<div class=\"elementor-widget-container\">\n\t\t\t\t\t\t\t\t\t<p>Nuestros asesores de aprendizaje digital estar\u00e1n encantados de aconsejarle sobre nuestros cursos de formaci\u00f3n electr\u00f3nica y guiarle por el mundo del aprendizaje de PINKTUM.<\/p>\t\t\t\t\t\t\t\t<\/div>\n\t\t\t\t<\/div>\n\t\t\t\t<div class=\"elementor-element elementor-element-d204e13 elementor-widget elementor-widget-button\" data-id=\"d204e13\" data-element_type=\"widget\" data-widget_type=\"button.default\">\n\t\t\t\t<div class=\"elementor-widget-container\">\n\t\t\t\t\t\t\t\t\t<div class=\"elementor-button-wrapper\">\n\t\t\t\t\t<a class=\"elementor-button elementor-button-link elementor-size-sm elementor-animation-grow\" href=\"https:\/\/outlook.office.com\/bookwithme\/user\/a1c42bc6cd91470cabf56a08261a30e9@pinktum.com?anonymous&#038;ep=pcard\" target=\"_blank\" rel=\"noopener\">\n\t\t\t\t\t\t<span class=\"elementor-button-content-wrapper\">\n\t\t\t\t\t\t\t\t\t<span class=\"elementor-button-text\">planifique su cita directamente aqu\u00ed<\/span>\n\t\t\t\t\t<\/span>\n\t\t\t\t\t<\/a>\n\t\t\t\t<\/div>\n\t\t\t\t\t\t\t\t<\/div>\n\t\t\t\t<\/div>\n\t\t\t\t<\/div>\n\t\t<div class=\"elementor-element elementor-element-3b8e674 e-con-full elementor-hidden-tablet elementor-hidden-mobile e-flex e-con e-child\" data-id=\"3b8e674\" data-element_type=\"container\" data-settings=\"{&quot;jet_parallax_layout_list&quot;:[],&quot;background_background&quot;:&quot;classic&quot;}\">\n\t\t\t\t<\/div>\n\t\t\t\t<\/div>\n\t\t\t\t<\/div>\n\t\t<div class=\"elementor-element elementor-element-dd6bed1 e-flex e-con-boxed e-con e-parent\" data-id=\"dd6bed1\" data-element_type=\"container\" data-settings=\"{&quot;jet_parallax_layout_list&quot;:[],&quot;background_background&quot;:&quot;classic&quot;}\">\n\t\t\t\t\t<div class=\"e-con-inner\">\n\t\t<div class=\"elementor-element elementor-element-02f1cc5 e-con-full e-flex e-con e-child\" data-id=\"02f1cc5\" data-element_type=\"container\" data-settings=\"{&quot;jet_parallax_layout_list&quot;:[]}\">\n\t\t<div class=\"elementor-element elementor-element-97c6836 e-con-full e-flex e-con e-child\" data-id=\"97c6836\" data-element_type=\"container\" data-settings=\"{&quot;jet_parallax_layout_list&quot;:[]}\">\n\t\t\t\t<div class=\"elementor-element elementor-element-39955e3 elementor-widget elementor-widget-text-editor\" data-id=\"39955e3\" data-element_type=\"widget\" data-widget_type=\"text-editor.default\">\n\t\t\t\t<div class=\"elementor-widget-container\">\n\t\t\t\t\t\t\t\t\t<p>Excelente<\/p>\t\t\t\t\t\t\t\t<\/div>\n\t\t\t\t<\/div>\n\t\t\t\t<div class=\"elementor-element elementor-element-69cad1f elementor-widget elementor-widget-text-editor\" data-id=\"69cad1f\" data-element_type=\"widget\" data-widget_type=\"text-editor.default\">\n\t\t\t\t<div class=\"elementor-widget-container\">\n\t\t\t\t\t\t\t\t\t<p>Los cursos electr\u00f3nicos PINKTUM ofrecen el mismo nivel excepcional que la formaci\u00f3n presencial tradicional, pero con una mayor flexibilidad, un aprendizaje personalizado y una calidad impresionante.<\/p>\t\t\t\t\t\t\t\t<\/div>\n\t\t\t\t<\/div>\n\t\t\t\t<\/div>\n\t\t<div class=\"elementor-element elementor-element-4e28f56 e-con-full e-flex e-con e-child\" data-id=\"4e28f56\" data-element_type=\"container\" data-settings=\"{&quot;jet_parallax_layout_list&quot;:[],&quot;background_background&quot;:&quot;classic&quot;}\">\n\t\t<div class=\"elementor-element elementor-element-e251673 e-grid e-con-full e-con e-child\" data-id=\"e251673\" data-element_type=\"container\" data-settings=\"{&quot;jet_parallax_layout_list&quot;:[]}\">\n\t\t\t\t<div class=\"elementor-element elementor-element-5880f30 elementor-widget elementor-widget-image\" data-id=\"5880f30\" data-element_type=\"widget\" data-widget_type=\"image.default\">\n\t\t\t\t<div class=\"elementor-widget-container\">\n\t\t\t\t\t\t\t\t\t\t\t\t\t\t\t<img loading=\"lazy\" decoding=\"async\" width=\"800\" height=\"666\" src=\"https:\/\/www.pinktum.com\/wp-content\/uploads\/2025\/01\/2024_elearning-Journal-1024x853.webp\" class=\"attachment-large size-large wp-image-8728\" alt=\"\" srcset=\"https:\/\/www.pinktum.com\/wp-content\/uploads\/2025\/01\/2024_elearning-Journal-1024x853.webp 1024w, https:\/\/www.pinktum.com\/wp-content\/uploads\/2025\/01\/2024_elearning-Journal-300x250.webp 300w, https:\/\/www.pinktum.com\/wp-content\/uploads\/2025\/01\/2024_elearning-Journal-768x640.webp 768w, https:\/\/www.pinktum.com\/wp-content\/uploads\/2025\/01\/2024_elearning-Journal-1536x1280.webp 1536w, https:\/\/www.pinktum.com\/wp-content\/uploads\/2025\/01\/2024_elearning-Journal-2048x1707.webp 2048w\" sizes=\"(max-width: 800px) 100vw, 800px\" \/>\t\t\t\t\t\t\t\t\t\t\t\t\t\t\t<\/div>\n\t\t\t\t<\/div>\n\t\t\t\t<div class=\"elementor-element elementor-element-2d2831b elementor-widget elementor-widget-image\" data-id=\"2d2831b\" data-element_type=\"widget\" data-widget_type=\"image.default\">\n\t\t\t\t<div class=\"elementor-widget-container\">\n\t\t\t\t\t\t\t\t\t\t\t\t\t\t\t<img loading=\"lazy\" decoding=\"async\" width=\"583\" height=\"583\" src=\"https:\/\/www.pinktum.com\/wp-content\/uploads\/2025\/01\/2023_Comenius-Siegel.webp\" class=\"attachment-large size-large wp-image-8724\" alt=\"\" srcset=\"https:\/\/www.pinktum.com\/wp-content\/uploads\/2025\/01\/2023_Comenius-Siegel.webp 583w, https:\/\/www.pinktum.com\/wp-content\/uploads\/2025\/01\/2023_Comenius-Siegel-300x300.webp 300w, https:\/\/www.pinktum.com\/wp-content\/uploads\/2025\/01\/2023_Comenius-Siegel-150x150.webp 150w\" sizes=\"(max-width: 583px) 100vw, 583px\" \/>\t\t\t\t\t\t\t\t\t\t\t\t\t\t\t<\/div>\n\t\t\t\t<\/div>\n\t\t\t\t<div class=\"elementor-element elementor-element-56d12e1 elementor-widget elementor-widget-image\" data-id=\"56d12e1\" data-element_type=\"widget\" data-widget_type=\"image.default\">\n\t\t\t\t<div class=\"elementor-widget-container\">\n\t\t\t\t\t\t\t\t\t\t\t\t\t\t\t<img loading=\"lazy\" decoding=\"async\" width=\"709\" height=\"709\" src=\"https:\/\/www.pinktum.com\/wp-content\/uploads\/2025\/01\/2022_Dt-Exzellenzpreis.webp\" class=\"attachment-large size-large wp-image-8716\" alt=\"\" srcset=\"https:\/\/www.pinktum.com\/wp-content\/uploads\/2025\/01\/2022_Dt-Exzellenzpreis.webp 709w, https:\/\/www.pinktum.com\/wp-content\/uploads\/2025\/01\/2022_Dt-Exzellenzpreis-300x300.webp 300w, https:\/\/www.pinktum.com\/wp-content\/uploads\/2025\/01\/2022_Dt-Exzellenzpreis-150x150.webp 150w\" sizes=\"(max-width: 709px) 100vw, 709px\" \/>\t\t\t\t\t\t\t\t\t\t\t\t\t\t\t<\/div>\n\t\t\t\t<\/div>\n\t\t\t\t<div class=\"elementor-element elementor-element-3f68273 elementor-widget elementor-widget-image\" data-id=\"3f68273\" data-element_type=\"widget\" data-widget_type=\"image.default\">\n\t\t\t\t<div class=\"elementor-widget-container\">\n\t\t\t\t\t\t\t\t\t\t\t\t\t\t\t<img loading=\"lazy\" decoding=\"async\" width=\"305\" height=\"448\" src=\"https:\/\/www.pinktum.com\/wp-content\/uploads\/2025\/01\/2022_Aefol-Award.webp\" class=\"attachment-large size-large wp-image-8712\" alt=\"\" srcset=\"https:\/\/www.pinktum.com\/wp-content\/uploads\/2025\/01\/2022_Aefol-Award.webp 305w, https:\/\/www.pinktum.com\/wp-content\/uploads\/2025\/01\/2022_Aefol-Award-204x300.webp 204w\" sizes=\"(max-width: 305px) 100vw, 305px\" \/>\t\t\t\t\t\t\t\t\t\t\t\t\t\t\t<\/div>\n\t\t\t\t<\/div>\n\t\t\t\t<div class=\"elementor-element elementor-element-5abd084 elementor-widget elementor-widget-image\" data-id=\"5abd084\" data-element_type=\"widget\" data-widget_type=\"image.default\">\n\t\t\t\t<div class=\"elementor-widget-container\">\n\t\t\t\t\t\t\t\t\t\t\t\t\t\t\t<img loading=\"lazy\" decoding=\"async\" width=\"800\" height=\"695\" src=\"https:\/\/www.pinktum.com\/wp-content\/uploads\/2025\/01\/2021_elearning_Journal-1024x890.webp\" class=\"attachment-large size-large wp-image-8708\" alt=\"\" srcset=\"https:\/\/www.pinktum.com\/wp-content\/uploads\/2025\/01\/2021_elearning_Journal-1024x890.webp 1024w, https:\/\/www.pinktum.com\/wp-content\/uploads\/2025\/01\/2021_elearning_Journal-300x261.webp 300w, https:\/\/www.pinktum.com\/wp-content\/uploads\/2025\/01\/2021_elearning_Journal-768x667.webp 768w, https:\/\/www.pinktum.com\/wp-content\/uploads\/2025\/01\/2021_elearning_Journal-1536x1335.webp 1536w, https:\/\/www.pinktum.com\/wp-content\/uploads\/2025\/01\/2021_elearning_Journal.webp 1803w\" sizes=\"(max-width: 800px) 100vw, 800px\" \/>\t\t\t\t\t\t\t\t\t\t\t\t\t\t\t<\/div>\n\t\t\t\t<\/div>\n\t\t\t\t<div class=\"elementor-element elementor-element-c18f081 elementor-widget elementor-widget-image\" data-id=\"c18f081\" data-element_type=\"widget\" data-widget_type=\"image.default\">\n\t\t\t\t<div class=\"elementor-widget-container\">\n\t\t\t\t\t\t\t\t\t\t\t\t\t\t\t<img loading=\"lazy\" decoding=\"async\" width=\"687\" height=\"687\" src=\"https:\/\/www.pinktum.com\/wp-content\/uploads\/2025\/01\/2021_Comenius-Siegel.webp\" class=\"attachment-large size-large wp-image-8704\" alt=\"\" srcset=\"https:\/\/www.pinktum.com\/wp-content\/uploads\/2025\/01\/2021_Comenius-Siegel.webp 687w, https:\/\/www.pinktum.com\/wp-content\/uploads\/2025\/01\/2021_Comenius-Siegel-300x300.webp 300w, https:\/\/www.pinktum.com\/wp-content\/uploads\/2025\/01\/2021_Comenius-Siegel-150x150.webp 150w\" sizes=\"(max-width: 687px) 100vw, 687px\" \/>\t\t\t\t\t\t\t\t\t\t\t\t\t\t\t<\/div>\n\t\t\t\t<\/div>\n\t\t\t\t<div class=\"elementor-element elementor-element-aa44dd8 elementor-widget elementor-widget-image\" data-id=\"aa44dd8\" data-element_type=\"widget\" data-widget_type=\"image.default\">\n\t\t\t\t<div class=\"elementor-widget-container\">\n\t\t\t\t\t\t\t\t\t\t\t\t\t\t\t<img loading=\"lazy\" decoding=\"async\" width=\"800\" height=\"688\" src=\"https:\/\/www.pinktum.com\/wp-content\/uploads\/2025\/01\/2022_elearning_Journal-1024x881.webp\" class=\"attachment-large size-large wp-image-8720\" alt=\"\" srcset=\"https:\/\/www.pinktum.com\/wp-content\/uploads\/2025\/01\/2022_elearning_Journal-1024x881.webp 1024w, https:\/\/www.pinktum.com\/wp-content\/uploads\/2025\/01\/2022_elearning_Journal-300x258.webp 300w, https:\/\/www.pinktum.com\/wp-content\/uploads\/2025\/01\/2022_elearning_Journal-768x661.webp 768w, https:\/\/www.pinktum.com\/wp-content\/uploads\/2025\/01\/2022_elearning_Journal-1536x1322.webp 1536w, https:\/\/www.pinktum.com\/wp-content\/uploads\/2025\/01\/2022_elearning_Journal-2048x1762.webp 2048w\" sizes=\"(max-width: 800px) 100vw, 800px\" \/>\t\t\t\t\t\t\t\t\t\t\t\t\t\t\t<\/div>\n\t\t\t\t<\/div>\n\t\t\t\t<div class=\"elementor-element elementor-element-f933a09 elementor-widget elementor-widget-image\" data-id=\"f933a09\" data-element_type=\"widget\" data-widget_type=\"image.default\">\n\t\t\t\t<div class=\"elementor-widget-container\">\n\t\t\t\t\t\t\t\t\t\t\t\t\t\t\t<img loading=\"lazy\" decoding=\"async\" width=\"670\" height=\"785\" src=\"https:\/\/www.pinktum.com\/wp-content\/uploads\/2025\/01\/2019_IELA_Award.webp\" class=\"attachment-large size-large wp-image-8700\" alt=\"\" srcset=\"https:\/\/www.pinktum.com\/wp-content\/uploads\/2025\/01\/2019_IELA_Award.webp 670w, https:\/\/www.pinktum.com\/wp-content\/uploads\/2025\/01\/2019_IELA_Award-256x300.webp 256w\" sizes=\"(max-width: 670px) 100vw, 670px\" \/>\t\t\t\t\t\t\t\t\t\t\t\t\t\t\t<\/div>\n\t\t\t\t<\/div>\n\t\t\t\t<div class=\"elementor-element elementor-element-8950abb elementor-widget elementor-widget-image\" data-id=\"8950abb\" data-element_type=\"widget\" data-widget_type=\"image.default\">\n\t\t\t\t<div class=\"elementor-widget-container\">\n\t\t\t\t\t\t\t\t\t\t\t\t\t\t\t<img loading=\"lazy\" decoding=\"async\" width=\"709\" height=\"709\" src=\"https:\/\/www.pinktum.com\/wp-content\/uploads\/2025\/01\/2019_Dt.-Exzellenzpreis.webp\" class=\"attachment-large size-large wp-image-8696\" alt=\"\" srcset=\"https:\/\/www.pinktum.com\/wp-content\/uploads\/2025\/01\/2019_Dt.-Exzellenzpreis.webp 709w, https:\/\/www.pinktum.com\/wp-content\/uploads\/2025\/01\/2019_Dt.-Exzellenzpreis-300x300.webp 300w, https:\/\/www.pinktum.com\/wp-content\/uploads\/2025\/01\/2019_Dt.-Exzellenzpreis-150x150.webp 150w\" sizes=\"(max-width: 709px) 100vw, 709px\" \/>\t\t\t\t\t\t\t\t\t\t\t\t\t\t\t<\/div>\n\t\t\t\t<\/div>\n\t\t\t\t<div class=\"elementor-element elementor-element-18da6c9 elementor-widget elementor-widget-image\" data-id=\"18da6c9\" data-element_type=\"widget\" data-widget_type=\"image.default\">\n\t\t\t\t<div class=\"elementor-widget-container\">\n\t\t\t\t\t\t\t\t\t\t\t\t\t\t\t<img loading=\"lazy\" decoding=\"async\" width=\"170\" height=\"170\" src=\"https:\/\/www.pinktum.com\/wp-content\/uploads\/2025\/01\/2018_Innovationspreis.webp\" class=\"attachment-large size-large wp-image-8692\" alt=\"\" srcset=\"https:\/\/www.pinktum.com\/wp-content\/uploads\/2025\/01\/2018_Innovationspreis.webp 170w, https:\/\/www.pinktum.com\/wp-content\/uploads\/2025\/01\/2018_Innovationspreis-150x150.webp 150w\" sizes=\"(max-width: 170px) 100vw, 170px\" \/>\t\t\t\t\t\t\t\t\t\t\t\t\t\t\t<\/div>\n\t\t\t\t<\/div>\n\t\t\t\t<\/div>\n\t\t\t\t<\/div>\n\t\t\t\t<\/div>\n\t\t\t\t\t<\/div>\n\t\t\t\t<\/div>\n\t\t\t\t<\/div>\n\t\t","protected":false},"excerpt":{"rendered":"<p>Prueba nuestra\u00a0 Learning journey \u00bfC\u00f3mo es el aprendizaje del futuro? PINKTUM te ofrece una respuesta para el desarrollo de personal con la Learning Journey. Desc\u00fabrelo ahora sin compromiso. Acceso de prueba gratuito para las empresas: Alrededor de 1.000 cursos de formaci\u00f3n multiling\u00fces de habilidades interpersonales Rutas de aprendizaje personalizables An\u00e1lisis de datos avanzado con IA [&hellip;]<\/p>\n","protected":false},"author":1,"featured_media":6247,"parent":0,"menu_order":0,"comment_status":"closed","ping_status":"closed","template":"","meta":{"_monsterinsights_skip_tracking":false,"_monsterinsights_sitenote_active":false,"_monsterinsights_sitenote_note":"","_monsterinsights_sitenote_category":0,"footnotes":""},"referenzen":[],"class_list":["post-13086","page","type-page","status-publish","has-post-thumbnail","hentry"],"_links":{"self":[{"href":"https:\/\/www.pinktum.com\/es\/wp-json\/wp\/v2\/pages\/13086","targetHints":{"allow":["GET"]}}],"collection":[{"href":"https:\/\/www.pinktum.com\/es\/wp-json\/wp\/v2\/pages"}],"about":[{"href":"https:\/\/www.pinktum.com\/es\/wp-json\/wp\/v2\/types\/page"}],"author":[{"embeddable":true,"href":"https:\/\/www.pinktum.com\/es\/wp-json\/wp\/v2\/users\/1"}],"replies":[{"embeddable":true,"href":"https:\/\/www.pinktum.com\/es\/wp-json\/wp\/v2\/comments?post=13086"}],"version-history":[{"count":0,"href":"https:\/\/www.pinktum.com\/es\/wp-json\/wp\/v2\/pages\/13086\/revisions"}],"wp:featuredmedia":[{"embeddable":true,"href":"https:\/\/www.pinktum.com\/es\/wp-json\/wp\/v2\/media\/6247"}],"wp:attachment":[{"href":"https:\/\/www.pinktum.com\/es\/wp-json\/wp\/v2\/media?parent=13086"}],"wp:term":[{"taxonomy":"referenzen","embeddable":true,"href":"https:\/\/www.pinktum.com\/es\/wp-json\/wp\/v2\/referenzen?post=13086"}],"curies":[{"name":"wp","href":"https:\/\/api.w.org\/{rel}","templated":true}]}}