{"id":21202,"date":"2025-03-26T13:24:04","date_gmt":"2025-03-26T12:24:04","guid":{"rendered":"https:\/\/www.pinktum.com\/test\/"},"modified":"2025-11-13T12:43:04","modified_gmt":"2025-11-13T11:43:04","slug":"test","status":"publish","type":"page","link":"https:\/\/www.pinktum.com\/en\/test\/","title":{"rendered":"test"},"content":{"rendered":"\t\t<div data-elementor-type=\"wp-page\" data-elementor-id=\"21202\" class=\"elementor elementor-21202 elementor-21162\" data-elementor-post-type=\"page\">\n\t\t\t\t<div class=\"elementor-element elementor-element-0a909ca e-flex e-con-boxed e-con e-parent\" data-id=\"0a909ca\" data-element_type=\"container\" data-settings=\"{&quot;jet_parallax_layout_list&quot;:[],&quot;sticky&quot;:&quot;top&quot;,&quot;sticky_on&quot;:[&quot;tablet&quot;,&quot;mobile&quot;],&quot;sticky_offset&quot;:0,&quot;sticky_effects_offset&quot;:0,&quot;sticky_anchor_link_offset&quot;:0}\">\n\t\t\t\t\t<div class=\"e-con-inner\">\n\t\t\t\t<div class=\"elementor-element elementor-element-4c86a07 elementor-view-default elementor-widget elementor-widget-icon\" data-id=\"4c86a07\" data-element_type=\"widget\" data-widget_type=\"icon.default\">\n\t\t\t\t<div class=\"elementor-widget-container\">\n\t\t\t\t\t\t\t<div class=\"elementor-icon-wrapper\">\n\t\t\t<div class=\"elementor-icon\">\n\t\t\t<svg xmlns=\"http:\/\/www.w3.org\/2000\/svg\" id=\"Ebene_1\" data-name=\"Ebene 1\" viewBox=\"0 0 300 49\"><g id=\"Ebene_1-2\" data-name=\"Ebene 1\"><g><path d=\"M1.4,2.2h18c12.5,0,18,6.8,18,16.1s-5.5,16.2-18,16.2h-6.7v13.5H1.4V2.2ZM19.7,24c4.8,0,6.3-2.4,6.3-5.7s-1.5-5.6-6.3-5.6h-6.9v11.3h6.9Z\" fill=\"#ff4c83\" stroke-width=\"0\"><\/path><path d=\"M43.7,2.2h11.4v45.9h-11.4s0-45.9,0-45.9Z\" fill=\"#ff4c83\" stroke-width=\"0\"><\/path><path d=\"M63.4,20.6c0-11.9,7-19.3,19.6-19.3s19.6,7.4,19.6,19.3v27.5h-11.4v-27.5c0-5.6-2.7-8.8-8.3-8.8s-8.3,3.2-8.3,8.8v27.5h-11.4v-27.5h.2Z\" fill=\"#ff4c83\" stroke-width=\"0\"><\/path><path d=\"M111.1,2.2h11.4v18.7l13.3-18.7h14l-17.3,22.5,18,23.4h-14.4l-13.7-19.3v19.3h-11.4V2.2h0Z\" fill=\"#ff4c83\" stroke-width=\"0\"><\/path><path d=\"M164.9,12.7h-12.5V2.2h36.4v10.5h-12.6v35.4h-11.4V12.7h.1Z\" fill=\"#ff4c83\" stroke-width=\"0\"><\/path><path d=\"M194.4,29.7V2.2h11.4v27.5c0,5.6,2.6,8.8,8.2,8.8s8.3-3.1,8.3-8.8V2.2h11.1v27.5c0,11.8-6.9,19.3-19.4,19.3s-19.6-7.4-19.6-19.3Z\" fill=\"#ff4c83\" stroke-width=\"0\"><\/path><path d=\"M240.6,19.1c0-12.3,7.2-17.8,16.4-17.8s10,2.2,12.7,6.3c2.7-4.1,7.2-6.3,12.7-6.3,9.3,0,16.4,5.5,16.4,17.8v29.1h-11.4v-29.1c0-5.3-2.6-7.2-6-7.2s-6,1.9-6,7.2v29.1h-11.4v-29.1c0-5.3-2.7-7.2-6-7.2s-6,1.9-6,7.2v29.1h-11.4v-29.1h0Z\" fill=\"#ff4c83\" stroke-width=\"0\"><\/path><\/g><\/g><\/svg>\t\t\t<\/div>\n\t\t<\/div>\n\t\t\t\t\t\t<\/div>\n\t\t\t\t<\/div>\n\t\t\t\t<div class=\"elementor-element elementor-element-90bd533 elementor-widget elementor-widget-n-accordion\" data-id=\"90bd533\" data-element_type=\"widget\" data-settings=\"{&quot;default_state&quot;:&quot;all_collapsed&quot;,&quot;max_items_expended&quot;:&quot;one&quot;,&quot;n_accordion_animation_duration&quot;:{&quot;unit&quot;:&quot;ms&quot;,&quot;size&quot;:400,&quot;sizes&quot;:[]}}\" data-widget_type=\"nested-accordion.default\">\n\t\t\t\t<div class=\"elementor-widget-container\">\n\t\t\t\t\t\t\t<div class=\"e-n-accordion\" aria-label=\"Accordion. Open links with Enter or Space, close with Escape, and navigate with Arrow Keys\">\n\t\t\t\t\t\t<details id=\"e-n-accordion-item-1510\" class=\"e-n-accordion-item\" >\n\t\t\t\t<summary class=\"e-n-accordion-item-title\" data-accordion-index=\"1\" tabindex=\"0\" aria-expanded=\"false\" aria-controls=\"e-n-accordion-item-1510\" >\n\t\t\t\t\t<span class='e-n-accordion-item-title-header'><div class=\"e-n-accordion-item-title-text\">  <\/div><\/span>\n\t\t\t\t\t\t\t<span class='e-n-accordion-item-title-icon'>\n\t\t\t<span class='e-opened' ><i aria-hidden=\"true\" class=\"fas fa-times\"><\/i><\/span>\n\t\t\t<span class='e-closed'><i aria-hidden=\"true\" class=\"fas fa-bars\"><\/i><\/span>\n\t\t<\/span>\n\n\t\t\t\t\t\t<\/summary>\n\t\t\t\t<div role=\"region\" aria-labelledby=\"e-n-accordion-item-1510\" class=\"elementor-element elementor-element-08ca62c e-con-full e-flex e-con e-child\" data-id=\"08ca62c\" data-element_type=\"container\" data-settings=\"{&quot;background_background&quot;:&quot;classic&quot;,&quot;jet_parallax_layout_list&quot;:[]}\">\n\t\t<div role=\"region\" aria-labelledby=\"e-n-accordion-item-1510\" class=\"elementor-element elementor-element-d0fb72c e-flex e-con-boxed e-con e-child\" data-id=\"d0fb72c\" data-element_type=\"container\" data-settings=\"{&quot;jet_parallax_layout_list&quot;:[]}\">\n\t\t\t\t\t<div class=\"e-con-inner\">\n\t\t<div role=\"region\" aria-labelledby=\"e-n-accordion-item-1510\" class=\"elementor-element elementor-element-bdb7ed2 e-con-full e-flex e-con e-child\" data-id=\"bdb7ed2\" data-element_type=\"container\" data-settings=\"{&quot;jet_parallax_layout_list&quot;:[]}\">\n\t\t\t\t<div class=\"elementor-element elementor-element-0c42be5 sprachbutton-wrapper elementor-widget elementor-widget-button\" data-id=\"0c42be5\" data-element_type=\"widget\" data-widget_type=\"button.default\">\n\t\t\t\t<div class=\"elementor-widget-container\">\n\t\t\t\t\t\t\t\t\t<div class=\"elementor-button-wrapper\">\n\t\t\t\t\t<a class=\"elementor-button elementor-button-link elementor-size-sm\" href=\"#\">\n\t\t\t\t\t\t<span class=\"elementor-button-content-wrapper\">\n\t\t\t\t\t\t\t\t\t<span class=\"elementor-button-text\">\n<div class=\"wpml-ls-statics-shortcode_actions wpml-ls wpml-ls-legacy-list-vertical\">\n\t<ul role=\"menu\">\n\n\t\t\t\t\t<li class=\"wpml-ls-slot-shortcode_actions wpml-ls-item wpml-ls-item-de wpml-ls-first-item wpml-ls-item-legacy-list-vertical\" role=\"none\">\n\t\t\t\t<a href=\"https:\/\/www.pinktum.com\/de\/\" class=\"wpml-ls-link\" role=\"menuitem\" aria-label=\"Switch to DE\" title=\"Switch to DE\">\n\t\t\t\t\t<span class=\"wpml-ls-display\">DE<\/span><\/a>\n\t\t\t<\/li>\n\t\t\t\t\t<li class=\"wpml-ls-slot-shortcode_actions wpml-ls-item wpml-ls-item-en wpml-ls-current-language wpml-ls-item-legacy-list-vertical\" role=\"none\">\n\t\t\t\t<a href=\"https:\/\/www.pinktum.com\/en\/\" class=\"wpml-ls-link\" role=\"menuitem\">\n\t\t\t\t\t<span class=\"wpml-ls-native\" role=\"menuitem\">EN<\/span><\/a>\n\t\t\t<\/li>\n\t\t\t\t\t<li class=\"wpml-ls-slot-shortcode_actions wpml-ls-item wpml-ls-item-fr wpml-ls-item-legacy-list-vertical\" role=\"none\">\n\t\t\t\t<a href=\"https:\/\/www.pinktum.com\/fr\/\" class=\"wpml-ls-link\" role=\"menuitem\" aria-label=\"Switch to FR\" title=\"Switch to FR\">\n\t\t\t\t\t<span class=\"wpml-ls-display\">FR<\/span><\/a>\n\t\t\t<\/li>\n\t\t\t\t\t<li class=\"wpml-ls-slot-shortcode_actions wpml-ls-item wpml-ls-item-es wpml-ls-last-item wpml-ls-item-legacy-list-vertical\" role=\"none\">\n\t\t\t\t<a href=\"https:\/\/www.pinktum.com\/es\/\" class=\"wpml-ls-link\" role=\"menuitem\" aria-label=\"Switch to ES\" title=\"Switch to ES\">\n\t\t\t\t\t<span class=\"wpml-ls-display\">ES<\/span><\/a>\n\t\t\t<\/li>\n\t\t\n\t<\/ul>\n<\/div>\n<\/span>\n\t\t\t\t\t<\/span>\n\t\t\t\t\t<\/a>\n\t\t\t\t<\/div>\n\t\t\t\t\t\t\t\t<\/div>\n\t\t\t\t<\/div>\n\t\t\t\t<\/div>\n\t\t\t\t<div class=\"elementor-element elementor-element-342ccbf elementor-widget elementor-widget-image\" data-id=\"342ccbf\" data-element_type=\"widget\" data-widget_type=\"image.default\">\n\t\t\t\t<div class=\"elementor-widget-container\">\n\t\t\t\t\t\t\t\t\t\t\t\t\t\t\t\t<a href=\"https:\/\/world.pinktum.com\/?locale=de\" target=\"_blank\" rel=\"noopener\">\n\t\t\t\t\t\t\t<img decoding=\"async\" width=\"91\" height=\"91\" src=\"https:\/\/www.pinktum.com\/wp-content\/uploads\/2024\/10\/login-1.png?wsr\" class=\"attachment-large size-large wp-image-12577\" alt=\"\" \/>\t\t\t\t\t\t\t\t<\/a>\n\t\t\t\t\t\t\t\t\t\t\t\t\t\t\t<\/div>\n\t\t\t\t<\/div>\n\t\t\t\t\t<\/div>\n\t\t\t\t<\/div>\n\t\t\t\t<div class=\"elementor-element elementor-element-7b8ec7b elementor-widget elementor-widget-button\" data-id=\"7b8ec7b\" data-element_type=\"widget\" data-widget_type=\"button.default\">\n\t\t\t\t<div class=\"elementor-widget-container\">\n\t\t\t\t\t\t\t\t\t<div class=\"elementor-button-wrapper\">\n\t\t\t\t\t<a class=\"elementor-button elementor-button-link elementor-size-sm elementor-animation-grow\" href=\"https:\/\/www.pinktum.com\/en\/test-account\/\">\n\t\t\t\t\t\t<span class=\"elementor-button-content-wrapper\">\n\t\t\t\t\t\t\t\t\t<span class=\"elementor-button-text\">Test account<\/span>\n\t\t\t\t\t<\/span>\n\t\t\t\t\t<\/a>\n\t\t\t\t<\/div>\n\t\t\t\t\t\t\t\t<\/div>\n\t\t\t\t<\/div>\n\t\t\t\t<div class=\"elementor-element elementor-element-4178b67 jet-nav-mobile-align-flex-start jet-nav-align-flex-start elementor-widget elementor-widget-jet-nav-menu\" data-id=\"4178b67\" data-element_type=\"widget\" data-widget_type=\"jet-nav-menu.default\">\n\t\t\t\t<div class=\"elementor-widget-container\">\n\t\t\t\t\t<nav class=\"jet-nav-wrap m-layout-mobile\"><div class=\"menu-header-en-container\"><div class=\"jet-nav m-layout-mobile jet-nav--vertical jet-nav--vertical-sub-bottom\"><div class=\"menu-item menu-item-type-post_type menu-item-object-page menu-item-has-children jet-nav__item-11857 jet-nav__item\"><a href=\"https:\/\/www.pinktum.com\/en\/learning-journey\/\" class=\"menu-item-link menu-item-link-depth-0 menu-item-link-top\"><span class=\"jet-nav-link-text\">Learning Journey<\/span><div class=\"jet-nav-arrow\"><i aria-hidden=\"true\" class=\"fa fa-angle-down\"><\/i><\/div><\/a>\n<div  class=\"jet-nav__sub jet-nav-depth-0\">\n\t<div class=\"menu-item menu-item-type-post_type menu-item-object-page jet-nav__item-11861 jet-nav__item jet-nav-item-sub\"><a href=\"https:\/\/www.pinktum.com\/en\/learning-journey\/profile\/\" class=\"menu-item-link menu-item-link-depth-1 menu-item-link-sub\"><span class=\"jet-nav-link-text\">PINKprofile<\/span><\/a><\/div>\n\t<div class=\"menu-item menu-item-type-post_type menu-item-object-page jet-nav__item-11858 jet-nav__item jet-nav-item-sub\"><a href=\"https:\/\/www.pinktum.com\/en\/learning-journey\/macrolearning\/\" class=\"menu-item-link menu-item-link-depth-1 menu-item-link-sub\"><span class=\"jet-nav-link-text\">PINKmarco<\/span><\/a><\/div>\n\t<div class=\"menu-item menu-item-type-post_type menu-item-object-page jet-nav__item-11859 jet-nav__item jet-nav-item-sub\"><a href=\"https:\/\/www.pinktum.com\/en\/learning-journey\/microlearning\/\" class=\"menu-item-link menu-item-link-depth-1 menu-item-link-sub\"><span class=\"jet-nav-link-text\">PINKmicro<\/span><\/a><\/div>\n\t<div class=\"menu-item menu-item-type-post_type menu-item-object-page jet-nav__item-23967 jet-nav__item jet-nav-item-sub\"><a href=\"https:\/\/www.pinktum.com\/en\/learning-journey\/pinkpro\/\" class=\"menu-item-link menu-item-link-depth-1 menu-item-link-sub\"><span class=\"jet-nav-link-text\">PINKpro<\/span><\/a><\/div>\n<\/div>\n<\/div>\n<div class=\"menu-item menu-item-type-post_type menu-item-object-page menu-item-has-children jet-nav__item-17411 jet-nav__item\"><a href=\"https:\/\/www.pinktum.com\/en\/service\/\" class=\"menu-item-link menu-item-link-depth-0 menu-item-link-top\"><span class=\"jet-nav-link-text\">Solutions<\/span><div class=\"jet-nav-arrow\"><i aria-hidden=\"true\" class=\"fa fa-angle-down\"><\/i><\/div><\/a>\n<div  class=\"jet-nav__sub jet-nav-depth-0\">\n\t<div class=\"menu-item menu-item-type-post_type menu-item-object-page jet-nav__item-17412 jet-nav__item jet-nav-item-sub\"><a href=\"https:\/\/www.pinktum.com\/en\/service\/license-models\/\" class=\"menu-item-link menu-item-link-depth-1 menu-item-link-sub\"><span class=\"jet-nav-link-text\">License Models<\/span><\/a><\/div>\n\t<div class=\"menu-item menu-item-type-post_type menu-item-object-page jet-nav__item-17413 jet-nav__item jet-nav-item-sub\"><a href=\"https:\/\/www.pinktum.com\/en\/service\/learning-success\/\" class=\"menu-item-link menu-item-link-depth-1 menu-item-link-sub\"><span class=\"jet-nav-link-text\">Learning success<\/span><\/a><\/div>\n\t<div class=\"menu-item menu-item-type-post_type menu-item-object-page jet-nav__item-17414 jet-nav__item jet-nav-item-sub\"><a href=\"https:\/\/www.pinktum.com\/en\/service\/integration\/\" class=\"menu-item-link menu-item-link-depth-1 menu-item-link-sub\"><span class=\"jet-nav-link-text\">Integration<\/span><\/a><\/div>\n<\/div>\n<\/div>\n<div class=\"menu-item menu-item-type-post_type menu-item-object-page menu-item-has-children jet-nav__item-17416 jet-nav__item\"><a href=\"https:\/\/www.pinktum.com\/en\/insights\/\" class=\"menu-item-link menu-item-link-depth-0 menu-item-link-top\"><span class=\"jet-nav-link-text\">Insights<\/span><div class=\"jet-nav-arrow\"><i aria-hidden=\"true\" class=\"fa fa-angle-down\"><\/i><\/div><\/a>\n<div  class=\"jet-nav__sub jet-nav-depth-0\">\n\t<div class=\"menu-item menu-item-type-post_type menu-item-object-page jet-nav__item-17417 jet-nav__item jet-nav-item-sub\"><a href=\"https:\/\/www.pinktum.com\/en\/insights\/blog\/\" class=\"menu-item-link menu-item-link-depth-1 menu-item-link-sub\"><span class=\"jet-nav-link-text\">Blog<\/span><\/a><\/div>\n\t<div class=\"menu-item menu-item-type-post_type menu-item-object-page jet-nav__item-17418 jet-nav__item jet-nav-item-sub\"><a href=\"https:\/\/www.pinktum.com\/en\/insights\/guide\/\" class=\"menu-item-link menu-item-link-depth-1 menu-item-link-sub\"><span class=\"jet-nav-link-text\">Guide<\/span><\/a><\/div>\n\t<div class=\"menu-item menu-item-type-post_type menu-item-object-page jet-nav__item-17419 jet-nav__item jet-nav-item-sub\"><a href=\"https:\/\/www.pinktum.com\/en\/insights\/events\/\" class=\"menu-item-link menu-item-link-depth-1 menu-item-link-sub\"><span class=\"jet-nav-link-text\">Events<\/span><\/a><\/div>\n\t<div class=\"menu-item menu-item-type-post_type menu-item-object-page jet-nav__item-17420 jet-nav__item jet-nav-item-sub\"><a href=\"https:\/\/www.pinktum.com\/en\/insights\/talk\/\" class=\"menu-item-link menu-item-link-depth-1 menu-item-link-sub\"><span class=\"jet-nav-link-text\">PINKTUM Talk<\/span><\/a><\/div>\n<\/div>\n<\/div>\n<div class=\"menu-item menu-item-type-post_type menu-item-object-page menu-item-has-children jet-nav__item-17421 jet-nav__item\"><a href=\"https:\/\/www.pinktum.com\/en\/connect\/\" class=\"menu-item-link menu-item-link-depth-0 menu-item-link-top\"><span class=\"jet-nav-link-text\">About Us<\/span><div class=\"jet-nav-arrow\"><i aria-hidden=\"true\" class=\"fa fa-angle-down\"><\/i><\/div><\/a>\n<div  class=\"jet-nav__sub jet-nav-depth-0\">\n\t<div class=\"menu-item menu-item-type-post_type menu-item-object-page jet-nav__item-17422 jet-nav__item jet-nav-item-sub\"><a href=\"https:\/\/www.pinktum.com\/en\/connect\/about-us\/\" class=\"menu-item-link menu-item-link-depth-1 menu-item-link-sub\"><span class=\"jet-nav-link-text\">About PINKTUM<\/span><\/a><\/div>\n\t<div class=\"menu-item menu-item-type-post_type menu-item-object-page jet-nav__item-22500 jet-nav__item jet-nav-item-sub\"><a href=\"https:\/\/www.pinktum.com\/en\/connect\/responsible-ai\/\" class=\"menu-item-link menu-item-link-depth-1 menu-item-link-sub\"><span class=\"jet-nav-link-text\">Responsible AI<\/span><\/a><\/div>\n\t<div class=\"menu-item menu-item-type-post_type menu-item-object-page jet-nav__item-17424 jet-nav__item jet-nav-item-sub\"><a href=\"https:\/\/www.pinktum.com\/en\/connect\/reviews\/\" class=\"menu-item-link menu-item-link-depth-1 menu-item-link-sub\"><span class=\"jet-nav-link-text\">Reviews<\/span><\/a><\/div>\n\t<div class=\"menu-item menu-item-type-post_type menu-item-object-page jet-nav__item-17425 jet-nav__item jet-nav-item-sub\"><a href=\"https:\/\/www.pinktum.com\/en\/connect\/press\/\" class=\"menu-item-link menu-item-link-depth-1 menu-item-link-sub\"><span class=\"jet-nav-link-text\">Press<\/span><\/a><\/div>\n<\/div>\n<\/div>\n<\/div><\/div><\/nav>\t\t\t\t<\/div>\n\t\t\t\t<\/div>\n\t\t\t\t<\/div>\n\t\t\t\t\t<\/details>\n\t\t\t\t\t<\/div>\n\t\t\t\t\t\t<\/div>\n\t\t\t\t<\/div>\n\t\t\t\t\t<\/div>\n\t\t\t\t<\/div>\n\t\t\t\t<\/div>\n\t\t","protected":false},"excerpt":{"rendered":"<p>Test account Learning Journey PINKprofile PINKmacro PINKmicro PINKpro L\u00f6sungen Lizenzmodelle Lernerfolg IDD-E-learning Integration Angebot Produkt\u00fcbersicht Insights Blog Leitf\u00e4den Events PINKTUM Talk On Tour \u00dcber uns \u00dcber PINKTUM Responsible AI Referenzen Presse Test account Learning Journey PINKprofile PINKmacro PINKmicro PINKpro L\u00f6sungen Lizenzmodelle Lernerfolg IDD-E-learning Integration Angebot Produkt\u00fcbersicht Insights Blog Leitf\u00e4den Events PINKTUM Talk On Tour \u00dcber [&hellip;]<\/p>\n","protected":false},"author":1,"featured_media":0,"parent":0,"menu_order":0,"comment_status":"closed","ping_status":"closed","template":"","meta":{"_monsterinsights_skip_tracking":false,"_monsterinsights_sitenote_active":false,"_monsterinsights_sitenote_note":"","_monsterinsights_sitenote_category":0,"footnotes":""},"referenzen":[],"class_list":["post-21202","page","type-page","status-publish","hentry"],"_links":{"self":[{"href":"https:\/\/www.pinktum.com\/en\/wp-json\/wp\/v2\/pages\/21202","targetHints":{"allow":["GET"]}}],"collection":[{"href":"https:\/\/www.pinktum.com\/en\/wp-json\/wp\/v2\/pages"}],"about":[{"href":"https:\/\/www.pinktum.com\/en\/wp-json\/wp\/v2\/types\/page"}],"author":[{"embeddable":true,"href":"https:\/\/www.pinktum.com\/en\/wp-json\/wp\/v2\/users\/1"}],"replies":[{"embeddable":true,"href":"https:\/\/www.pinktum.com\/en\/wp-json\/wp\/v2\/comments?post=21202"}],"version-history":[{"count":0,"href":"https:\/\/www.pinktum.com\/en\/wp-json\/wp\/v2\/pages\/21202\/revisions"}],"wp:attachment":[{"href":"https:\/\/www.pinktum.com\/en\/wp-json\/wp\/v2\/media?parent=21202"}],"wp:term":[{"taxonomy":"referenzen","embeddable":true,"href":"https:\/\/www.pinktum.com\/en\/wp-json\/wp\/v2\/referenzen?post=21202"}],"curies":[{"name":"wp","href":"https:\/\/api.w.org\/{rel}","templated":true}]}}