{"id":421,"date":"2024-08-02T09:14:00","date_gmt":"2024-08-02T07:14:00","guid":{"rendered":"https:\/\/wordpress.pinktum.dev\/?page_id=421"},"modified":"2026-02-13T12:54:30","modified_gmt":"2026-02-13T11:54:30","slug":"pinkprofile","status":"publish","type":"page","link":"https:\/\/www.pinktum.com\/de\/learning-journey\/pinkprofile\/","title":{"rendered":"PINKProfile"},"content":{"rendered":"\t\t<div data-elementor-type=\"wp-page\" data-elementor-id=\"421\" class=\"elementor elementor-421\" data-elementor-post-type=\"page\">\n\t\t\t\t<div class=\"elementor-element elementor-element-532e938 e-flex e-con-boxed e-con e-child\" data-id=\"532e938\" data-element_type=\"container\" data-settings=\"{&quot;background_background&quot;:&quot;classic&quot;,&quot;jet_parallax_layout_list&quot;:[]}\">\n\t\t\t\t\t<div class=\"e-con-inner\">\n\t\t\t\t<div class=\"elementor-element elementor-element-c3bc8ec elementor-widget elementor-widget-heading\" data-id=\"c3bc8ec\" data-element_type=\"widget\" data-widget_type=\"heading.default\">\n\t\t\t\t<div class=\"elementor-widget-container\">\n\t\t\t\t\t<h1 class=\"elementor-heading-title elementor-size-default\"><strong><span style=\"color: #fff;font-family: 'All-Round-Gothic', sans-serif;text-transform: uppercase;font-weight: bold;font-size: 67px\">PINK<\/span><\/strong>PROFILE<\/h1>\t\t\t\t<\/div>\n\t\t\t\t<\/div>\n\t\t\t\t<div class=\"elementor-element elementor-element-35ef47d elementor-widget__width-initial elementor-widget elementor-widget-heading\" data-id=\"35ef47d\" data-element_type=\"widget\" data-widget_type=\"heading.default\">\n\t\t\t\t<div class=\"elementor-widget-container\">\n\t\t\t\t\t<h2 class=\"elementor-heading-title elementor-size-default\">In nur f\u00fcnf Minuten automatisierte und wissenschaftsbasierte Lernempfehlungen f\u00fcr ein pers\u00f6nlichen Soft Skills Trainingsplan erhalten.<\/h2>\t\t\t\t<\/div>\n\t\t\t\t<\/div>\n\t\t\t\t<div class=\"elementor-element elementor-element-cf1c4cc elementor-widget elementor-widget-button\" data-id=\"cf1c4cc\" data-element_type=\"widget\" data-widget_type=\"button.default\">\n\t\t\t\t<div class=\"elementor-widget-container\">\n\t\t\t\t\t\t\t\t\t<div class=\"elementor-button-wrapper\">\n\t\t\t\t\t<a class=\"elementor-button elementor-button-link elementor-size-sm elementor-animation-grow\" href=\"https:\/\/www.pinktum.com\/testzugang\/\">\n\t\t\t\t\t\t<span class=\"elementor-button-content-wrapper\">\n\t\t\t\t\t\t\t\t\t<span class=\"elementor-button-text\">Jetzt kostenlos testen<\/span>\n\t\t\t\t\t<\/span>\n\t\t\t\t\t<\/a>\n\t\t\t\t<\/div>\n\t\t\t\t\t\t\t\t<\/div>\n\t\t\t\t<\/div>\n\t\t\t\t\t<\/div>\n\t\t\t\t<\/div>\n\t\t<div class=\"elementor-element elementor-element-bf7c5a1 e-flex e-con-boxed e-con e-parent\" data-id=\"bf7c5a1\" data-element_type=\"container\" data-settings=\"{&quot;jet_parallax_layout_list&quot;:[]}\">\n\t\t\t\t\t<div class=\"e-con-inner\">\n\t\t<div class=\"elementor-element elementor-element-46dbc6e e-con-full e-flex e-con e-child\" data-id=\"46dbc6e\" data-element_type=\"container\" data-settings=\"{&quot;jet_parallax_layout_list&quot;:[]}\">\n\t\t<div class=\"elementor-element elementor-element-f86cd9f e-con-full e-flex e-con e-child\" data-id=\"f86cd9f\" data-element_type=\"container\" data-settings=\"{&quot;jet_parallax_layout_list&quot;:[]}\">\n\t\t\t\t<div class=\"elementor-element elementor-element-2e2197d elementor-widget elementor-widget-text-editor\" data-id=\"2e2197d\" data-element_type=\"widget\" data-widget_type=\"text-editor.default\">\n\t\t\t\t<div class=\"elementor-widget-container\">\n\t\t\t\t\t\t\t\t\t<p style=\"font-family: 'Inter', Sans-serif; font-size: 35px; font-weight: 600; text-transform: none; line-height: 1.3em;\"><strong><span style=\"color: #05143c; font-family: 'All-Round-Gothic', sans-serif; text-transform: uppercase; font-weight: bold; font-size: 40px;\">PINK <\/span><\/strong><span style=\"font-family: 'Inter', Sans-serif; font-weight: 300; margin-left: -9px;\">PROFILE<\/span> auf den Punkt<\/p>\t\t\t\t\t\t\t\t<\/div>\n\t\t\t\t<\/div>\n\t\t\t\t<div class=\"elementor-element elementor-element-30ac624 elementor-widget elementor-widget-text-editor\" data-id=\"30ac624\" data-element_type=\"widget\" data-widget_type=\"text-editor.default\">\n\t\t\t\t<div class=\"elementor-widget-container\">\n\t\t\t\t\t\t\t\t\t<p>Mit dem digitalen Tool PINKprofile die eigenen St\u00e4rken und unbewussten Kompetenzen eigenst\u00e4ndig entschl\u00fcsseln. Das wissenschaftsbasierte Analyseverfahren erstellt sofort individuelle Trainingsempfehlungen f\u00fcr die Weiterentwicklung pers\u00f6nlicher Soft Skills.<\/p>\t\t\t\t\t\t\t\t<\/div>\n\t\t\t\t<\/div>\n\t\t\t\t<\/div>\n\t\t<div class=\"elementor-element elementor-element-3475dfc e-con-full e-flex e-con e-child\" data-id=\"3475dfc\" data-element_type=\"container\" data-settings=\"{&quot;jet_parallax_layout_list&quot;:[],&quot;background_background&quot;:&quot;classic&quot;}\">\n\t\t\t\t<\/div>\n\t\t\t\t<\/div>\n\t\t\t\t\t<\/div>\n\t\t\t\t<\/div>\n\t\t<div class=\"elementor-element elementor-element-b2cdf1b e-flex e-con-boxed e-con e-parent\" data-id=\"b2cdf1b\" data-element_type=\"container\" data-settings=\"{&quot;background_background&quot;:&quot;classic&quot;,&quot;jet_parallax_layout_list&quot;:[]}\">\n\t\t\t\t\t<div class=\"e-con-inner\">\n\t\t<div class=\"elementor-element elementor-element-cb377dd e-con-full e-flex e-con e-child\" data-id=\"cb377dd\" data-element_type=\"container\" data-settings=\"{&quot;jet_parallax_layout_list&quot;:[]}\">\n\t\t<div class=\"elementor-element elementor-element-f490707 e-con-full e-flex e-con e-child\" data-id=\"f490707\" data-element_type=\"container\" data-settings=\"{&quot;jet_parallax_layout_list&quot;:[],&quot;background_background&quot;:&quot;classic&quot;}\">\n\t\t\t\t<\/div>\n\t\t<div class=\"elementor-element elementor-element-173c16c e-con-full e-flex e-con e-child\" data-id=\"173c16c\" data-element_type=\"container\" data-settings=\"{&quot;jet_parallax_layout_list&quot;:[]}\">\n\t\t\t\t<div class=\"elementor-element elementor-element-6273336 elementor-widget elementor-widget-text-editor\" data-id=\"6273336\" data-element_type=\"widget\" data-widget_type=\"text-editor.default\">\n\t\t\t\t<div class=\"elementor-widget-container\">\n\t\t\t\t\t\t\t\t\t<p>Winning Strategies<\/p>\t\t\t\t\t\t\t\t<\/div>\n\t\t\t\t<\/div>\n\t\t\t\t<div class=\"elementor-element elementor-element-221a7ee elementor-widget elementor-widget-text-editor\" data-id=\"221a7ee\" data-element_type=\"widget\" data-widget_type=\"text-editor.default\">\n\t\t\t\t<div class=\"elementor-widget-container\">\n\t\t\t\t\t\t\t\t\t<p>Im Flow zur Spitzenleistung<\/p>\t\t\t\t\t\t\t\t<\/div>\n\t\t\t\t<\/div>\n\t\t\t\t<div class=\"elementor-element elementor-element-0326add elementor-widget elementor-widget-text-editor\" data-id=\"0326add\" data-element_type=\"widget\" data-widget_type=\"text-editor.default\">\n\t\t\t\t<div class=\"elementor-widget-container\">\n\t\t\t\t\t\t\t\t\t<p>Performen, wenn es darauf ankommt! Das w\u00fcnscht sich jeder f\u00fcr seine Entwicklung. Ganz besonders kritisch ist es aber f\u00fcr die Karriere von Sportlern. F\u00fcr sie entscheiden oft nur wenige Augenblicke \u00fcber die eigene Zukunft \u2013 \u00fcber die n\u00e4chste Nominierung, die weitere F\u00f6rderung, \u00fcber den Titel. Wie gelingt es ihnen, den entscheidenden Elfmeter in der EM zu verwandeln? Den Match-Point in Wimbledon zu machen? In Olympia die eigenen Grenzen zu verschieben?<\/p>\t\t\t\t\t\t\t\t<\/div>\n\t\t\t\t<\/div>\n\t\t\t\t<div class=\"elementor-element elementor-element-198a269 elementor-widget elementor-widget-button\" data-id=\"198a269\" data-element_type=\"widget\" data-widget_type=\"button.default\">\n\t\t\t\t<div class=\"elementor-widget-container\">\n\t\t\t\t\t\t\t\t\t<div class=\"elementor-button-wrapper\">\n\t\t\t\t\t<a class=\"elementor-button elementor-button-link elementor-size-sm elementor-animation-grow\" href=\"https:\/\/www.pinktum.com\/de\/studien-forschung\/winning-strategies\/\">\n\t\t\t\t\t\t<span class=\"elementor-button-content-wrapper\">\n\t\t\t\t\t\t\t\t\t<span class=\"elementor-button-text\">Zum Blogbeitrag<\/span>\n\t\t\t\t\t<\/span>\n\t\t\t\t\t<\/a>\n\t\t\t\t<\/div>\n\t\t\t\t\t\t\t\t<\/div>\n\t\t\t\t<\/div>\n\t\t\t\t<\/div>\n\t\t\t\t<\/div>\n\t\t\t\t\t<\/div>\n\t\t\t\t<\/div>\n\t\t<div class=\"elementor-element elementor-element-913d8dd e-flex e-con-boxed e-con e-parent\" data-id=\"913d8dd\" data-element_type=\"container\" data-settings=\"{&quot;jet_parallax_layout_list&quot;:[]}\">\n\t\t\t\t\t<div class=\"e-con-inner\">\n\t\t<div class=\"elementor-element elementor-element-2967d69 e-grid e-con-full e-con e-child\" data-id=\"2967d69\" data-element_type=\"container\" data-settings=\"{&quot;jet_parallax_layout_list&quot;:[]}\">\n\t\t\t\t<div class=\"elementor-element elementor-element-dba000e elementor-position-top elementor-widget elementor-widget-image-box\" data-id=\"dba000e\" data-element_type=\"widget\" data-widget_type=\"image-box.default\">\n\t\t\t\t<div class=\"elementor-widget-container\">\n\t\t\t\t\t<div class=\"elementor-image-box-wrapper\"><figure class=\"elementor-image-box-img\"><img fetchpriority=\"high\" decoding=\"async\" width=\"512\" height=\"512\" src=\"https:\/\/www.pinktum.com\/wp-content\/uploads\/2025\/01\/S4_ICON_Persoenlicher-Stil.svg\" class=\"attachment-full size-full wp-image-8957\" alt=\"\" \/><\/figure><div class=\"elementor-image-box-content\"><h3 class=\"elementor-image-box-title\">Pers\u00f6nlicher Stil<\/h3><p class=\"elementor-image-box-description\">PINKprofile basiert auf 42 Bildern mit wissen-schaftlichem Kontext. Die intuitive Zu- und Einordnung der Darstellungen dekodiert erstaunliche Erkenntnisse \u00fcber die eigenen\u2028Soft Skills.  \n<\/p><\/div><\/div>\t\t\t\t<\/div>\n\t\t\t\t<\/div>\n\t\t\t\t<div class=\"elementor-element elementor-element-9a90a4a elementor-position-top elementor-widget elementor-widget-image-box\" data-id=\"9a90a4a\" data-element_type=\"widget\" data-widget_type=\"image-box.default\">\n\t\t\t\t<div class=\"elementor-widget-container\">\n\t\t\t\t\t<div class=\"elementor-image-box-wrapper\"><figure class=\"elementor-image-box-img\"><img decoding=\"async\" width=\"512\" height=\"512\" src=\"https:\/\/www.pinktum.com\/wp-content\/uploads\/2025\/01\/S4_ICON_Kompetenz-Facetten.svg\" class=\"attachment-full size-full wp-image-8949\" alt=\"\" \/><\/figure><div class=\"elementor-image-box-content\"><h3 class=\"elementor-image-box-title\">Acht Kompetenzen<\/h3><p class=\"elementor-image-box-description\">Basierend auf den grafischen Bewertungen folgt ein automatisch generiertes Lernprofil. PINKprofile bewertet Intuitionen und gewichtet die Auspr\u00e4gungen \u00fcber acht Kompetenz-Facetten.\n<\/p><\/div><\/div>\t\t\t\t<\/div>\n\t\t\t\t<\/div>\n\t\t\t\t<div class=\"elementor-element elementor-element-53dfa46 elementor-position-top elementor-widget elementor-widget-image-box\" data-id=\"53dfa46\" data-element_type=\"widget\" data-widget_type=\"image-box.default\">\n\t\t\t\t<div class=\"elementor-widget-container\">\n\t\t\t\t\t<div class=\"elementor-image-box-wrapper\"><figure class=\"elementor-image-box-img\"><img decoding=\"async\" width=\"512\" height=\"512\" src=\"https:\/\/www.pinktum.com\/wp-content\/uploads\/2025\/01\/S4_ICON_Mehrwerte.svg\" class=\"attachment-full size-full wp-image-8953\" alt=\"\" \/><\/figure><div class=\"elementor-image-box-content\"><h3 class=\"elementor-image-box-title\">Mehrwerte f\u00fcr alle<\/h3><p class=\"elementor-image-box-description\">Die Analysereports von PINKprofile sind vertraulich und nur datenschutzkonform einsehbar. Die Administration erh\u00e4lt einen strategischen Zugriff auf anonymisierte Auswertungen.\n<\/p><\/div><\/div>\t\t\t\t<\/div>\n\t\t\t\t<\/div>\n\t\t\t\t<\/div>\n\t\t\t\t\t<\/div>\n\t\t\t\t<\/div>\n\t\t<div class=\"elementor-element elementor-element-5985056 e-flex e-con-boxed e-con e-parent\" data-id=\"5985056\" data-element_type=\"container\" data-settings=\"{&quot;background_background&quot;:&quot;gradient&quot;,&quot;jet_parallax_layout_list&quot;:[]}\">\n\t\t\t\t\t<div class=\"e-con-inner\">\n\t\t<div class=\"elementor-element elementor-element-4d6222e e-con-full e-flex e-con e-child\" data-id=\"4d6222e\" data-element_type=\"container\" data-settings=\"{&quot;jet_parallax_layout_list&quot;:[]}\">\n\t\t<div class=\"elementor-element elementor-element-c879d25 e-con-full e-flex e-con e-child\" data-id=\"c879d25\" data-element_type=\"container\" data-settings=\"{&quot;jet_parallax_layout_list&quot;:[]}\">\n\t\t\t\t<div class=\"elementor-element elementor-element-16d6668 elementor-widget elementor-widget-heading\" data-id=\"16d6668\" data-element_type=\"widget\" data-widget_type=\"heading.default\">\n\t\t\t\t<div class=\"elementor-widget-container\">\n\t\t\t\t\t<h2 class=\"elementor-heading-title elementor-size-default\">Internationale Anwendung<\/h2>\t\t\t\t<\/div>\n\t\t\t\t<\/div>\n\t\t\t\t<div class=\"elementor-element elementor-element-24709a2 elementor-widget elementor-widget-text-editor\" data-id=\"24709a2\" data-element_type=\"widget\" data-widget_type=\"text-editor.default\">\n\t\t\t\t<div class=\"elementor-widget-container\">\n\t\t\t\t\t\t\t\t\t<p>PINKprofile ist in den Sprachen Deutsch, Englisch, Franz\u00f6sisch und Spanisch weltweit online nutzbar.<\/p>\t\t\t\t\t\t\t\t<\/div>\n\t\t\t\t<\/div>\n\t\t\t\t<\/div>\n\t\t<div class=\"elementor-element elementor-element-5f566fe e-con-full e-flex e-con e-child\" data-id=\"5f566fe\" data-element_type=\"container\" data-settings=\"{&quot;jet_parallax_layout_list&quot;:[],&quot;background_background&quot;:&quot;classic&quot;}\">\n\t\t\t\t<\/div>\n\t\t\t\t<\/div>\n\t\t\t\t\t<\/div>\n\t\t\t\t<\/div>\n\t\t\t\t<\/div>\n\t\t","protected":false},"excerpt":{"rendered":"<p>PINKPROFILE In nur f\u00fcnf Minuten automatisierte und wissenschaftsbasierte Lernempfehlungen f\u00fcr ein pers\u00f6nlichen Soft Skills Trainingsplan erhalten. Jetzt kostenlos testen PINK PROFILE auf den Punkt Mit dem digitalen Tool PINKprofile die eigenen St\u00e4rken und unbewussten Kompetenzen eigenst\u00e4ndig entschl\u00fcsseln. Das wissenschaftsbasierte Analyseverfahren erstellt sofort individuelle Trainingsempfehlungen f\u00fcr die Weiterentwicklung pers\u00f6nlicher Soft Skills. Winning Strategies Im Flow zur [&hellip;]<\/p>\n","protected":false},"author":1,"featured_media":755,"parent":419,"menu_order":1,"comment_status":"closed","ping_status":"closed","template":"","meta":{"_monsterinsights_skip_tracking":false,"_monsterinsights_sitenote_active":false,"_monsterinsights_sitenote_note":"","_monsterinsights_sitenote_category":0,"footnotes":""},"referenzen":[],"class_list":["post-421","page","type-page","status-publish","has-post-thumbnail","hentry"],"_links":{"self":[{"href":"https:\/\/www.pinktum.com\/de\/wp-json\/wp\/v2\/pages\/421","targetHints":{"allow":["GET"]}}],"collection":[{"href":"https:\/\/www.pinktum.com\/de\/wp-json\/wp\/v2\/pages"}],"about":[{"href":"https:\/\/www.pinktum.com\/de\/wp-json\/wp\/v2\/types\/page"}],"author":[{"embeddable":true,"href":"https:\/\/www.pinktum.com\/de\/wp-json\/wp\/v2\/users\/1"}],"replies":[{"embeddable":true,"href":"https:\/\/www.pinktum.com\/de\/wp-json\/wp\/v2\/comments?post=421"}],"version-history":[{"count":0,"href":"https:\/\/www.pinktum.com\/de\/wp-json\/wp\/v2\/pages\/421\/revisions"}],"up":[{"embeddable":true,"href":"https:\/\/www.pinktum.com\/de\/wp-json\/wp\/v2\/pages\/419"}],"wp:featuredmedia":[{"embeddable":true,"href":"https:\/\/www.pinktum.com\/de\/wp-json\/wp\/v2\/media\/755"}],"wp:attachment":[{"href":"https:\/\/www.pinktum.com\/de\/wp-json\/wp\/v2\/media?parent=421"}],"wp:term":[{"taxonomy":"referenzen","embeddable":true,"href":"https:\/\/www.pinktum.com\/de\/wp-json\/wp\/v2\/referenzen?post=421"}],"curies":[{"name":"wp","href":"https:\/\/api.w.org\/{rel}","templated":true}]}}