{"id":3117,"date":"2024-12-11T18:23:55","date_gmt":"2024-12-11T17:23:55","guid":{"rendered":"https:\/\/wordpress.pinktum.dev\/?page_id=3117"},"modified":"2025-10-08T16:12:34","modified_gmt":"2025-10-08T14:12:34","slug":"integration","status":"publish","type":"page","link":"https:\/\/www.pinktum.com\/de\/loesungen\/integration\/","title":{"rendered":"Integration"},"content":{"rendered":"\t\t<div data-elementor-type=\"wp-page\" data-elementor-id=\"3117\" class=\"elementor elementor-3117\" data-elementor-post-type=\"page\">\n\t\t\t\t<div class=\"elementor-element elementor-element-22a1428 e-flex e-con-boxed e-con e-parent\" data-id=\"22a1428\" data-element_type=\"container\" data-settings=\"{&quot;background_background&quot;:&quot;classic&quot;,&quot;jet_parallax_layout_list&quot;:[]}\">\n\t\t\t\t\t<div class=\"e-con-inner\">\n\t\t\t\t<div class=\"elementor-element elementor-element-728666a elementor-widget__width-initial elementor-widget elementor-widget-heading\" data-id=\"728666a\" data-element_type=\"widget\" data-widget_type=\"heading.default\">\n\t\t\t\t<div class=\"elementor-widget-container\">\n\t\t\t\t\t<h2 class=\"elementor-heading-title elementor-size-default\">Integration<\/h2>\t\t\t\t<\/div>\n\t\t\t\t<\/div>\n\t\t\t\t<div class=\"elementor-element elementor-element-9ce9799 elementor-widget__width-initial elementor-widget elementor-widget-heading\" data-id=\"9ce9799\" data-element_type=\"widget\" data-widget_type=\"heading.default\">\n\t\t\t\t<div class=\"elementor-widget-container\">\n\t\t\t\t\t<h2 class=\"elementor-heading-title elementor-size-default\">Das Zuhause unserer E-Trainings und Schnittstelle zur webbasierten Personalentwicklung mit komfortabler Administration f\u00fcr Unternehmen.<\/h2>\t\t\t\t<\/div>\n\t\t\t\t<\/div>\n\t\t\t\t\t<\/div>\n\t\t\t\t<\/div>\n\t\t<div class=\"elementor-element elementor-element-1111879 e-flex e-con-boxed e-con e-parent\" data-id=\"1111879\" data-element_type=\"container\" data-settings=\"{&quot;jet_parallax_layout_list&quot;:[]}\">\n\t\t\t\t\t<div class=\"e-con-inner\">\n\t\t<div class=\"elementor-element elementor-element-0f7e105 e-con-full e-flex e-con e-child\" data-id=\"0f7e105\" data-element_type=\"container\" data-settings=\"{&quot;jet_parallax_layout_list&quot;:[]}\">\n\t\t<div class=\"elementor-element elementor-element-555aa5d e-con-full e-flex e-con e-child\" data-id=\"555aa5d\" data-element_type=\"container\" data-settings=\"{&quot;jet_parallax_layout_list&quot;:[]}\">\n\t\t\t\t<div class=\"elementor-element elementor-element-14f6f1b elementor-widget elementor-widget-heading\" data-id=\"14f6f1b\" data-element_type=\"widget\" data-widget_type=\"heading.default\">\n\t\t\t\t<div class=\"elementor-widget-container\">\n\t\t\t\t\t<h2 class=\"elementor-heading-title elementor-size-default\"><p style=\"font-family: 'Inter', Sans-serif;font-size: 35px;font-weight: 600;text-transform: none;line-height: 1.3em\">\n<strong><span style=\"color: #05143c;font-family: 'All-Round-Gothic', sans-serif;text-transform: uppercase;font-weight: bold;font-size: 40px\">Hallo<\/span><\/strong>, digitale Lernwelt<\/p><\/h2>\t\t\t\t<\/div>\n\t\t\t\t<\/div>\n\t\t\t\t<div class=\"elementor-element elementor-element-0ef1b58 elementor-widget elementor-widget-text-editor\" data-id=\"0ef1b58\" data-element_type=\"widget\" data-widget_type=\"text-editor.default\">\n\t\t\t\t<div class=\"elementor-widget-container\">\n\t\t\t\t\t\t\t\t\t<p>Die PINKTUM World ist eine zentrale Lernplattform zur automatisierten Auslieferung, Integration, Aktualisierung und Verwaltung unserer E-Trainings. Als digitaler Hub bietet die PINKTUM World einen zentralen Zugriff auf gemietete oder gekaufte E-Trainings mit Dashboard-L\u00f6sung f\u00fcr ein \u00fcbersichtliches Management.<\/p>\t\t\t\t\t\t\t\t<\/div>\n\t\t\t\t<\/div>\n\t\t\t\t<\/div>\n\t\t<div class=\"elementor-element elementor-element-220c993 e-con-full e-flex e-con e-child\" data-id=\"220c993\" data-element_type=\"container\" data-settings=\"{&quot;jet_parallax_layout_list&quot;:[],&quot;background_background&quot;:&quot;classic&quot;}\">\n\t\t\t\t<\/div>\n\t\t\t\t<\/div>\n\t\t\t\t\t<\/div>\n\t\t\t\t<\/div>\n\t\t<div class=\"elementor-element elementor-element-2899629 e-con-full e-flex e-con e-parent\" data-id=\"2899629\" data-element_type=\"container\" data-settings=\"{&quot;background_background&quot;:&quot;classic&quot;,&quot;jet_parallax_layout_list&quot;:[]}\">\n\t\t<div class=\"elementor-element elementor-element-0ee88f9 e-flex e-con-boxed e-con e-child\" data-id=\"0ee88f9\" data-element_type=\"container\" data-settings=\"{&quot;jet_parallax_layout_list&quot;:[]}\">\n\t\t\t\t\t<div class=\"e-con-inner\">\n\t\t<div class=\"elementor-element elementor-element-68afce9 e-con-full e-flex e-con e-child\" data-id=\"68afce9\" data-element_type=\"container\" data-settings=\"{&quot;jet_parallax_layout_list&quot;:[]}\">\n\t\t<div class=\"elementor-element elementor-element-978719b e-con-full e-flex e-con e-child\" data-id=\"978719b\" data-element_type=\"container\" data-settings=\"{&quot;jet_parallax_layout_list&quot;:[]}\">\n\t\t\t\t<div class=\"elementor-element elementor-element-5c4a3c9 elementor-widget elementor-widget-text-editor\" data-id=\"5c4a3c9\" data-element_type=\"widget\" data-widget_type=\"text-editor.default\">\n\t\t\t\t<div class=\"elementor-widget-container\">\n\t\t\t\t\t\t\t\t\t<p style=\"font-family: 'Inter', Sans-serif; font-size: 35px; font-weight: 600; text-transform: none; line-height: 1.3em;\">\n<strong><span style=\"color: #05143c; font-family: 'All-Round-Gothic', sans-serif; text-transform: uppercase; font-weight: bold; font-size: 40px;\">Pinktum World<\/span><\/strong> ist der Zeit voraus<\/p>\t\t\t\t\t\t\t\t<\/div>\n\t\t\t\t<\/div>\n\t\t\t\t<div class=\"elementor-element elementor-element-391dab9 elementor-widget elementor-widget-text-editor\" data-id=\"391dab9\" data-element_type=\"widget\" data-widget_type=\"text-editor.default\">\n\t\t\t\t<div class=\"elementor-widget-container\">\n\t\t\t\t\t\t\t\t\t<p>Als digitale Auslieferungsplattform integriert die PINKTUM World unseren Premium-Content in das Learning Management System von Unternehmen. Automatisiert als zentrale L\u00f6sung, damit mehr Zeit f\u00fcr das Wesentliche bei der Personalentwicklung bleibt.<\/p>\t\t\t\t\t\t\t\t<\/div>\n\t\t\t\t<\/div>\n\t\t\t\t<\/div>\n\t\t<div class=\"elementor-element elementor-element-b947cc3 e-con-full elementor-hidden-tablet elementor-hidden-mobile e-flex e-con e-child\" data-id=\"b947cc3\" data-element_type=\"container\" data-settings=\"{&quot;jet_parallax_layout_list&quot;:[]}\">\n\t\t\t\t<\/div>\n\t\t\t\t<\/div>\n\t\t\t\t\t<\/div>\n\t\t\t\t<\/div>\n\t\t<div class=\"elementor-element elementor-element-af8aa12 e-grid e-con-boxed e-con e-child\" data-id=\"af8aa12\" data-element_type=\"container\" data-settings=\"{&quot;jet_parallax_layout_list&quot;:[]}\">\n\t\t\t\t\t<div class=\"e-con-inner\">\n\t\t\t\t<div class=\"elementor-element elementor-element-24b615a elementor-position-top elementor-widget elementor-widget-image-box\" data-id=\"24b615a\" data-element_type=\"widget\" data-widget_type=\"image-box.default\">\n\t\t\t\t<div class=\"elementor-widget-container\">\n\t\t\t\t\t<div class=\"elementor-image-box-wrapper\"><figure class=\"elementor-image-box-img\"><img fetchpriority=\"high\" decoding=\"async\" width=\"512\" height=\"512\" src=\"https:\/\/www.pinktum.com\/wp-content\/uploads\/2025\/01\/S4_ICON_Digitale-Schnittstelle.svg\" class=\"attachment-full size-full wp-image-9101\" alt=\"\" \/><\/figure><div class=\"elementor-image-box-content\"><h3 class=\"elementor-image-box-title\">Digitale <br> Schnittstelle<\/h3><\/div><\/div>\t\t\t\t<\/div>\n\t\t\t\t<\/div>\n\t\t\t\t<div class=\"elementor-element elementor-element-00cca9b elementor-position-top elementor-widget elementor-widget-image-box\" data-id=\"00cca9b\" data-element_type=\"widget\" data-widget_type=\"image-box.default\">\n\t\t\t\t<div class=\"elementor-widget-container\">\n\t\t\t\t\t<div class=\"elementor-image-box-wrapper\"><figure class=\"elementor-image-box-img\"><img decoding=\"async\" width=\"512\" height=\"512\" src=\"https:\/\/www.pinktum.com\/wp-content\/uploads\/2025\/01\/S4_ICON_Automatische-Kurs-Updates.svg\" class=\"attachment-full size-full wp-image-9097\" alt=\"\" \/><\/figure><div class=\"elementor-image-box-content\"><h3 class=\"elementor-image-box-title\">Automatische<br>Updates<\/h3><\/div><\/div>\t\t\t\t<\/div>\n\t\t\t\t<\/div>\n\t\t\t\t<div class=\"elementor-element elementor-element-f3fd3a0 elementor-position-top elementor-widget elementor-widget-image-box\" data-id=\"f3fd3a0\" data-element_type=\"widget\" data-widget_type=\"image-box.default\">\n\t\t\t\t<div class=\"elementor-widget-container\">\n\t\t\t\t\t<div class=\"elementor-image-box-wrapper\"><figure class=\"elementor-image-box-img\"><img decoding=\"async\" width=\"512\" height=\"512\" src=\"https:\/\/www.pinktum.com\/wp-content\/uploads\/2025\/01\/S4_ICON_Webbasiertes-Admin-Dashboard.svg\" class=\"attachment-full size-full wp-image-9113\" alt=\"\" \/><\/figure><div class=\"elementor-image-box-content\"><h3 class=\"elementor-image-box-title\">Webbasiertes <br>Dashboard<\/h3><\/div><\/div>\t\t\t\t<\/div>\n\t\t\t\t<\/div>\n\t\t\t\t<div class=\"elementor-element elementor-element-0be949a elementor-position-top elementor-widget elementor-widget-image-box\" data-id=\"0be949a\" data-element_type=\"widget\" data-widget_type=\"image-box.default\">\n\t\t\t\t<div class=\"elementor-widget-container\">\n\t\t\t\t\t<div class=\"elementor-image-box-wrapper\"><figure class=\"elementor-image-box-img\"><img loading=\"lazy\" decoding=\"async\" width=\"512\" height=\"512\" src=\"https:\/\/www.pinktum.com\/wp-content\/uploads\/2025\/01\/S4_ICON_Integrierte-Kommunikationsplattform.svg\" class=\"attachment-full size-full wp-image-9105\" alt=\"\" \/><\/figure><div class=\"elementor-image-box-content\"><h3 class=\"elementor-image-box-title\">Integriere<br>Kommunikationsplattform<\/h3><\/div><\/div>\t\t\t\t<\/div>\n\t\t\t\t<\/div>\n\t\t\t\t<div class=\"elementor-element elementor-element-0b23e65 elementor-position-top elementor-widget elementor-widget-image-box\" data-id=\"0b23e65\" data-element_type=\"widget\" data-widget_type=\"image-box.default\">\n\t\t\t\t<div class=\"elementor-widget-container\">\n\t\t\t\t\t<div class=\"elementor-image-box-wrapper\"><figure class=\"elementor-image-box-img\"><img loading=\"lazy\" decoding=\"async\" width=\"512\" height=\"512\" src=\"https:\/\/www.pinktum.com\/wp-content\/uploads\/2025\/01\/S4_ICON_Analyszentrum-erweiterbar.svg\" class=\"attachment-full size-full wp-image-9093\" alt=\"\" \/><\/figure><div class=\"elementor-image-box-content\"><h3 class=\"elementor-image-box-title\">Als Analysezentrum <br>erweiterbar<\/h3><\/div><\/div>\t\t\t\t<\/div>\n\t\t\t\t<\/div>\n\t\t\t\t<div class=\"elementor-element elementor-element-48202dd elementor-position-top elementor-widget elementor-widget-image-box\" data-id=\"48202dd\" data-element_type=\"widget\" data-widget_type=\"image-box.default\">\n\t\t\t\t<div class=\"elementor-widget-container\">\n\t\t\t\t\t<div class=\"elementor-image-box-wrapper\"><figure class=\"elementor-image-box-img\"><img loading=\"lazy\" decoding=\"async\" width=\"512\" height=\"512\" src=\"https:\/\/www.pinktum.com\/wp-content\/uploads\/2025\/01\/S4_ICON_Mehrsprachige-Oberflaeche.svg\" class=\"attachment-full size-full wp-image-9109\" alt=\"\" \/><\/figure><div class=\"elementor-image-box-content\"><h3 class=\"elementor-image-box-title\">Mehrsprachige <br>Oberfl\u00e4che<\/h3><\/div><\/div>\t\t\t\t<\/div>\n\t\t\t\t<\/div>\n\t\t\t\t\t<\/div>\n\t\t\t\t<\/div>\n\t\t\t\t<\/div>\n\t\t<div class=\"elementor-element elementor-element-0445c6b e-flex e-con-boxed e-con e-parent\" data-id=\"0445c6b\" data-element_type=\"container\" data-settings=\"{&quot;background_background&quot;:&quot;gradient&quot;,&quot;jet_parallax_layout_list&quot;:[]}\">\n\t\t\t\t\t<div class=\"e-con-inner\">\n\t\t<div class=\"elementor-element elementor-element-7dae530 e-con-full e-flex e-con e-child\" data-id=\"7dae530\" data-element_type=\"container\" data-settings=\"{&quot;jet_parallax_layout_list&quot;:[]}\">\n\t\t<div class=\"elementor-element elementor-element-2000320 e-con-full e-flex e-con e-child\" data-id=\"2000320\" data-element_type=\"container\" data-settings=\"{&quot;jet_parallax_layout_list&quot;:[]}\">\n\t\t\t\t<div class=\"elementor-element elementor-element-1d710e5 elementor-widget elementor-widget-text-editor\" data-id=\"1d710e5\" data-element_type=\"widget\" data-widget_type=\"text-editor.default\">\n\t\t\t\t<div class=\"elementor-widget-container\">\n\t\t\t\t\t\t\t\t\t<p>Eine zukunftsorientierte Lernwelt \u2028f\u00fcr die digitale Personalentwicklung!<\/p>\t\t\t\t\t\t\t\t<\/div>\n\t\t\t\t<\/div>\n\t\t\t\t<div class=\"elementor-element elementor-element-01591e8 elementor-widget elementor-widget-text-editor\" data-id=\"01591e8\" data-element_type=\"widget\" data-widget_type=\"text-editor.default\">\n\t\t\t\t<div class=\"elementor-widget-container\">\n\t\t\t\t\t\t\t\t\t<p>Fortschrittliche E-Trainings ben\u00f6tigen eine ebenso fortschrittliche Organisation. Unsere PINKTUM World vereint beides. So erhalten Unternehmen bei PINKTUM einen modernen Zugang zu unserer E-Learning-Bibliothek. Einmal vernetzt, profitiert die digitale Personalentwicklung sofort von einer sich weiterentwickelnden Lernwelt mit vielen n\u00fctzlichen Features.<\/p>\t\t\t\t\t\t\t\t<\/div>\n\t\t\t\t<\/div>\n\t\t\t\t<div class=\"elementor-element elementor-element-b29efec elementor-widget elementor-widget-button\" data-id=\"b29efec\" data-element_type=\"widget\" data-widget_type=\"button.default\">\n\t\t\t\t<div class=\"elementor-widget-container\">\n\t\t\t\t\t\t\t\t\t<div class=\"elementor-button-wrapper\">\n\t\t\t\t\t<a class=\"elementor-button elementor-button-link elementor-size-sm elementor-animation-grow\" href=\"https:\/\/www.pinktum.com\/de\/testzugang\/\">\n\t\t\t\t\t\t<span class=\"elementor-button-content-wrapper\">\n\t\t\t\t\t\t\t\t\t<span class=\"elementor-button-text\">Testzugang anfordern<\/span>\n\t\t\t\t\t<\/span>\n\t\t\t\t\t<\/a>\n\t\t\t\t<\/div>\n\t\t\t\t\t\t\t\t<\/div>\n\t\t\t\t<\/div>\n\t\t\t\t<\/div>\n\t\t<div class=\"elementor-element elementor-element-b68a7f7 e-con-full e-flex e-con e-child\" data-id=\"b68a7f7\" data-element_type=\"container\" data-settings=\"{&quot;jet_parallax_layout_list&quot;:[],&quot;background_background&quot;:&quot;classic&quot;}\">\n\t\t\t\t<\/div>\n\t\t\t\t<\/div>\n\t\t\t\t\t<\/div>\n\t\t\t\t<\/div>\n\t\t\t\t<\/div>\n\t\t","protected":false},"excerpt":{"rendered":"<p>Integration Das Zuhause unserer E-Trainings und Schnittstelle zur webbasierten Personalentwicklung mit komfortabler Administration f\u00fcr Unternehmen. Hallo, digitale Lernwelt Die PINKTUM World ist eine zentrale Lernplattform zur automatisierten Auslieferung, Integration, Aktualisierung und Verwaltung unserer E-Trainings. Als digitaler Hub bietet die PINKTUM World einen zentralen Zugriff auf gemietete oder gekaufte E-Trainings mit Dashboard-L\u00f6sung f\u00fcr ein \u00fcbersichtliches Management. [&hellip;]<\/p>\n","protected":false},"author":1,"featured_media":751,"parent":4789,"menu_order":4,"comment_status":"closed","ping_status":"closed","template":"","meta":{"_monsterinsights_skip_tracking":false,"_monsterinsights_sitenote_active":false,"_monsterinsights_sitenote_note":"","_monsterinsights_sitenote_category":0,"footnotes":""},"referenzen":[],"class_list":["post-3117","page","type-page","status-publish","has-post-thumbnail","hentry"],"_links":{"self":[{"href":"https:\/\/www.pinktum.com\/de\/wp-json\/wp\/v2\/pages\/3117","targetHints":{"allow":["GET"]}}],"collection":[{"href":"https:\/\/www.pinktum.com\/de\/wp-json\/wp\/v2\/pages"}],"about":[{"href":"https:\/\/www.pinktum.com\/de\/wp-json\/wp\/v2\/types\/page"}],"author":[{"embeddable":true,"href":"https:\/\/www.pinktum.com\/de\/wp-json\/wp\/v2\/users\/1"}],"replies":[{"embeddable":true,"href":"https:\/\/www.pinktum.com\/de\/wp-json\/wp\/v2\/comments?post=3117"}],"version-history":[{"count":0,"href":"https:\/\/www.pinktum.com\/de\/wp-json\/wp\/v2\/pages\/3117\/revisions"}],"up":[{"embeddable":true,"href":"https:\/\/www.pinktum.com\/de\/wp-json\/wp\/v2\/pages\/4789"}],"wp:featuredmedia":[{"embeddable":true,"href":"https:\/\/www.pinktum.com\/de\/wp-json\/wp\/v2\/media\/751"}],"wp:attachment":[{"href":"https:\/\/www.pinktum.com\/de\/wp-json\/wp\/v2\/media?parent=3117"}],"wp:term":[{"taxonomy":"referenzen","embeddable":true,"href":"https:\/\/www.pinktum.com\/de\/wp-json\/wp\/v2\/referenzen?post=3117"}],"curies":[{"name":"wp","href":"https:\/\/api.w.org\/{rel}","templated":true}]}}