{"id":27264,"date":"2026-03-20T10:12:47","date_gmt":"2026-03-20T09:12:47","guid":{"rendered":"https:\/\/www.pinktum.com\/?page_id=27264"},"modified":"2026-04-01T11:57:38","modified_gmt":"2026-04-01T09:57:38","slug":"angebot","status":"publish","type":"page","link":"https:\/\/www.pinktum.com\/de\/loesungen\/angebot\/","title":{"rendered":"Diversity Day Lernreise"},"content":{"rendered":"\t\t<div data-elementor-type=\"wp-page\" data-elementor-id=\"27264\" class=\"elementor elementor-27264\" data-elementor-post-type=\"page\">\n\t\t\t\t<div class=\"elementor-element elementor-element-532e938 e-flex e-con-boxed e-con e-child\" data-id=\"532e938\" data-element_type=\"container\" data-settings=\"{&quot;background_background&quot;:&quot;classic&quot;,&quot;jet_parallax_layout_list&quot;:[]}\">\n\t\t\t\t\t<div class=\"e-con-inner\">\n\t\t\t\t<div class=\"elementor-element elementor-element-a3119a4 elementor-widget elementor-widget-heading\" data-id=\"a3119a4\" data-element_type=\"widget\" data-widget_type=\"heading.default\">\n\t\t\t\t<div class=\"elementor-widget-container\">\n\t\t\t\t\t<h1 class=\"elementor-heading-title elementor-size-default\">COMING SOON: <strong>Diversity Day Lernreise<\/strong><br><\/h1>\t\t\t\t<\/div>\n\t\t\t\t<\/div>\n\t\t\t\t<div class=\"elementor-element elementor-element-35ef47d elementor-widget__width-initial elementor-widget elementor-widget-heading\" data-id=\"35ef47d\" data-element_type=\"widget\" data-widget_type=\"heading.default\">\n\t\t\t\t<div class=\"elementor-widget-container\">\n\t\t\t\t\t<h2 class=\"elementor-heading-title elementor-size-default\">Zum Diversity Day entsteht gerade etwas, das neue Perspektiven er\u00f6ffnet und gleichzeitig einen besonderen Vorteil mit sich bringt. \n\n<\/h2>\t\t\t\t<\/div>\n\t\t\t\t<\/div>\n\t\t\t\t<div class=\"elementor-element elementor-element-db877bc elementor-widget elementor-widget-button\" data-id=\"db877bc\" data-element_type=\"widget\" data-widget_type=\"button.default\">\n\t\t\t\t<div class=\"elementor-widget-container\">\n\t\t\t\t\t\t\t\t\t<div class=\"elementor-button-wrapper\">\n\t\t\t\t\t<a class=\"elementor-button elementor-button-link elementor-size-sm elementor-animation-grow\" href=\"#anmelden\">\n\t\t\t\t\t\t<span class=\"elementor-button-content-wrapper\">\n\t\t\t\t\t\t\t\t\t<span class=\"elementor-button-text\">Angebot vormerken<\/span>\n\t\t\t\t\t<\/span>\n\t\t\t\t\t<\/a>\n\t\t\t\t<\/div>\n\t\t\t\t\t\t\t\t<\/div>\n\t\t\t\t<\/div>\n\t\t\t\t\t<\/div>\n\t\t\t\t<\/div>\n\t\t<div class=\"elementor-element elementor-element-bf7c5a1 e-flex e-con-boxed e-con e-parent\" data-id=\"bf7c5a1\" data-element_type=\"container\" data-settings=\"{&quot;jet_parallax_layout_list&quot;:[]}\">\n\t\t\t\t\t<div class=\"e-con-inner\">\n\t\t<div class=\"elementor-element elementor-element-46dbc6e e-con-full e-flex e-con e-child\" data-id=\"46dbc6e\" data-element_type=\"container\" data-settings=\"{&quot;jet_parallax_layout_list&quot;:[]}\">\n\t\t<div class=\"elementor-element elementor-element-f86cd9f e-con-full e-flex e-con e-child\" data-id=\"f86cd9f\" data-element_type=\"container\" data-settings=\"{&quot;jet_parallax_layout_list&quot;:[]}\">\n\t\t\t\t<div class=\"elementor-element elementor-element-2e2197d elementor-widget elementor-widget-text-editor\" data-id=\"2e2197d\" data-element_type=\"widget\" data-widget_type=\"text-editor.default\">\n\t\t\t\t<div class=\"elementor-widget-container\">\n\t\t\t\t\t\t\t\t\t<p data-pm-slice=\"1 1 []\"><strong>Vielfalt verstehen. Zusammenarbeit st\u00e4rken. <br \/><\/strong><strong>Bald mehr.<\/strong><\/p>\t\t\t\t\t\t\t\t<\/div>\n\t\t\t\t<\/div>\n\t\t\t\t<div class=\"elementor-element elementor-element-30ac624 elementor-widget elementor-widget-text-editor\" data-id=\"30ac624\" data-element_type=\"widget\" data-widget_type=\"text-editor.default\">\n\t\t\t\t<div class=\"elementor-widget-container\">\n\t\t\t\t\t\t\t\t\t<p data-pm-slice=\"1 1 []\">Unsere <strong>Diversity Day Lernreise: Vielfalt verstehen, Zusammenarbeit st\u00e4rken <\/strong>steht in den Startl\u00f6chern und verbindet kompakte Impulse rund um Vielfalt, Zusammenarbeit und unbewusste Denkmuster. <strong><span style=\"text-decoration: underline;\">Ab dem 27. April<\/span><\/strong> gibt es die M\u00f6glichkeit, von einem zeitlich begrenzten Angebot zu profitieren. <br \/><br \/>Mit der Anmeldung zu unserem Newsletter, erhalten Sie einen Reminder, sobald die Aktion verf\u00fcgbar ist.<\/p>\t\t\t\t\t\t\t\t<\/div>\n\t\t\t\t<\/div>\n\t\t\t\t<\/div>\n\t\t<div class=\"elementor-element elementor-element-3475dfc e-con-full e-flex e-con e-child\" data-id=\"3475dfc\" data-element_type=\"container\" data-settings=\"{&quot;jet_parallax_layout_list&quot;:[],&quot;background_background&quot;:&quot;classic&quot;}\">\n\t\t\t\t<\/div>\n\t\t\t\t<\/div>\n\t\t\t\t\t<\/div>\n\t\t\t\t<\/div>\n\t\t<div class=\"elementor-element elementor-element-b2cdf1b e-flex e-con-boxed e-con e-parent\" data-id=\"b2cdf1b\" data-element_type=\"container\" data-settings=\"{&quot;background_background&quot;:&quot;gradient&quot;,&quot;jet_parallax_layout_list&quot;:[]}\">\n\t\t\t\t\t<div class=\"e-con-inner\">\n\t\t<div class=\"elementor-element elementor-element-cb377dd e-con-full e-flex e-con e-child\" data-id=\"cb377dd\" data-element_type=\"container\" data-settings=\"{&quot;jet_parallax_layout_list&quot;:[]}\">\n\t\t<div class=\"elementor-element elementor-element-173c16c e-con-full elementor-hidden-widescreen elementor-hidden-desktop elementor-hidden-tablet elementor-hidden-mobile e-flex e-con e-child\" data-id=\"173c16c\" data-element_type=\"container\" data-settings=\"{&quot;jet_parallax_layout_list&quot;:[]}\">\n\t\t\t\t<div class=\"elementor-element elementor-element-6273336 elementor-widget elementor-widget-text-editor\" data-id=\"6273336\" data-element_type=\"widget\" data-widget_type=\"text-editor.default\">\n\t\t\t\t<div class=\"elementor-widget-container\">\n\t\t\t\t\t\t\t\t\t<p>PINKmacro<\/p>\t\t\t\t\t\t\t\t<\/div>\n\t\t\t\t<\/div>\n\t\t\t\t<div class=\"elementor-element elementor-element-0326add elementor-widget elementor-widget-text-editor\" data-id=\"0326add\" data-element_type=\"widget\" data-widget_type=\"text-editor.default\">\n\t\t\t\t<div class=\"elementor-widget-container\">\n\t\t\t\t\t\t\t\t\t<ul><li>Neurodiversit\u00e4t im Team: Verst\u00e4ndnis schaffen, Zusammenarbeit st\u00e4rken<\/li><li>Unconscious Bias \u2013 Vorurteile und Stereotype erkennen und reduzieren<\/li><\/ul>\t\t\t\t\t\t\t\t<\/div>\n\t\t\t\t<\/div>\n\t\t\t\t<\/div>\n\t\t<div class=\"elementor-element elementor-element-f223992 e-con-full elementor-hidden-widescreen elementor-hidden-desktop elementor-hidden-tablet elementor-hidden-mobile e-flex e-con e-child\" data-id=\"f223992\" data-element_type=\"container\" data-settings=\"{&quot;jet_parallax_layout_list&quot;:[]}\">\n\t\t\t\t<div class=\"elementor-element elementor-element-6628ec3 elementor-widget elementor-widget-text-editor\" data-id=\"6628ec3\" data-element_type=\"widget\" data-widget_type=\"text-editor.default\">\n\t\t\t\t<div class=\"elementor-widget-container\">\n\t\t\t\t\t\t\t\t\t<p>PINKmicro<\/p>\t\t\t\t\t\t\t\t<\/div>\n\t\t\t\t<\/div>\n\t\t\t\t<div class=\"elementor-element elementor-element-95ff17b elementor-widget elementor-widget-text-editor\" data-id=\"95ff17b\" data-element_type=\"widget\" data-widget_type=\"text-editor.default\">\n\t\t\t\t<div class=\"elementor-widget-container\">\n\t\t\t\t\t\t\t\t\t<ul><li>Prozesse im Team inklusiver gestalten<\/li><li>Vorurteile bew\u00e4ltigen<\/li><li>Unterschiedliche Biases erkennen und vermeiden<\/li><\/ul>\t\t\t\t\t\t\t\t<\/div>\n\t\t\t\t<\/div>\n\t\t\t\t<\/div>\n\t\t\t\t<\/div>\n\t\t\t\t\t<\/div>\n\t\t\t\t<\/div>\n\t\t<div class=\"elementor-element elementor-element-c3d5e2b e-flex e-con-boxed e-con e-parent\" data-id=\"c3d5e2b\" data-element_type=\"container\" data-settings=\"{&quot;background_background&quot;:&quot;classic&quot;,&quot;jet_parallax_layout_list&quot;:[]}\">\n\t\t\t\t\t<div class=\"e-con-inner\">\n\t\t<div class=\"elementor-element elementor-element-5f0a87e e-con-full e-flex e-con e-child\" data-id=\"5f0a87e\" data-element_type=\"container\" data-settings=\"{&quot;background_background&quot;:&quot;classic&quot;,&quot;jet_parallax_layout_list&quot;:[]}\">\n\t\t\t\t<div class=\"elementor-element elementor-element-308dc39 elementor-widget elementor-widget-heading\" data-id=\"308dc39\" data-element_type=\"widget\" data-widget_type=\"heading.default\">\n\t\t\t\t<div class=\"elementor-widget-container\">\n\t\t\t\t\t<h2 class=\"elementor-heading-title elementor-size-default\">Angebot vormerken &amp; zum newsletter anmelden<\/h2>\t\t\t\t<\/div>\n\t\t\t\t<\/div>\n\t\t\t\t<div class=\"elementor-element elementor-element-494161b elementor-widget elementor-widget-menu-anchor\" data-id=\"494161b\" data-element_type=\"widget\" data-widget_type=\"menu-anchor.default\">\n\t\t\t\t<div class=\"elementor-widget-container\">\n\t\t\t\t\t\t\t<div class=\"elementor-menu-anchor\" id=\"anmelden\"><\/div>\n\t\t\t\t\t\t<\/div>\n\t\t\t\t<\/div>\n\t\t\t\t<div class=\"elementor-element elementor-element-c8160a1 elementor-widget elementor-widget-html\" data-id=\"c8160a1\" data-element_type=\"widget\" data-widget_type=\"html.default\">\n\t\t\t\t<div class=\"elementor-widget-container\">\n\t\t\t\t\t<div id=\"iframeContainer\" style=\"position: relative; width: 100%; height: 650px; overflow: hidden;\">\n    <iframe src=\"https:\/\/go.pinktum.com\/l\/959342\/2022-01-18\/2jm3\" \n            style=\"position: absolute; top: 0; left: 0; width: 100%; height: 100%;  border: none; border-radius: 25px;\" \n            frameborder=\"0\"><\/iframe>\n<\/div>\n\n\t\t\t\t<\/div>\n\t\t\t\t<\/div>\n\t\t\t\t<\/div>\n\t\t\t\t\t<\/div>\n\t\t\t\t<\/div>\n\t\t\t\t<\/div>\n\t\t","protected":false},"excerpt":{"rendered":"<p>COMING SOON: Diversity Day Lernreise<\/p>\n","protected":false},"author":2,"featured_media":27366,"parent":4789,"menu_order":0,"comment_status":"closed","ping_status":"closed","template":"","meta":{"_monsterinsights_skip_tracking":false,"_monsterinsights_sitenote_active":false,"_monsterinsights_sitenote_note":"","_monsterinsights_sitenote_category":0,"footnotes":""},"referenzen":[],"class_list":["post-27264","page","type-page","status-publish","has-post-thumbnail","hentry"],"_links":{"self":[{"href":"https:\/\/www.pinktum.com\/de\/wp-json\/wp\/v2\/pages\/27264","targetHints":{"allow":["GET"]}}],"collection":[{"href":"https:\/\/www.pinktum.com\/de\/wp-json\/wp\/v2\/pages"}],"about":[{"href":"https:\/\/www.pinktum.com\/de\/wp-json\/wp\/v2\/types\/page"}],"author":[{"embeddable":true,"href":"https:\/\/www.pinktum.com\/de\/wp-json\/wp\/v2\/users\/2"}],"replies":[{"embeddable":true,"href":"https:\/\/www.pinktum.com\/de\/wp-json\/wp\/v2\/comments?post=27264"}],"version-history":[{"count":41,"href":"https:\/\/www.pinktum.com\/de\/wp-json\/wp\/v2\/pages\/27264\/revisions"}],"predecessor-version":[{"id":27409,"href":"https:\/\/www.pinktum.com\/de\/wp-json\/wp\/v2\/pages\/27264\/revisions\/27409"}],"up":[{"embeddable":true,"href":"https:\/\/www.pinktum.com\/de\/wp-json\/wp\/v2\/pages\/4789"}],"wp:featuredmedia":[{"embeddable":true,"href":"https:\/\/www.pinktum.com\/de\/wp-json\/wp\/v2\/media\/27366"}],"wp:attachment":[{"href":"https:\/\/www.pinktum.com\/de\/wp-json\/wp\/v2\/media?parent=27264"}],"wp:term":[{"taxonomy":"referenzen","embeddable":true,"href":"https:\/\/www.pinktum.com\/de\/wp-json\/wp\/v2\/referenzen?post=27264"}],"curies":[{"name":"wp","href":"https:\/\/api.w.org\/{rel}","templated":true}]}}