{"id":25634,"date":"2026-01-20T13:39:05","date_gmt":"2026-01-20T12:39:05","guid":{"rendered":"https:\/\/www.pinktum.com\/?page_id=25634"},"modified":"2026-02-19T08:44:41","modified_gmt":"2026-02-19T07:44:41","slug":"angebot-winter-school","status":"publish","type":"page","link":"https:\/\/www.pinktum.com\/de\/loesungen\/angebot-winter-school\/","title":{"rendered":"PINKpro Winter School 2026"},"content":{"rendered":"\t\t<div data-elementor-type=\"wp-page\" data-elementor-id=\"25634\" class=\"elementor elementor-25634\" data-elementor-post-type=\"page\">\n\t\t\t\t<div class=\"elementor-element elementor-element-532e938 e-flex e-con-boxed e-con e-child\" data-id=\"532e938\" data-element_type=\"container\" data-settings=\"{&quot;background_background&quot;:&quot;classic&quot;,&quot;jet_parallax_layout_list&quot;:[]}\">\n\t\t\t\t\t<div class=\"e-con-inner\">\n\t\t\t\t<div class=\"elementor-element elementor-element-a3119a4 elementor-widget elementor-widget-heading\" data-id=\"a3119a4\" data-element_type=\"widget\" data-widget_type=\"heading.default\">\n\t\t\t\t<div class=\"elementor-widget-container\">\n\t\t\t\t\t<h1 class=\"elementor-heading-title elementor-size-default\">PINKpro Winter school<\/h1>\t\t\t\t<\/div>\n\t\t\t\t<\/div>\n\t\t\t\t<div class=\"elementor-element elementor-element-35ef47d elementor-widget__width-initial elementor-widget elementor-widget-heading\" data-id=\"35ef47d\" data-element_type=\"widget\" data-widget_type=\"heading.default\">\n\t\t\t\t<div class=\"elementor-widget-container\">\n\t\t\t\t\t<h2 class=\"elementor-heading-title elementor-size-default\">Werden Sie mit unserer PINKpro Winter School fit f\u00fcr die Herausforderungen von morgen und entdecken Sie, wie KI-Kompetenz und Soft Skills zusammen echte Wirkung entfalten. <\/h2>\t\t\t\t<\/div>\n\t\t\t\t<\/div>\n\t\t\t\t<div class=\"elementor-element elementor-element-db877bc elementor-widget elementor-widget-button\" data-id=\"db877bc\" data-element_type=\"widget\" data-widget_type=\"button.default\">\n\t\t\t\t<div class=\"elementor-widget-container\">\n\t\t\t\t\t\t\t\t\t<div class=\"elementor-button-wrapper\">\n\t\t\t\t\t<a class=\"elementor-button elementor-button-link elementor-size-sm elementor-animation-grow\" href=\"#anfragen\">\n\t\t\t\t\t\t<span class=\"elementor-button-content-wrapper\">\n\t\t\t\t\t\t\t\t\t<span class=\"elementor-button-text\">JETZT ANMELDEN<\/span>\n\t\t\t\t\t<\/span>\n\t\t\t\t\t<\/a>\n\t\t\t\t<\/div>\n\t\t\t\t\t\t\t\t<\/div>\n\t\t\t\t<\/div>\n\t\t\t\t\t<\/div>\n\t\t\t\t<\/div>\n\t\t<div class=\"elementor-element elementor-element-bf7c5a1 e-flex e-con-boxed e-con e-parent\" data-id=\"bf7c5a1\" data-element_type=\"container\" data-settings=\"{&quot;jet_parallax_layout_list&quot;:[]}\">\n\t\t\t\t\t<div class=\"e-con-inner\">\n\t\t<div class=\"elementor-element elementor-element-46dbc6e e-con-full e-flex e-con e-child\" data-id=\"46dbc6e\" data-element_type=\"container\" data-settings=\"{&quot;jet_parallax_layout_list&quot;:[]}\">\n\t\t<div class=\"elementor-element elementor-element-f86cd9f e-con-full e-flex e-con e-child\" data-id=\"f86cd9f\" data-element_type=\"container\" data-settings=\"{&quot;jet_parallax_layout_list&quot;:[]}\">\n\t\t\t\t<div class=\"elementor-element elementor-element-2e2197d elementor-widget elementor-widget-text-editor\" data-id=\"2e2197d\" data-element_type=\"widget\" data-widget_type=\"text-editor.default\">\n\t\t\t\t<div class=\"elementor-widget-container\">\n\t\t\t\t\t\t\t\t\t<p>KI-Kompetenz trifft soft skills<\/p>\t\t\t\t\t\t\t\t<\/div>\n\t\t\t\t<\/div>\n\t\t\t\t<div class=\"elementor-element elementor-element-30ac624 elementor-widget elementor-widget-text-editor\" data-id=\"30ac624\" data-element_type=\"widget\" data-widget_type=\"text-editor.default\">\n\t\t\t\t<div class=\"elementor-widget-container\">\n\t\t\t\t\t\t\t\t\t<p>Vom <strong>23. Februar bis 15. M\u00e4rz 2026<\/strong> k\u00f6nnen Personalverantwortliche PINKpro mit bis zu 10 Mitarbeitenden kostenfrei ausprobieren. Erleben Sie unseren KI-Coach f\u00fcr Human Skills mit neuen Features kennen: personalisierte Dialoge und interaktive Rollenspiele als praxisnahe Begleitung im Arbeitsalltag.<\/p>\t\t\t\t\t\t\t\t<\/div>\n\t\t\t\t<\/div>\n\t\t\t\t<\/div>\n\t\t<div class=\"elementor-element elementor-element-3475dfc e-con-full e-flex e-con e-child\" data-id=\"3475dfc\" data-element_type=\"container\" data-settings=\"{&quot;jet_parallax_layout_list&quot;:[],&quot;background_background&quot;:&quot;classic&quot;}\">\n\t\t\t\t<\/div>\n\t\t\t\t<\/div>\n\t\t\t\t\t<\/div>\n\t\t\t\t<\/div>\n\t\t<div class=\"elementor-element elementor-element-62c3d58 e-flex e-con-boxed e-con e-parent\" data-id=\"62c3d58\" data-element_type=\"container\" data-settings=\"{&quot;background_background&quot;:&quot;classic&quot;,&quot;jet_parallax_layout_list&quot;:[]}\">\n\t\t\t\t\t<div class=\"e-con-inner\">\n\t\t<div class=\"elementor-element elementor-element-c369dba e-con-full e-flex e-con e-child\" data-id=\"c369dba\" data-element_type=\"container\" data-settings=\"{&quot;jet_parallax_layout_list&quot;:[]}\">\n\t\t<div class=\"elementor-element elementor-element-0df1815 e-con-full e-flex e-con e-child\" data-id=\"0df1815\" data-element_type=\"container\" data-settings=\"{&quot;jet_parallax_layout_list&quot;:[],&quot;background_background&quot;:&quot;classic&quot;}\">\n\t\t\t\t<\/div>\n\t\t<div class=\"elementor-element elementor-element-e6d45a5 e-con-full e-flex e-con e-child\" data-id=\"e6d45a5\" data-element_type=\"container\" data-settings=\"{&quot;jet_parallax_layout_list&quot;:[]}\">\n\t\t\t\t<div class=\"elementor-element elementor-element-4e5a754 elementor-hidden-tablet elementor-hidden-mobile elementor-widget elementor-widget-text-editor\" data-id=\"4e5a754\" data-element_type=\"widget\" data-widget_type=\"text-editor.default\">\n\t\t\t\t<div class=\"elementor-widget-container\">\n\t\t\t\t\t\t\t\t\t<p>PINKpro erleben<\/p>\t\t\t\t\t\t\t\t<\/div>\n\t\t\t\t<\/div>\n\t\t\t\t<div class=\"elementor-element elementor-element-83e65a5 elementor-widget elementor-widget-text-editor\" data-id=\"83e65a5\" data-element_type=\"widget\" data-widget_type=\"text-editor.default\">\n\t\t\t\t<div class=\"elementor-widget-container\">\n\t\t\t\t\t\t\t\t\t<p>Alle Teilnehmenden der PINKpro Winter School erhalten im Aktionszeitraum freien Zugang zu unserem KI-Coach. Testen Sie PINKpro flexibel im Alltag und profitieren Sie zus\u00e4tzlich von einer dreiteiligen Webinar-Reihe mit praxisnahen Tipps.\u00a0 Teilnehmende Unternehmen erhalten im Anschluss <strong>exklusiven Zugang<\/strong> zu einem PINKpro Angebot.<\/p>\t\t\t\t\t\t\t\t<\/div>\n\t\t\t\t<\/div>\n\t\t\t\t<\/div>\n\t\t\t\t<\/div>\n\t\t\t\t\t<\/div>\n\t\t\t\t<\/div>\n\t\t<div class=\"elementor-element elementor-element-b2cdf1b e-flex e-con-boxed e-con e-parent\" data-id=\"b2cdf1b\" data-element_type=\"container\" data-settings=\"{&quot;background_background&quot;:&quot;gradient&quot;,&quot;jet_parallax_layout_list&quot;:[]}\">\n\t\t\t\t\t<div class=\"e-con-inner\">\n\t\t<div class=\"elementor-element elementor-element-cb377dd e-con-full e-flex e-con e-child\" data-id=\"cb377dd\" data-element_type=\"container\" data-settings=\"{&quot;jet_parallax_layout_list&quot;:[]}\">\n\t\t<div class=\"elementor-element elementor-element-173c16c e-con-full e-flex e-con e-child\" data-id=\"173c16c\" data-element_type=\"container\" data-settings=\"{&quot;jet_parallax_layout_list&quot;:[]}\">\n\t\t\t\t<div class=\"elementor-element elementor-element-6273336 elementor-widget elementor-widget-text-editor\" data-id=\"6273336\" data-element_type=\"widget\" data-widget_type=\"text-editor.default\">\n\t\t\t\t<div class=\"elementor-widget-container\">\n\t\t\t\t\t\t\t\t\t<p>Unsere dreiteilige PINKpro Webinar-Reihe<\/p>\t\t\t\t\t\t\t\t<\/div>\n\t\t\t\t<\/div>\n\t\t\t\t<div class=\"elementor-element elementor-element-0326add elementor-widget elementor-widget-text-editor\" data-id=\"0326add\" data-element_type=\"widget\" data-widget_type=\"text-editor.default\">\n\t\t\t\t<div class=\"elementor-widget-container\">\n\t\t\t\t\t\t\t\t\t<p><strong>PINKpro im \u00dcberblick<br \/>Neue Features, Vision und offene Fragen<\/strong><\/p><p>Dr. Britta Leusing, Head of Product &amp; AI Learning Experience<br \/>25.02.2026 | 11-12 Uhr<\/p><p><strong>Use Cases mit PINKpro<\/strong><br \/><strong>Von der inhaltlichen Entwicklung zur HR-Auswertung<\/strong><\/p><p>Graydon Pawlik, Head of Responsible AI Innovation<br \/>04.03.2026 | 11-12 Uhr<\/p><ul><li style=\"list-style-type: none;\">\u00a0<\/li><\/ul><p><strong>Personalisierung mit PINKpro<br \/>Vom Kennenlernen zum individuellen Erlebnis<\/strong><\/p><p>Darlin Engstle, Head of Content &amp; Diagnostic<br \/>11.03.2026 | 11 &#8211; 12 Uhr<\/p><ul><li style=\"list-style-type: none;\">\u00a0<\/li><\/ul>\t\t\t\t\t\t\t\t<\/div>\n\t\t\t\t<\/div>\n\t\t\t\t<\/div>\n\t\t\t\t<\/div>\n\t\t\t\t\t<\/div>\n\t\t\t\t<\/div>\n\t\t<div class=\"elementor-element elementor-element-c192c24 e-flex e-con-boxed e-con e-parent\" data-id=\"c192c24\" data-element_type=\"container\" data-settings=\"{&quot;jet_parallax_layout_list&quot;:[]}\">\n\t\t\t\t\t<div class=\"e-con-inner\">\n\t\t<div class=\"elementor-element elementor-element-f7dd390 e-con-full e-flex e-con e-child\" data-id=\"f7dd390\" data-element_type=\"container\" data-settings=\"{&quot;jet_parallax_layout_list&quot;:[]}\">\n\t\t<div class=\"elementor-element elementor-element-c6c068b e-con-full e-flex e-con e-child\" data-id=\"c6c068b\" data-element_type=\"container\" data-settings=\"{&quot;jet_parallax_layout_list&quot;:[]}\">\n\t\t\t\t<div class=\"elementor-element elementor-element-5449108 elementor-widget elementor-widget-text-editor\" data-id=\"5449108\" data-element_type=\"widget\" data-widget_type=\"text-editor.default\">\n\t\t\t\t<div class=\"elementor-widget-container\">\n\t\t\t\t\t\t\t\t\t<p>Wie kann ich mich und weitere Mitarbeitende aus meinem Unternehmen anmelden?<\/p>\t\t\t\t\t\t\t\t<\/div>\n\t\t\t\t<\/div>\n\t\t\t\t<div class=\"elementor-element elementor-element-2f3a0b7 elementor-widget elementor-widget-text-editor\" data-id=\"2f3a0b7\" data-element_type=\"widget\" data-widget_type=\"text-editor.default\">\n\t\t\t\t<div class=\"elementor-widget-container\">\n\t\t\t\t\t\t\t\t\t<p>Unser Angebot der PINKpro Winter School richtet sich\u00a0<strong>ausschlie\u00dflich an Personalverantwortliche.<\/strong>\u00a0Anmeldungen k\u00f6nnen\u00a0<strong>nur Anfragen von HR- oder Digital-Learning-Abteilungen<\/strong>\u00a0ber\u00fccksichtigt werden. Wenn Sie nicht im Personalbereich t\u00e4tig sind, informieren Sie gerne Ihre HR-Leitung \u00fcber unser Aktion.<\/p><p>Nutzen Sie das Anmeldeformular, um sich <strong>bis zum 18.02.26<\/strong> zu registrieren. Unser Team wird sich in K\u00fcrze melden und bespricht auch gerne die Teilnahme weiterer Personen.<\/p>\t\t\t\t\t\t\t\t<\/div>\n\t\t\t\t<\/div>\n\t\t\t\t<\/div>\n\t\t<div class=\"elementor-element elementor-element-2dd4a8a e-con-full e-flex e-con e-child\" data-id=\"2dd4a8a\" data-element_type=\"container\" data-settings=\"{&quot;jet_parallax_layout_list&quot;:[],&quot;background_background&quot;:&quot;classic&quot;}\">\n\t\t\t\t<\/div>\n\t\t\t\t<\/div>\n\t\t\t\t\t<\/div>\n\t\t\t\t<\/div>\n\t\t<div class=\"elementor-element elementor-element-c3d5e2b e-flex e-con-boxed e-con e-parent\" data-id=\"c3d5e2b\" data-element_type=\"container\" data-settings=\"{&quot;background_background&quot;:&quot;classic&quot;,&quot;jet_parallax_layout_list&quot;:[]}\">\n\t\t\t\t\t<div class=\"e-con-inner\">\n\t\t<div class=\"elementor-element elementor-element-51d4fd0 e-con-full e-flex e-con e-child\" data-id=\"51d4fd0\" data-element_type=\"container\" data-settings=\"{&quot;background_background&quot;:&quot;classic&quot;,&quot;jet_parallax_layout_list&quot;:[]}\">\n\t\t\t\t<div class=\"elementor-element elementor-element-87d5949 elementor-widget elementor-widget-menu-anchor\" data-id=\"87d5949\" data-element_type=\"widget\" data-widget_type=\"menu-anchor.default\">\n\t\t\t\t<div class=\"elementor-widget-container\">\n\t\t\t\t\t\t\t<div class=\"elementor-menu-anchor\" id=\"anfragen\"><\/div>\n\t\t\t\t\t\t<\/div>\n\t\t\t\t<\/div>\n\t\t\t\t<div class=\"elementor-element elementor-element-71cab4e elementor-widget elementor-widget-heading\" data-id=\"71cab4e\" data-element_type=\"widget\" data-widget_type=\"heading.default\">\n\t\t\t\t<div class=\"elementor-widget-container\">\n\t\t\t\t\t<h2 class=\"elementor-heading-title elementor-size-default\">Teilnahme anfragen<\/h2>\t\t\t\t<\/div>\n\t\t\t\t<\/div>\n\t\t\t\t<div class=\"elementor-element elementor-element-32ec417 elementor-widget elementor-widget-text-editor\" data-id=\"32ec417\" data-element_type=\"widget\" data-widget_type=\"text-editor.default\">\n\t\t\t\t<div class=\"elementor-widget-container\">\n\t\t\t\t\t\t\t\t\t<p>Bitte immer <strong>nur eine HR-Hauptansprechperson<\/strong> im Unternehmen registrieren.<\/p>\t\t\t\t\t\t\t\t<\/div>\n\t\t\t\t<\/div>\n\t\t\t\t<div class=\"elementor-element elementor-element-4920965 elementor-widget elementor-widget-html\" data-id=\"4920965\" data-element_type=\"widget\" data-widget_type=\"html.default\">\n\t\t\t\t<div class=\"elementor-widget-container\">\n\t\t\t\t\t<div id=\"iframeContainer\" >\n    <iframe src=\"https:\/\/go.pinktum.com\/l\/959342\/2026-01-19\/81jpk\" \n            style=\"position: absolute; top: 0; left: 0; width: 100%; height: 100%;  border: none; border-radius: 25px;\" \n            frameborder=\"0\"><\/iframe>\n<\/div>\n\n\t\t\t\t<\/div>\n\t\t\t\t<\/div>\n\t\t\t\t<\/div>\n\t\t\t\t\t<\/div>\n\t\t\t\t<\/div>\n\t\t\t\t<\/div>\n\t\t","protected":false},"excerpt":{"rendered":"<p>Learning Winter School<\/p>\n","protected":false},"author":2,"featured_media":25677,"parent":4789,"menu_order":0,"comment_status":"closed","ping_status":"closed","template":"","meta":{"_monsterinsights_skip_tracking":false,"_monsterinsights_sitenote_active":false,"_monsterinsights_sitenote_note":"","_monsterinsights_sitenote_category":0,"footnotes":""},"referenzen":[],"class_list":["post-25634","page","type-page","status-publish","has-post-thumbnail","hentry"],"_links":{"self":[{"href":"https:\/\/www.pinktum.com\/de\/wp-json\/wp\/v2\/pages\/25634","targetHints":{"allow":["GET"]}}],"collection":[{"href":"https:\/\/www.pinktum.com\/de\/wp-json\/wp\/v2\/pages"}],"about":[{"href":"https:\/\/www.pinktum.com\/de\/wp-json\/wp\/v2\/types\/page"}],"author":[{"embeddable":true,"href":"https:\/\/www.pinktum.com\/de\/wp-json\/wp\/v2\/users\/2"}],"replies":[{"embeddable":true,"href":"https:\/\/www.pinktum.com\/de\/wp-json\/wp\/v2\/comments?post=25634"}],"version-history":[{"count":2,"href":"https:\/\/www.pinktum.com\/de\/wp-json\/wp\/v2\/pages\/25634\/revisions"}],"predecessor-version":[{"id":27397,"href":"https:\/\/www.pinktum.com\/de\/wp-json\/wp\/v2\/pages\/25634\/revisions\/27397"}],"up":[{"embeddable":true,"href":"https:\/\/www.pinktum.com\/de\/wp-json\/wp\/v2\/pages\/4789"}],"wp:featuredmedia":[{"embeddable":true,"href":"https:\/\/www.pinktum.com\/de\/wp-json\/wp\/v2\/media\/25677"}],"wp:attachment":[{"href":"https:\/\/www.pinktum.com\/de\/wp-json\/wp\/v2\/media?parent=25634"}],"wp:term":[{"taxonomy":"referenzen","embeddable":true,"href":"https:\/\/www.pinktum.com\/de\/wp-json\/wp\/v2\/referenzen?post=25634"}],"curies":[{"name":"wp","href":"https:\/\/api.w.org\/{rel}","templated":true}]}}