{"id":23998,"date":"2025-10-16T15:54:42","date_gmt":"2025-10-16T13:54:42","guid":{"rendered":"https:\/\/www.pinktum.com\/?page_id=23998"},"modified":"2025-10-20T15:17:02","modified_gmt":"2025-10-20T13:17:02","slug":"pflichtschulungen","status":"publish","type":"page","link":"https:\/\/www.pinktum.com\/de\/loesungen\/pflichtschulungen\/","title":{"rendered":"Pflichtschulungen"},"content":{"rendered":"\t\t<div data-elementor-type=\"wp-page\" data-elementor-id=\"23998\" class=\"elementor elementor-23998\" data-elementor-post-type=\"page\">\n\t\t\t\t<div class=\"elementor-element elementor-element-e301923 e-flex e-con-boxed e-con e-parent\" data-id=\"e301923\" data-element_type=\"container\" data-settings=\"{&quot;background_background&quot;:&quot;classic&quot;,&quot;jet_parallax_layout_list&quot;:[]}\">\n\t\t\t\t\t<div class=\"e-con-inner\">\n\t\t\t\t<div class=\"elementor-element elementor-element-22cea23 elementor-widget__width-initial elementor-widget elementor-widget-heading\" data-id=\"22cea23\" data-element_type=\"widget\" data-widget_type=\"heading.default\">\n\t\t\t\t<div class=\"elementor-widget-container\">\n\t\t\t\t\t<h1 class=\"elementor-heading-title elementor-size-default\">Pflichtschulungen<br>skillsforwork<\/h1>\t\t\t\t<\/div>\n\t\t\t\t<\/div>\n\t\t\t\t<div class=\"elementor-element elementor-element-fb7baa7 elementor-widget__width-initial elementor-widget elementor-widget-heading\" data-id=\"fb7baa7\" data-element_type=\"widget\" data-widget_type=\"heading.default\">\n\t\t\t\t<div class=\"elementor-widget-container\">\n\t\t\t\t\t<h2 class=\"elementor-heading-title elementor-size-default\">Wir unterst\u00fctzen Unternehmen gesetzliche und interne Pflichtschulungen digital zu erf\u00fcllen. Unsere spezialisierten skillsforwork E-Trainings f\u00f6rdern verantwortungsbewusstes Handeln aller Mitarbeitenden im Arbeitsalltag.<\/h2>\t\t\t\t<\/div>\n\t\t\t\t<\/div>\n\t\t\t\t\t<\/div>\n\t\t\t\t<\/div>\n\t\t<div class=\"elementor-element elementor-element-bf7c5a1 e-flex e-con-boxed e-con e-parent\" data-id=\"bf7c5a1\" data-element_type=\"container\" data-settings=\"{&quot;jet_parallax_layout_list&quot;:[]}\">\n\t\t\t\t\t<div class=\"e-con-inner\">\n\t\t<div class=\"elementor-element elementor-element-46dbc6e e-con-full e-flex e-con e-child\" data-id=\"46dbc6e\" data-element_type=\"container\" data-settings=\"{&quot;jet_parallax_layout_list&quot;:[]}\">\n\t\t<div class=\"elementor-element elementor-element-f86cd9f e-con-full e-flex e-con e-child\" data-id=\"f86cd9f\" data-element_type=\"container\" data-settings=\"{&quot;jet_parallax_layout_list&quot;:[]}\">\n\t\t\t\t<div class=\"elementor-element elementor-element-2e2197d elementor-widget elementor-widget-text-editor\" data-id=\"2e2197d\" data-element_type=\"widget\" data-widget_type=\"text-editor.default\">\n\t\t\t\t<div class=\"elementor-widget-container\">\n\t\t\t\t\t\t\t\t\t<p>Selbstsicherer Umgang mit beruflichen Pflichtvorgaben<\/p>\t\t\t\t\t\t\t\t<\/div>\n\t\t\t\t<\/div>\n\t\t\t\t<div class=\"elementor-element elementor-element-30ac624 elementor-widget elementor-widget-text-editor\" data-id=\"30ac624\" data-element_type=\"widget\" data-widget_type=\"text-editor.default\">\n\t\t\t\t<div class=\"elementor-widget-container\">\n\t\t\t\t\t\t\t\t\t<p>Unsere skillsforwork sensibilisieren F\u00fchrungskr\u00e4fte und Mitarbeitende rechtlich sicher zu handeln und Risiken im Arbeitsumfeld souver\u00e4n zu erkennen. Die digitalen Pflichtschulungen legen den Fokus auf <strong>Arbeitsschutz, Compliance, Datenschutz und Security-Awareness.<\/strong><\/p>\t\t\t\t\t\t\t\t<\/div>\n\t\t\t\t<\/div>\n\t\t\t\t<\/div>\n\t\t\t\t<\/div>\n\t\t\t\t\t<\/div>\n\t\t\t\t<\/div>\n\t\t<div class=\"elementor-element elementor-element-ff28603 e-flex e-con-boxed e-con e-parent\" data-id=\"ff28603\" data-element_type=\"container\" data-settings=\"{&quot;background_background&quot;:&quot;classic&quot;,&quot;jet_parallax_layout_list&quot;:[]}\">\n\t\t\t\t\t<div class=\"e-con-inner\">\n\t\t<div class=\"elementor-element elementor-element-1d137ce e-con-full e-flex e-con e-child\" data-id=\"1d137ce\" data-element_type=\"container\" data-settings=\"{&quot;jet_parallax_layout_list&quot;:[]}\">\n\t\t\t\t<div class=\"elementor-element elementor-element-b7f680a elementor-widget elementor-widget-text-editor\" data-id=\"b7f680a\" data-element_type=\"widget\" data-widget_type=\"text-editor.default\">\n\t\t\t\t<div class=\"elementor-widget-container\">\n\t\t\t\t\t\t\t\t\t<h3>W\u00e4hlbare skillsforwork E-Trainings<\/h3>\t\t\t\t\t\t\t\t<\/div>\n\t\t\t\t<\/div>\n\t\t\t\t<div class=\"elementor-element elementor-element-145955c elementor-widget elementor-widget-text-editor\" data-id=\"145955c\" data-element_type=\"widget\" data-widget_type=\"text-editor.default\">\n\t\t\t\t<div class=\"elementor-widget-container\">\n\t\t\t\t\t\t\t\t\t<p>Alle Kurse zu skillsforwork sind in deutscher Sprache einzeln oder kombiniert verf\u00fcgbar. Die digitalen Pflichtschulungen dauern etwa 30 Minuten und beinhalten ein interaktives Abschlussquiz zur Lernerfolgskontrolle.<\/p>\t\t\t\t\t\t\t\t<\/div>\n\t\t\t\t<\/div>\n\t\t\t\t<\/div>\n\t\t<div class=\"elementor-element elementor-element-8e7cb16 e-con-full e-flex e-con e-child\" data-id=\"8e7cb16\" data-element_type=\"container\" data-settings=\"{&quot;jet_parallax_layout_list&quot;:[]}\">\n\t\t<div class=\"elementor-element elementor-element-5a23eb3 e-con-full e-flex e-con e-child\" data-id=\"5a23eb3\" data-element_type=\"container\" data-settings=\"{&quot;jet_parallax_layout_list&quot;:[]}\">\n\t\t\t\t<div class=\"elementor-element elementor-element-f91d26f elementor-widget elementor-widget-jet-tabs\" data-id=\"f91d26f\" data-element_type=\"widget\" data-settings=\"{&quot;tabs_position&quot;:&quot;left&quot;,&quot;tabs_position_widescreen&quot;:&quot;left&quot;,&quot;tabs_position_mobile&quot;:&quot;top&quot;,&quot;no_active_tabs&quot;:&quot;false&quot;}\" data-widget_type=\"jet-tabs.default\">\n\t\t\t\t<div class=\"elementor-widget-container\">\n\t\t\t\t\t\n\t\t<div class=\"jet-tabs jet-tabs-position-left jet-tabs-move-up-effect \" data-settings=\"{&quot;activeIndex&quot;:0,&quot;event&quot;:&quot;click&quot;,&quot;autoSwitch&quot;:false,&quot;autoSwitchDelay&quot;:3000,&quot;ajaxTemplate&quot;:false,&quot;tabsPosition&quot;:&quot;left&quot;,&quot;switchScrolling&quot;:false,&quot;switchScrollingOffset&quot;:0}\">\n\t\t\t\t\t\t<div style=\"min-width:450px; min-width:450px;width:450px;flex:0 0 450px;\" class=\"jet-tabs__control-wrapper\" role=\"tablist\">\n\n                                    <div id=\"jet-tabs-control-2611\" class=\"jet-tabs__control jet-tabs__control-icon-left elementor-menu-anchor active-tab \" data-tab=\"1\" tabindex=\"0\" role=\"tab\" aria-controls=\"jet-tabs-content-2611\" aria-expanded=\"true\" data-template-id=\"false\"><div class=\"jet-tabs__control-inner\"><img decoding=\"async\" class=\"jet-tabs__label-image\" src=\"https:\/\/www.pinktum.com\/wp-content\/uploads\/2025\/02\/occupational-safety_Blue-d.svg\" alt=\"\"><div class=\"jet-tabs__label-text\"><strong>Arbeitsschutz<\/strong><\/div><\/div><\/div><div id=\"jet-tabs-control-2612\" class=\"jet-tabs__control jet-tabs__control-icon-left elementor-menu-anchor  \" data-tab=\"2\" tabindex=\"0\" role=\"tab\" aria-controls=\"jet-tabs-content-2612\" aria-expanded=\"false\" data-template-id=\"false\"><div class=\"jet-tabs__control-inner\"><img decoding=\"async\" class=\"jet-tabs__label-image\" src=\"https:\/\/www.pinktum.com\/wp-content\/uploads\/2025\/02\/rules1_Blue-d.svg\" alt=\"\"><div class=\"jet-tabs__label-text\"><strong>Compliance<\/strong><\/div><\/div><\/div><div id=\"jet-tabs-control-2613\" class=\"jet-tabs__control jet-tabs__control-icon-left elementor-menu-anchor  \" data-tab=\"3\" tabindex=\"0\" role=\"tab\" aria-controls=\"jet-tabs-content-2613\" aria-expanded=\"false\" data-template-id=\"false\"><div class=\"jet-tabs__control-inner\"><img decoding=\"async\" class=\"jet-tabs__label-image\" src=\"https:\/\/www.pinktum.com\/\/wp-content\/uploads\/2025\/01\/S3_Zusammenhalt_blue.svg\" alt=\"\"><div class=\"jet-tabs__label-text\"><strong>Datenschutz<\/strong><\/div><\/div><\/div><div id=\"jet-tabs-control-2614\" class=\"jet-tabs__control jet-tabs__control-icon-left elementor-menu-anchor  \" data-tab=\"4\" tabindex=\"0\" role=\"tab\" aria-controls=\"jet-tabs-content-2614\" aria-expanded=\"false\" data-template-id=\"false\"><div class=\"jet-tabs__control-inner\"><img decoding=\"async\" class=\"jet-tabs__label-image\" src=\"https:\/\/www.pinktum.com\/\/wp-content\/uploads\/2025\/01\/S3_Fuehrungsverstaendnis-blue.svg\" alt=\"\"><div class=\"jet-tabs__label-text\"><strong>Security Awareness<\/strong><\/div><\/div><\/div><div id=\"jet-tabs-control-2615\" class=\"jet-tabs__control jet-tabs__control-icon-left elementor-menu-anchor  \" data-tab=\"5\" tabindex=\"0\" role=\"tab\" aria-controls=\"jet-tabs-content-2615\" aria-expanded=\"false\" data-template-id=\"false\"><div class=\"jet-tabs__control-inner\"><img decoding=\"async\" class=\"jet-tabs__label-image\" src=\"https:\/\/www.pinktum.com\/wp-content\/uploads\/2025\/10\/idea_Blue-d.png\" alt=\"\"><div class=\"jet-tabs__label-text\"><strong>ehemalige Pflichtschulungen<\/strong><\/div><\/div><\/div>\n                    \t\t\t    <\/div>\n\t\t\t<div class=\"jet-tabs__content-wrapper\">\n\t\t\t\t<div id=\"jet-tabs-content-2611\" class=\"jet-tabs__content active-content\" data-tab=\"1\" role=\"tabpanel\" aria-hidden=\"false\" data-template-id=\"false\"><h4>Kurse zu Arbeitsschutz<\/h4><ul><li>Verantwortung im Arbeitsschutz<\/li><li>Recht und Pflichten von Mitarbeitenden<\/li><li>Sicherheitskennzeichen<\/li><li>Erstunterweisung<\/li><li>Physische Sicherheit<\/li><li>Erste Hilfe<\/li><\/ul><\/div><div id=\"jet-tabs-content-2612\" class=\"jet-tabs__content \" data-tab=\"2\" role=\"tabpanel\" aria-hidden=\"true\" data-template-id=\"false\"><h4>Kurse zu Compliance<\/h4><ul><li>Lieferkettensorgfaltspflichtengesetz<\/li><li>Allgemeines Gleichbehandlungsgesetz<\/li><li>Geldw\u00e4schegesetz<\/li><li>Compliance-Grundlagen<\/li><li>Korruptionspr\u00e4vention<\/li><li>KI-Verordnung\/EU-AI-Act<\/li><li>Hinweisgeberschutz<\/li><\/ul><\/div><div id=\"jet-tabs-content-2613\" class=\"jet-tabs__content \" data-tab=\"3\" role=\"tabpanel\" aria-hidden=\"true\" data-template-id=\"false\"><h4>Kurse zu Datenschutz<\/h4><ul><li>Basiswissen DSGVO<\/li><li>Datenschutzverletzungen<\/li><li>Datenschutz auf Dienstreisen<\/li><li>Passwortsicherheit<\/li><li>Betroffenenanfragen<\/li><li>Homeoffice<\/li><li>Clean Desk<\/li><\/ul><\/div><div id=\"jet-tabs-content-2614\" class=\"jet-tabs__content \" data-tab=\"4\" role=\"tabpanel\" aria-hidden=\"true\" data-template-id=\"false\"><h4>Kurse zu Security Awareness<\/h4><ul><li>Website und Domains<\/li><li>Schadsoftware abwehren<\/li><li>Schatten-IT vermeiden<\/li><li>Cyber-Sicherheit<\/li><li>E-Mail-Sicherheit<\/li><li>Phishing<\/li><li>Vishing<\/li><li>CEO-Fraud<\/li><\/ul><\/div><div id=\"jet-tabs-content-2615\" class=\"jet-tabs__content \" data-tab=\"5\" role=\"tabpanel\" aria-hidden=\"true\" data-template-id=\"false\"><h4>R\u00fcckfragen zu fr\u00fcheren Kursen beantwortet gerne Ihr PINKTUM Kontakt.\u00a0<\/h4><ul><li>Datenschutz<\/li><li>Cyber Security<\/li><li>Compliance<\/li><li>Arbeitsschutz<\/li><li>Lieferkettensorgfaltspflichtengesetz (LkSG)<\/li><\/ul><\/div>\t\t\t<\/div>\n\t\t\t\t\t<\/div>\n\t\t\t\t\t\t<\/div>\n\t\t\t\t<\/div>\n\t\t\t\t<\/div>\n\t\t\t\t<\/div>\n\t\t\t\t\t<\/div>\n\t\t\t\t<\/div>\n\t\t<div class=\"elementor-element elementor-element-81bd254 e-flex e-con-boxed e-con e-parent\" data-id=\"81bd254\" data-element_type=\"container\" data-settings=\"{&quot;background_background&quot;:&quot;gradient&quot;,&quot;jet_parallax_layout_list&quot;:[]}\">\n\t\t\t\t\t<div class=\"e-con-inner\">\n\t\t<div class=\"elementor-element elementor-element-3480f83 e-con-full e-flex e-con e-child\" data-id=\"3480f83\" data-element_type=\"container\" data-settings=\"{&quot;jet_parallax_layout_list&quot;:[]}\">\n\t\t<div class=\"elementor-element elementor-element-f0d83b1 e-con-full e-flex e-con e-child\" data-id=\"f0d83b1\" data-element_type=\"container\" data-settings=\"{&quot;jet_parallax_layout_list&quot;:[]}\">\n\t\t\t\t<div class=\"elementor-element elementor-element-706c92c elementor-widget elementor-widget-image\" data-id=\"706c92c\" data-element_type=\"widget\" data-widget_type=\"image.default\">\n\t\t\t\t<div class=\"elementor-widget-container\">\n\t\t\t\t\t\t\t\t\t\t\t\t\t\t\t<img fetchpriority=\"high\" decoding=\"async\" width=\"800\" height=\"713\" src=\"https:\/\/www.pinktum.com\/wp-content\/uploads\/2025\/02\/Kontakt-1024x913.webp?wsr\" class=\"attachment-large size-large wp-image-18865\" alt=\"\" srcset=\"https:\/\/www.pinktum.com\/wp-content\/uploads\/2025\/02\/Kontakt-1024x913.webp 1024w, https:\/\/www.pinktum.com\/wp-content\/uploads\/2025\/02\/Kontakt-300x267.webp 300w, https:\/\/www.pinktum.com\/wp-content\/uploads\/2025\/02\/Kontakt-768x684.webp 768w, https:\/\/www.pinktum.com\/wp-content\/uploads\/2025\/02\/Kontakt.webp 1213w\" sizes=\"(max-width: 800px) 100vw, 800px\" \/>\t\t\t\t\t\t\t\t\t\t\t\t\t\t\t<\/div>\n\t\t\t\t<\/div>\n\t\t\t\t<\/div>\n\t\t<div class=\"elementor-element elementor-element-750762d e-con-full e-flex e-con e-child\" data-id=\"750762d\" data-element_type=\"container\" data-settings=\"{&quot;jet_parallax_layout_list&quot;:[]}\">\n\t\t\t\t<div class=\"elementor-element elementor-element-f749c2a elementor-widget elementor-widget-heading\" data-id=\"f749c2a\" data-element_type=\"widget\" data-widget_type=\"heading.default\">\n\t\t\t\t<div class=\"elementor-widget-container\">\n\t\t\t\t\t<h2 class=\"elementor-heading-title elementor-size-default\">Mehr Informationen zu den PINKTUM Pflichtschulungen skillsforwork<\/h2>\t\t\t\t<\/div>\n\t\t\t\t<\/div>\n\t\t\t\t<div class=\"elementor-element elementor-element-5e13f54 elementor-widget elementor-widget-text-editor\" data-id=\"5e13f54\" data-element_type=\"widget\" data-widget_type=\"text-editor.default\">\n\t\t\t\t<div class=\"elementor-widget-container\">\n\t\t\t\t\t\t\t\t\t<p>Sprechen Sie Ihren pers\u00f6nlichen Digital Learning Consultant f\u00fcr ein unverbindliches Angebot an. Alternativ k\u00f6nnen Sie \u00fcber das <a href=\"https:\/\/www.pinktum.com\/de\/kontakt\/\">Kontaktformular<\/a> weitere Informationen zu unseren Pflichtschulungen anfragen.<\/p>\t\t\t\t\t\t\t\t<\/div>\n\t\t\t\t<\/div>\n\t\t\t\t<\/div>\n\t\t\t\t<\/div>\n\t\t\t\t\t<\/div>\n\t\t\t\t<\/div>\n\t\t<div class=\"elementor-element elementor-element-8455f79 e-flex e-con-boxed e-con e-parent\" data-id=\"8455f79\" data-element_type=\"container\" data-settings=\"{&quot;background_background&quot;:&quot;classic&quot;,&quot;jet_parallax_layout_list&quot;:[]}\">\n\t\t\t\t\t<div class=\"e-con-inner\">\n\t\t<div class=\"elementor-element elementor-element-fb13821 e-con-full e-flex e-con e-child\" data-id=\"fb13821\" data-element_type=\"container\" data-settings=\"{&quot;background_background&quot;:&quot;classic&quot;,&quot;jet_parallax_layout_list&quot;:[]}\">\n\t\t\t\t<div class=\"elementor-element elementor-element-bf27a7a elementor-widget elementor-widget-heading\" data-id=\"bf27a7a\" data-element_type=\"widget\" data-widget_type=\"heading.default\">\n\t\t\t\t<div class=\"elementor-widget-container\">\n\t\t\t\t\t<h2 class=\"elementor-heading-title elementor-size-default\">Testzugang Pflichtschulungen skillsforwork<\/h2>\t\t\t\t<\/div>\n\t\t\t\t<\/div>\n\t\t\t\t<div class=\"elementor-element elementor-element-3a3fa54 elementor-widget elementor-widget-html\" data-id=\"3a3fa54\" data-element_type=\"widget\" data-widget_type=\"html.default\">\n\t\t\t\t<div class=\"elementor-widget-container\">\n\t\t\t\t\t<div id=\"iframeContainer\" >\n    <iframe src=\"https:\/\/go.pinktum.com\/l\/959342\/2025-09-03\/7pxnj\" \n            style=\"position: absolute; top: 0; left: 0; width: 100%; height: 100%;  border: none; border-radius: 25px;\" \n            frameborder=\"0\"><\/iframe>\n<\/div>\n\n\t\t\t\t<\/div>\n\t\t\t\t<\/div>\n\t\t\t\t<\/div>\n\t\t\t\t\t<\/div>\n\t\t\t\t<\/div>\n\t\t\t\t<\/div>\n\t\t","protected":false},"excerpt":{"rendered":"<p>Pflichtschulungenskillsforwork Wir unterst\u00fctzen Unternehmen gesetzliche und interne Pflichtschulungen digital zu erf\u00fcllen. Unsere spezialisierten skillsforwork E-Trainings f\u00f6rdern verantwortungsbewusstes Handeln aller Mitarbeitenden im Arbeitsalltag. Selbstsicherer Umgang mit beruflichen Pflichtvorgaben Unsere skillsforwork sensibilisieren F\u00fchrungskr\u00e4fte und Mitarbeitende rechtlich sicher zu handeln und Risiken im Arbeitsumfeld souver\u00e4n zu erkennen. Die digitalen Pflichtschulungen legen den Fokus auf Arbeitsschutz, Compliance, Datenschutz und [&hellip;]<\/p>\n","protected":false},"author":1,"featured_media":0,"parent":4789,"menu_order":5,"comment_status":"closed","ping_status":"closed","template":"","meta":{"_monsterinsights_skip_tracking":false,"_monsterinsights_sitenote_active":false,"_monsterinsights_sitenote_note":"","_monsterinsights_sitenote_category":0,"footnotes":""},"referenzen":[],"class_list":["post-23998","page","type-page","status-publish","hentry"],"_links":{"self":[{"href":"https:\/\/www.pinktum.com\/de\/wp-json\/wp\/v2\/pages\/23998","targetHints":{"allow":["GET"]}}],"collection":[{"href":"https:\/\/www.pinktum.com\/de\/wp-json\/wp\/v2\/pages"}],"about":[{"href":"https:\/\/www.pinktum.com\/de\/wp-json\/wp\/v2\/types\/page"}],"author":[{"embeddable":true,"href":"https:\/\/www.pinktum.com\/de\/wp-json\/wp\/v2\/users\/1"}],"replies":[{"embeddable":true,"href":"https:\/\/www.pinktum.com\/de\/wp-json\/wp\/v2\/comments?post=23998"}],"version-history":[{"count":0,"href":"https:\/\/www.pinktum.com\/de\/wp-json\/wp\/v2\/pages\/23998\/revisions"}],"up":[{"embeddable":true,"href":"https:\/\/www.pinktum.com\/de\/wp-json\/wp\/v2\/pages\/4789"}],"wp:attachment":[{"href":"https:\/\/www.pinktum.com\/de\/wp-json\/wp\/v2\/media?parent=23998"}],"wp:term":[{"taxonomy":"referenzen","embeddable":true,"href":"https:\/\/www.pinktum.com\/de\/wp-json\/wp\/v2\/referenzen?post=23998"}],"curies":[{"name":"wp","href":"https:\/\/api.w.org\/{rel}","templated":true}]}}