{"id":21656,"date":"2025-04-10T09:47:18","date_gmt":"2025-04-10T07:47:18","guid":{"rendered":"https:\/\/www.pinktum.com\/?page_id=21656"},"modified":"2025-04-16T15:28:53","modified_gmt":"2025-04-16T13:28:53","slug":"pinktech-talks","status":"publish","type":"page","link":"https:\/\/www.pinktum.com\/de\/learning-journey\/pinktech-talks\/","title":{"rendered":"PINKtech Talks"},"content":{"rendered":"\t\t<div data-elementor-type=\"wp-page\" data-elementor-id=\"21656\" class=\"elementor elementor-21656\" data-elementor-post-type=\"page\">\n\t\t\t\t<div class=\"elementor-element elementor-element-b8fc4b9 e-flex e-con-boxed e-con e-child\" data-id=\"b8fc4b9\" data-element_type=\"container\" data-settings=\"{&quot;background_background&quot;:&quot;classic&quot;,&quot;jet_parallax_layout_list&quot;:[]}\">\n\t\t\t\t\t<div class=\"e-con-inner\">\n\t\t\t\t<div class=\"elementor-element elementor-element-7b9c0c8 elementor-widget elementor-widget-heading\" data-id=\"7b9c0c8\" data-element_type=\"widget\" data-widget_type=\"heading.default\">\n\t\t\t\t<div class=\"elementor-widget-container\">\n\t\t\t\t\t<h1 class=\"elementor-heading-title elementor-size-default\"><strong><span style=\"color: #fff;font-family: 'All-Round-Gothic', sans-serif;text-transform: uppercase;font-weight: bold;font-size: 67px\">PINK<\/span><\/strong>TECH Talks<\/h1>\t\t\t\t<\/div>\n\t\t\t\t<\/div>\n\t\t\t\t<div class=\"elementor-element elementor-element-d4896bd elementor-widget__width-initial elementor-widget elementor-widget-heading\" data-id=\"d4896bd\" data-element_type=\"widget\" data-widget_type=\"heading.default\">\n\t\t\t\t<div class=\"elementor-widget-container\">\n\t\t\t\t\t<h2 class=\"elementor-heading-title elementor-size-default\">Der Wandel durch K\u00fcnstliche Intelligenz betrifft Wirtschaft und Gesellschaft gleicherma\u00dfen. Mit unseren PINKtech Talks unterst\u00fctzen wir Organisationen und Mitarbeitende, ein zukunftsorientiertes Mindset im Umgang mit KI zu st\u00e4rken.<\/h2>\t\t\t\t<\/div>\n\t\t\t\t<\/div>\n\t\t\t\t<div class=\"elementor-element elementor-element-9cb80ad elementor-widget elementor-widget-button\" data-id=\"9cb80ad\" data-element_type=\"widget\" data-widget_type=\"button.default\">\n\t\t\t\t<div class=\"elementor-widget-container\">\n\t\t\t\t\t\t\t\t\t<div class=\"elementor-button-wrapper\">\n\t\t\t\t\t<a class=\"elementor-button elementor-button-link elementor-size-sm elementor-animation-grow\" href=\"https:\/\/www.pinktum.com\/testzugang\/\">\n\t\t\t\t\t\t<span class=\"elementor-button-content-wrapper\">\n\t\t\t\t\t\t\t\t\t<span class=\"elementor-button-text\">Jetzt kostenlos testen<\/span>\n\t\t\t\t\t<\/span>\n\t\t\t\t\t<\/a>\n\t\t\t\t<\/div>\n\t\t\t\t\t\t\t\t<\/div>\n\t\t\t\t<\/div>\n\t\t\t\t\t<\/div>\n\t\t\t\t<\/div>\n\t\t<div class=\"elementor-element elementor-element-0aaea11 e-flex e-con-boxed e-con e-parent\" data-id=\"0aaea11\" data-element_type=\"container\" data-settings=\"{&quot;jet_parallax_layout_list&quot;:[]}\">\n\t\t\t\t\t<div class=\"e-con-inner\">\n\t\t<div class=\"elementor-element elementor-element-5676acb e-con-full e-flex e-con e-child\" data-id=\"5676acb\" data-element_type=\"container\" data-settings=\"{&quot;jet_parallax_layout_list&quot;:[]}\">\n\t\t<div class=\"elementor-element elementor-element-d09b9fb e-con-full e-flex e-con e-child\" data-id=\"d09b9fb\" data-element_type=\"container\" data-settings=\"{&quot;jet_parallax_layout_list&quot;:[]}\">\n\t\t\t\t<div class=\"elementor-element elementor-element-da2e914 elementor-hidden-tablet elementor-hidden-mobile elementor-widget elementor-widget-text-editor\" data-id=\"da2e914\" data-element_type=\"widget\" data-widget_type=\"text-editor.default\">\n\t\t\t\t<div class=\"elementor-widget-container\">\n\t\t\t\t\t\t\t\t\t<p style=\"font-family: 'Inter', Sans-serif; font-size: 35px; font-weight: 600; text-transform: none; line-height: 1.3em;\">Was sind <strong><span style=\"color: #05143c; font-family: 'All-Round-Gothic', sans-serif; text-transform: uppercase; font-weight: bold; font-size: 40px;\">PINK\u00a0<\/span><\/strong><span style=\"font-family: 'Inter', Sans-serif; font-weight: 300; margin-left: -9px;\">TECH Talks<\/span>?<\/p>\t\t\t\t\t\t\t\t<\/div>\n\t\t\t\t<\/div>\n\t\t\t\t<div class=\"elementor-element elementor-element-05670be elementor-hidden-widescreen elementor-hidden-desktop elementor-widget elementor-widget-text-editor\" data-id=\"05670be\" data-element_type=\"widget\" data-widget_type=\"text-editor.default\">\n\t\t\t\t<div class=\"elementor-widget-container\">\n\t\t\t\t\t\t\t\t\t<p style=\"font-family: 'Inter', Sans-serif; font-size: 35px; font-weight: 600; text-transform: none; line-height: 1.3em;\">Was sind\u00a0<br \/><strong>PINK<\/strong>TECH Talks?<\/p>\t\t\t\t\t\t\t\t<\/div>\n\t\t\t\t<\/div>\n\t\t\t\t<div class=\"elementor-element elementor-element-ec45782 elementor-widget elementor-widget-text-editor\" data-id=\"ec45782\" data-element_type=\"widget\" data-widget_type=\"text-editor.default\">\n\t\t\t\t<div class=\"elementor-widget-container\">\n\t\t\t\t\t\t\t\t\t<p>Unser Expert:innen ordnen f\u00fcr Sie Entwicklungen, Chancen, Risiken und Zukunftskompetenzen im Kontext K\u00fcnstlicher Intelligenz ein \u2014 zusammengefasst als Impulsvortrag. Kurzweilig in 10 bis 15 Minuten moderiert, mit nachhaltiger Inspiration f\u00fcr den eigenen Alltag. So unterst\u00fctzen wir Sie mit verst\u00e4ndlichen und praxisnahen Inhalten, Vorbehalte abzubauen und Selbstvertrauen im Umgang mit KI zu gewinnen.&nbsp;Unter anderem moderiert von Joachim Pawlik (CEO PINKTUM) und Alois Krtil (CTO PINKTUM)<\/p>\t\t\t\t\t\t\t\t<\/div>\n\t\t\t\t<\/div>\n\t\t\t\t<\/div>\n\t\t<div class=\"elementor-element elementor-element-bbc6fc7 e-con-full e-flex e-con e-child\" data-id=\"bbc6fc7\" data-element_type=\"container\" data-settings=\"{&quot;jet_parallax_layout_list&quot;:[],&quot;background_background&quot;:&quot;classic&quot;}\">\n\t\t\t\t<\/div>\n\t\t\t\t<\/div>\n\t\t\t\t\t<\/div>\n\t\t\t\t<\/div>\n\t\t<div class=\"elementor-element elementor-element-a7f8962 e-flex e-con-boxed e-con e-parent\" data-id=\"a7f8962\" data-element_type=\"container\" data-settings=\"{&quot;background_background&quot;:&quot;classic&quot;,&quot;jet_parallax_layout_list&quot;:[]}\">\n\t\t\t\t\t<div class=\"e-con-inner\">\n\t\t<div class=\"elementor-element elementor-element-2918008 e-con-full e-flex e-con e-child\" data-id=\"2918008\" data-element_type=\"container\" data-settings=\"{&quot;jet_parallax_layout_list&quot;:[]}\">\n\t\t<div class=\"elementor-element elementor-element-1f1786c e-con-full e-flex e-con e-child\" data-id=\"1f1786c\" data-element_type=\"container\" data-settings=\"{&quot;jet_parallax_layout_list&quot;:[]}\">\n\t\t\t\t<div class=\"elementor-element elementor-element-19b05c5 elementor-widget elementor-widget-video\" data-id=\"19b05c5\" data-element_type=\"widget\" data-settings=\"{&quot;video_type&quot;:&quot;hosted&quot;,&quot;show_image_overlay&quot;:&quot;yes&quot;,&quot;image_overlay&quot;:{&quot;url&quot;:&quot;https:\\\/\\\/www.pinktum.com\\\/wp-content\\\/uploads\\\/2025\\\/04\\\/PINKtech-Talk-Cover-e1744268281347.png&quot;,&quot;id&quot;:21678,&quot;size&quot;:&quot;&quot;,&quot;alt&quot;:&quot;&quot;,&quot;source&quot;:&quot;library&quot;},&quot;controls&quot;:&quot;yes&quot;}\" data-widget_type=\"video.default\">\n\t\t\t\t<div class=\"elementor-widget-container\">\n\t\t\t\t\t\t\t<div class=\"e-hosted-video elementor-wrapper elementor-open-inline\">\n\t\t\t\t\t<video class=\"elementor-video\" src=\"https:\/\/www.pinktum.com\/wp-content\/uploads\/2025\/04\/PINKtech-Talk-01_TT_ESW_TR.mp4\" controls=\"\" preload=\"auto\" controlsList=\"nodownload\" poster=\"https:\/\/www.pinktum.com\/wp-content\/uploads\/2025\/04\/PINKtech-Talk-Cover.webp\"><\/video>\n\t\t\t\t\t\t<div class=\"elementor-custom-embed-image-overlay\" style=\"background-image: url();\">\n\t\t\t\t\t\t\t\t\t\t\t\t\t\t\t\t<div class=\"elementor-custom-embed-play\" role=\"button\" aria-label=\"Video abspielen\" tabindex=\"0\">\n\t\t\t\t\t\t\t<i aria-hidden=\"true\" class=\"eicon-play\"><\/i>\t\t\t\t\t\t<\/div>\n\t\t\t\t\t\t\t\t\t<\/div>\n\t\t\t\t\t<\/div>\n\t\t\t\t\t\t<\/div>\n\t\t\t\t<\/div>\n\t\t\t\t<\/div>\n\t\t\t\t<\/div>\n\t\t\t\t\t<\/div>\n\t\t\t\t<\/div>\n\t\t<div class=\"elementor-element elementor-element-b3fc94e e-flex e-con-boxed e-con e-parent\" data-id=\"b3fc94e\" data-element_type=\"container\" data-settings=\"{&quot;jet_parallax_layout_list&quot;:[]}\">\n\t\t\t\t\t<div class=\"e-con-inner\">\n\t\t<div class=\"elementor-element elementor-element-4ad9d8c e-con-full e-flex e-con e-child\" data-id=\"4ad9d8c\" data-element_type=\"container\" data-settings=\"{&quot;jet_parallax_layout_list&quot;:[]}\">\n\t\t<div class=\"elementor-element elementor-element-67acadf e-con-full e-flex e-con e-child\" data-id=\"67acadf\" data-element_type=\"container\" data-settings=\"{&quot;jet_parallax_layout_list&quot;:[]}\">\n\t\t\t\t<div class=\"elementor-element elementor-element-5db0ac5 elementor-widget elementor-widget-text-editor\" data-id=\"5db0ac5\" data-element_type=\"widget\" data-widget_type=\"text-editor.default\">\n\t\t\t\t<div class=\"elementor-widget-container\">\n\t\t\t\t\t\t\t\t\t<p>Fit f\u00fcr die KI-Zukunft<\/p>\t\t\t\t\t\t\t\t<\/div>\n\t\t\t\t<\/div>\n\t\t\t\t<div class=\"elementor-element elementor-element-f7b5d62 elementor-widget elementor-widget-text-editor\" data-id=\"f7b5d62\" data-element_type=\"widget\" data-widget_type=\"text-editor.default\">\n\t\t\t\t<div class=\"elementor-widget-container\">\n\t\t\t\t\t\t\t\t\t<p>Auf diese Themenschwerpunkte k\u00f6nnen Sie sich freuen<\/p>\t\t\t\t\t\t\t\t<\/div>\n\t\t\t\t<\/div>\n\t\t\t\t<div class=\"elementor-element elementor-element-6cf3d31 elementor-widget elementor-widget-text-editor\" data-id=\"6cf3d31\" data-element_type=\"widget\" data-widget_type=\"text-editor.default\">\n\t\t\t\t<div class=\"elementor-widget-container\">\n\t\t\t\t\t\t\t\t\t<p>\u2022 Lernen mit KI \u2013 Wie k\u00fcnstliche Intelligenz das Lernen revolutioniert<\/p><p>\u2022 Mentale Einstiegshilfe \u2013 Umgang mit Themen, die man nicht kennt<\/p><p>\u2022 Filterblasen &amp; Echokammern \u2013 Wie KI unsere Sichtweisen beeinflusst<\/p><p>\u2022 KI-Inhalte reflektieren \u2013 Chancen und Risiken KI-generierter Informationen<\/p><p>\u2022 F\u00fchren mit Co-Pilot \u2013 Mensch und Maschine im Team<\/p><p>\u2022 Prompting verstehen \u2013 So kommunizieren Sie effektiv mit KI<\/p><p>\u2022 Data Literacy \u2013 Datenbasierte Entscheidungen im Arbeitsalltag<\/p><p>\u2022 KI-Toolbox \u2013 Die besten Tools f\u00fcr mehr Effizienz<\/p><p>\u2022 Arbeitsprozesse automatisieren \u2013 Effizienzsteigerung mit KI<\/p>\t\t\t\t\t\t\t\t<\/div>\n\t\t\t\t<\/div>\n\t\t\t\t<\/div>\n\t\t<div class=\"elementor-element elementor-element-1b5ee73 e-con-full e-flex e-con e-child\" data-id=\"1b5ee73\" data-element_type=\"container\" data-settings=\"{&quot;jet_parallax_layout_list&quot;:[],&quot;background_background&quot;:&quot;classic&quot;}\">\n\t\t\t\t<\/div>\n\t\t\t\t<\/div>\n\t\t\t\t\t<\/div>\n\t\t\t\t<\/div>\n\t\t<div class=\"elementor-element elementor-element-8f41507 e-flex e-con-boxed e-con e-parent\" data-id=\"8f41507\" data-element_type=\"container\" data-settings=\"{&quot;background_background&quot;:&quot;gradient&quot;,&quot;jet_parallax_layout_list&quot;:[]}\">\n\t\t\t\t\t<div class=\"e-con-inner\">\n\t\t<div class=\"elementor-element elementor-element-92e2cea e-con-full e-flex e-con e-child\" data-id=\"92e2cea\" data-element_type=\"container\" data-settings=\"{&quot;jet_parallax_layout_list&quot;:[]}\">\n\t\t<div class=\"elementor-element elementor-element-75c47b9 e-con-full e-flex e-con e-child\" data-id=\"75c47b9\" data-element_type=\"container\" data-settings=\"{&quot;jet_parallax_layout_list&quot;:[],&quot;background_background&quot;:&quot;classic&quot;}\">\n\t\t\t\t<\/div>\n\t\t<div class=\"elementor-element elementor-element-5c950ba e-con-full e-flex e-con e-child\" data-id=\"5c950ba\" data-element_type=\"container\" data-settings=\"{&quot;jet_parallax_layout_list&quot;:[]}\">\n\t\t\t\t<div class=\"elementor-element elementor-element-2f4ef27 elementor-widget elementor-widget-heading\" data-id=\"2f4ef27\" data-element_type=\"widget\" data-widget_type=\"heading.default\">\n\t\t\t\t<div class=\"elementor-widget-container\">\n\t\t\t\t\t<h2 class=\"elementor-heading-title elementor-size-default\">Wie erhalte ich Zugriff auf die PINKtech Talks?<\/h2>\t\t\t\t<\/div>\n\t\t\t\t<\/div>\n\t\t\t\t<div class=\"elementor-element elementor-element-9a233b4 elementor-widget elementor-widget-text-editor\" data-id=\"9a233b4\" data-element_type=\"widget\" data-widget_type=\"text-editor.default\">\n\t\t\t\t<div class=\"elementor-widget-container\">\n\t\t\t\t\t\t\t\t\t<p>PINKTUM Kundinnen und Kunden mit einer bestehenden Corporate Lizenz erhalten die PINKtech Talks automatisch ohne Aufpreis. Alle anderen Kund:innen und Interessent:innen k\u00f6nnen die PINKtech Talks einzeln oder im Bundle als SCORM-Dateien zum Download erwerben.<\/p>\t\t\t\t\t\t\t\t<\/div>\n\t\t\t\t<\/div>\n\t\t\t\t<\/div>\n\t\t\t\t<\/div>\n\t\t\t\t\t<\/div>\n\t\t\t\t<\/div>\n\t\t<div class=\"elementor-element elementor-element-196ab81 e-flex e-con-boxed e-con e-parent\" data-id=\"196ab81\" data-element_type=\"container\" data-settings=\"{&quot;jet_parallax_layout_list&quot;:[]}\">\n\t\t\t\t\t<div class=\"e-con-inner\">\n\t\t<a class=\"elementor-element elementor-element-cfbf440 e-con-full e-flex e-con e-child\" data-id=\"cfbf440\" data-element_type=\"container\" data-settings=\"{&quot;background_background&quot;:&quot;classic&quot;,&quot;jet_parallax_layout_list&quot;:[]}\" href=\"https:\/\/www.pinktum.com\/de\/testzugang\/\">\n\t\t\t\t<div class=\"elementor-element elementor-element-abaec8b elementor-widget elementor-widget-heading\" data-id=\"abaec8b\" data-element_type=\"widget\" data-widget_type=\"heading.default\">\n\t\t\t\t<div class=\"elementor-widget-container\">\n\t\t\t\t\t<h2 class=\"elementor-heading-title elementor-size-default\">Jetzt testen<\/h2>\t\t\t\t<\/div>\n\t\t\t\t<\/div>\n\t\t\t\t<div class=\"elementor-element elementor-element-d3b40fb elementor-widget elementor-widget-text-editor\" data-id=\"d3b40fb\" data-element_type=\"widget\" data-widget_type=\"text-editor.default\">\n\t\t\t\t<div class=\"elementor-widget-container\">\n\t\t\t\t\t\t\t\t\t<p>Die Zukunft des Lernens mit der PINKTUM Learning Journey entdecken<\/p>\t\t\t\t\t\t\t\t<\/div>\n\t\t\t\t<\/div>\n\t\t\t\t<\/a>\n\t\t<a class=\"elementor-element elementor-element-0270d76 e-con-full e-flex e-con e-child\" data-id=\"0270d76\" data-element_type=\"container\" data-settings=\"{&quot;background_background&quot;:&quot;classic&quot;,&quot;jet_parallax_layout_list&quot;:[]}\" href=\"https:\/\/iframe.world.pinktum.dev\/de\/product-list\/frame\/\" target=\"_blank\" rel=\"noopener\">\n\t\t\t\t<div class=\"elementor-element elementor-element-4a6ddcd elementor-widget elementor-widget-image\" data-id=\"4a6ddcd\" data-element_type=\"widget\" data-widget_type=\"image.default\">\n\t\t\t\t<div class=\"elementor-widget-container\">\n\t\t\t\t\t\t\t\t\t\t\t\t\t\t\t<img decoding=\"async\" width=\"130\" height=\"130\" src=\"https:\/\/www.pinktum.com\/wp-content\/uploads\/2025\/02\/prduktliste04-1.png\" class=\"attachment-large size-large wp-image-17029\" alt=\"\" \/>\t\t\t\t\t\t\t\t\t\t\t\t\t\t\t<\/div>\n\t\t\t\t<\/div>\n\t\t\t\t<div class=\"elementor-element elementor-element-af0c1b9 elementor-widget elementor-widget-heading\" data-id=\"af0c1b9\" data-element_type=\"widget\" data-widget_type=\"heading.default\">\n\t\t\t\t<div class=\"elementor-widget-container\">\n\t\t\t\t\t<h2 class=\"elementor-heading-title elementor-size-default\">Produktliste<\/h2>\t\t\t\t<\/div>\n\t\t\t\t<\/div>\n\t\t\t\t<div class=\"elementor-element elementor-element-d4cc42d elementor-widget elementor-widget-text-editor\" data-id=\"d4cc42d\" data-element_type=\"widget\" data-widget_type=\"text-editor.default\">\n\t\t\t\t<div class=\"elementor-widget-container\">\n\t\t\t\t\t\t\t\t\t<p>Alle PINKTUM Soft Skills E-Trainings als kompakte Liste sortiert<\/p>\t\t\t\t\t\t\t\t<\/div>\n\t\t\t\t<\/div>\n\t\t\t\t<\/a>\n\t\t<a class=\"elementor-element elementor-element-f145e9c e-con-full e-flex e-con e-child\" data-id=\"f145e9c\" data-element_type=\"container\" data-settings=\"{&quot;background_background&quot;:&quot;classic&quot;,&quot;jet_parallax_layout_list&quot;:[]}\" href=\"https:\/\/iframe.world.pinktum.dev\/de\/produktkatalog-micro\/\" target=\"_blank\" rel=\"noopener\">\n\t\t\t\t<div class=\"elementor-element elementor-element-8f8a2e8 elementor-widget elementor-widget-image\" data-id=\"8f8a2e8\" data-element_type=\"widget\" data-widget_type=\"image.default\">\n\t\t\t\t<div class=\"elementor-widget-container\">\n\t\t\t\t\t\t\t\t\t\t\t\t\t\t\t<img decoding=\"async\" width=\"130\" height=\"130\" src=\"https:\/\/www.pinktum.com\/wp-content\/uploads\/2025\/02\/produktkatalog02-1.png\" class=\"attachment-large size-large wp-image-17049\" alt=\"\" \/>\t\t\t\t\t\t\t\t\t\t\t\t\t\t\t<\/div>\n\t\t\t\t<\/div>\n\t\t\t\t<div class=\"elementor-element elementor-element-d9abcff elementor-widget elementor-widget-heading\" data-id=\"d9abcff\" data-element_type=\"widget\" data-widget_type=\"heading.default\">\n\t\t\t\t<div class=\"elementor-widget-container\">\n\t\t\t\t\t<h2 class=\"elementor-heading-title elementor-size-default\">Produktkatalog<\/h2>\t\t\t\t<\/div>\n\t\t\t\t<\/div>\n\t\t\t\t<div class=\"elementor-element elementor-element-8e5dc99 elementor-widget elementor-widget-text-editor\" data-id=\"8e5dc99\" data-element_type=\"widget\" data-widget_type=\"text-editor.default\">\n\t\t\t\t<div class=\"elementor-widget-container\">\n\t\t\t\t\t\t\t\t\t<p>Alle PINKTUM Soft Skills E-Trainings\u2028mit Kursdetails erkl\u00e4rt<\/p>\t\t\t\t\t\t\t\t<\/div>\n\t\t\t\t<\/div>\n\t\t\t\t<\/a>\n\t\t\t\t\t<\/div>\n\t\t\t\t<\/div>\n\t\t\t\t<\/div>\n\t\t","protected":false},"excerpt":{"rendered":"<p>PINKTECH Talks Der Wandel durch K\u00fcnstliche Intelligenz betrifft Wirtschaft und Gesellschaft gleicherma\u00dfen. Mit unseren PINKtech Talks unterst\u00fctzen wir Organisationen und Mitarbeitende, ein zukunftsorientiertes Mindset im Umgang mit KI zu st\u00e4rken. Jetzt kostenlos testen Was sind PINK\u00a0TECH Talks? Was sind\u00a0PINKTECH Talks? Unser Expert:innen ordnen f\u00fcr Sie Entwicklungen, Chancen, Risiken und Zukunftskompetenzen im Kontext K\u00fcnstlicher Intelligenz ein [&hellip;]<\/p>\n","protected":false},"author":2,"featured_media":753,"parent":419,"menu_order":3,"comment_status":"closed","ping_status":"closed","template":"","meta":{"_monsterinsights_skip_tracking":false,"_monsterinsights_sitenote_active":false,"_monsterinsights_sitenote_note":"","_monsterinsights_sitenote_category":0,"footnotes":""},"referenzen":[],"class_list":["post-21656","page","type-page","status-publish","has-post-thumbnail","hentry"],"_links":{"self":[{"href":"https:\/\/www.pinktum.com\/de\/wp-json\/wp\/v2\/pages\/21656","targetHints":{"allow":["GET"]}}],"collection":[{"href":"https:\/\/www.pinktum.com\/de\/wp-json\/wp\/v2\/pages"}],"about":[{"href":"https:\/\/www.pinktum.com\/de\/wp-json\/wp\/v2\/types\/page"}],"author":[{"embeddable":true,"href":"https:\/\/www.pinktum.com\/de\/wp-json\/wp\/v2\/users\/2"}],"replies":[{"embeddable":true,"href":"https:\/\/www.pinktum.com\/de\/wp-json\/wp\/v2\/comments?post=21656"}],"version-history":[{"count":0,"href":"https:\/\/www.pinktum.com\/de\/wp-json\/wp\/v2\/pages\/21656\/revisions"}],"up":[{"embeddable":true,"href":"https:\/\/www.pinktum.com\/de\/wp-json\/wp\/v2\/pages\/419"}],"wp:featuredmedia":[{"embeddable":true,"href":"https:\/\/www.pinktum.com\/de\/wp-json\/wp\/v2\/media\/753"}],"wp:attachment":[{"href":"https:\/\/www.pinktum.com\/de\/wp-json\/wp\/v2\/media?parent=21656"}],"wp:term":[{"taxonomy":"referenzen","embeddable":true,"href":"https:\/\/www.pinktum.com\/de\/wp-json\/wp\/v2\/referenzen?post=21656"}],"curies":[{"name":"wp","href":"https:\/\/api.w.org\/{rel}","templated":true}]}}