{"id":20805,"date":"2025-03-21T16:14:12","date_gmt":"2025-03-21T15:14:12","guid":{"rendered":"https:\/\/www.pinktum.com\/?page_id=20805"},"modified":"2025-10-22T09:28:25","modified_gmt":"2025-10-22T07:28:25","slug":"pinkpro-user-manual","status":"publish","type":"page","link":"https:\/\/www.pinktum.com\/de\/pinkpro-user-manual\/","title":{"rendered":"PINKpro user manual"},"content":{"rendered":"\t\t<div data-elementor-type=\"wp-page\" data-elementor-id=\"20805\" class=\"elementor elementor-20805\" data-elementor-post-type=\"page\">\n\t\t\t\t<div class=\"elementor-element elementor-element-21a24fc e-flex e-con-boxed e-con e-parent\" data-id=\"21a24fc\" data-element_type=\"container\" data-settings=\"{&quot;background_background&quot;:&quot;gradient&quot;,&quot;jet_parallax_layout_list&quot;:[]}\">\n\t\t\t\t\t<div class=\"e-con-inner\">\n\t\t\t\t<div class=\"elementor-element elementor-element-67a7383 elementor-widget__width-initial elementor-widget elementor-widget-heading\" data-id=\"67a7383\" data-element_type=\"widget\" data-widget_type=\"heading.default\">\n\t\t\t\t<div class=\"elementor-widget-container\">\n\t\t\t\t\t<h2 class=\"elementor-heading-title elementor-size-default\">PINKpro user manual<\/h2>\t\t\t\t<\/div>\n\t\t\t\t<\/div>\n\t\t\t\t\t<\/div>\n\t\t\t\t<\/div>\n\t\t<div class=\"elementor-element elementor-element-b7be5a2 e-flex e-con-boxed e-con e-parent\" data-id=\"b7be5a2\" data-element_type=\"container\" data-settings=\"{&quot;jet_parallax_layout_list&quot;:[]}\">\n\t\t\t\t\t<div class=\"e-con-inner\">\n\t\t<div class=\"elementor-element elementor-element-6d3adaa e-con-full e-flex e-con e-child\" data-id=\"6d3adaa\" data-element_type=\"container\" data-settings=\"{&quot;background_background&quot;:&quot;classic&quot;,&quot;jet_parallax_layout_list&quot;:[]}\">\n\t\t\t\t<div class=\"elementor-element elementor-element-363ffcf elementor-widget elementor-widget-heading\" data-id=\"363ffcf\" data-element_type=\"widget\" data-widget_type=\"heading.default\">\n\t\t\t\t<div class=\"elementor-widget-container\">\n\t\t\t\t\t<h2 class=\"elementor-heading-title elementor-size-default\">Name und Anschrift des Verantwortlichen<\/h2>\t\t\t\t<\/div>\n\t\t\t\t<\/div>\n\t\t\t\t<div class=\"elementor-element elementor-element-3913e7c elementor-widget elementor-widget-text-editor\" data-id=\"3913e7c\" data-element_type=\"widget\" data-widget_type=\"text-editor.default\">\n\t\t\t\t<div class=\"elementor-widget-container\">\n\t\t\t\t\t\t\t\t\t<p>Pink University GmbH<br \/>Bachbauernstra\u00dfe 1\u2028<br \/>81241 M\u00fcnchen<br \/>Handelsregister: HRB 195020\u2028<br \/>Registergericht: Amtsgericht M\u00fcnchen<\/p><p><a href=\"mailto:%20kontakt@pinktum.com\">kontakt@pinktum.com<\/a><\/p>\t\t\t\t\t\t\t\t<\/div>\n\t\t\t\t<\/div>\n\t\t\t\t<\/div>\n\t\t\t\t\t<\/div>\n\t\t\t\t<\/div>\n\t\t<div class=\"elementor-element elementor-element-3cf878b e-flex e-con-boxed e-con e-parent\" data-id=\"3cf878b\" data-element_type=\"container\" data-settings=\"{&quot;jet_parallax_layout_list&quot;:[]}\">\n\t\t\t\t\t<div class=\"e-con-inner\">\n\t\t\t\t<div class=\"elementor-element elementor-element-b886871 elementor-widget elementor-widget-heading\" data-id=\"b886871\" data-element_type=\"widget\" data-widget_type=\"heading.default\">\n\t\t\t\t<div class=\"elementor-widget-container\">\n\t\t\t\t\t<h2 class=\"elementor-heading-title elementor-size-default\">PINKpro user manual<\/h2>\t\t\t\t<\/div>\n\t\t\t\t<\/div>\n\t\t\t\t<div class=\"elementor-element elementor-element-ce2c875 elementor-widget elementor-widget-text-editor\" data-id=\"ce2c875\" data-element_type=\"widget\" data-widget_type=\"text-editor.default\">\n\t\t\t\t<div class=\"elementor-widget-container\">\n\t\t\t\t\t\t\t\t\t<p><span style=\"font-size: 16px; font-weight: 400;\">Version: 2.0\u00a0<br \/><\/span>Ver\u00f6ffentlichungsdatum: 21.10.2025\u00a0<\/p><h3><span style=\"text-align: var(--text-align); color: var( --e-global-color-text ); font-size: 25px;\">1. Allgemeine Informationen<\/span><\/h3><p>PINKpro ist ein interaktiver, KI-gest\u00fctzter Chatcoach, der Mitarbeitende und F\u00fchrungskr\u00e4fte in Organisationen beim Entwickeln von <strong>Human Skills<\/strong> unterst\u00fctzt. Er kombiniert im Dialog personalisierte Lern- und Handlungstipps mit dem hochwertigen E-Learning-Angebot von PINKTUM. Damit eignet sich PINKpro sowohl f\u00fcr ad-hoc Probleml\u00f6sungen in der direkten Arbeitssituation als auch f\u00fcr den kontinuierlichen und strukturierten Kompetenzerwerb im Themenbereich Human Skills. So wird Lernen nachhaltig und effektiv.<\/p><h3>2. Systemanforderungen\u00a0<\/h3><ul><li>Browser: Google Chrome, Firefox, Edge und Safari (jeweils in den neuesten Versionen). JavaScript und Cookies m\u00fcssen aktiviert sein.\u00a0<\/li><li>Betriebssysteme: Windows 10 oder h\u00f6her, macOS 10.14 oder h\u00f6her, Ubuntu 20.04 oder h\u00f6her, iOS 12.0 oder h\u00f6her &amp; Android 8.0 oder h\u00f6her<\/li><li>Internetverbindung: Mindestens 3 Mbps \u2013 idealerweise 5 Mbps \u2013 f\u00fcr eine reibungslose Nutzung<\/li><\/ul><h3><span style=\"text-align: var(--text-align);\">3. Bereitstellung<\/span><\/h3><p>PINKpro wird f\u00fcr die Dauer des Vertrages in der jeweils aktuellen Version \u00fcber das Internet per Browser bereitgestellt.<\/p><p>PINKpro kann auch <strong>mobil \u00fcber die Progressive Web App (PWA)<\/strong> genutzt werden.<br \/>Durch das Hinzuf\u00fcgen von PINKpro zum Startbildschirm des Smartphones oder Tablets steht der KI-Coach jederzeit flexibel zur Verf\u00fcgung mit Zugriff auf alle Funktionen.<\/p><h3>4. Benutzerkonten &amp; Zugriff<\/h3><h4>4.1 Anmeldung &amp; Registrierung<\/h4><p>PINKTUM stellt dem Kunden Zugangsdaten zur Verf\u00fcgung, mit denen der Kunde \u00fcber einen Administratoren-Account individuelle Nutzerzug\u00e4nge f\u00fcr autorisierte User einrichten und automatisiert per E-Mail einladen kann.<\/p><p>Autorisierte Nutzer werden per E-Mail eingeladen und k\u00f6nnen sich mit der beruflichen E-Mail-Adresse ihrer Organisation und Passwort anmelden.<\/p><h4>4.2 Nutzerrollen &amp; Berechtigungen<\/h4><ul><li><strong>Account Administratoren:<\/strong>\u00a0Nutzereinladung und -verwaltung sowie Zugriff auf alle Funktionen des PINKpro<\/li><li><strong>User (F\u00fchrungskr\u00e4fte und Mitarbeitende):<\/strong>\u00a0Zugriff auf alle Funktionen des PINKpro<\/li><\/ul><h3>5. Nutzung der Kernfunktionen<\/h3><h4>5.1 Navigation<\/h4><p><strong>Chatbereich:<br \/><\/strong>Dialog mit PINKpro, inkl. Lern- und Handlungstipps, Grafiken, Entwicklungsimpulse, TechTalks, Micro- und Macro-Learnings im Medienkarussell (s.u.). Sprach- oder Texteingabe m\u00f6glich.<\/p><p><strong>Sprachwahl:<br \/><\/strong>Alle Inhalte (Chat, Lernmedien, Grafiken, Entwicklungsimpulse) sind auf Deutsch und Englisch verf\u00fcgbar. Die Sprache wird bei der Accounteinrichtung ausgew\u00e4hlt und kann jederzeit \u00fcber den Schalter <strong>DE | EN<\/strong> im Profil-Men\u00fc umgestellt werden.<\/p><p><strong>Chathistorie:<br \/><\/strong>Speicherung, Suche, Umbenennung und L\u00f6schung von Chats.<\/p><p><strong>Merkliste:<br \/><\/strong>Chats k\u00f6nnen \u00fcber ein Sternsymbol markiert und in einer Merkliste gespeichert werden \u2013 f\u00fcr einen schnellen Zugriff auf besonders hilfreiche Dialoge.<\/p><p><strong>Medienkarussell:<br \/><\/strong>Kuratierte Lerninhalte \u2013 Micro-Learnings (Kurzvideos), Macro-Learnings (Trainingsmodule), Grafiken und Entwicklungsimpulse \u2013 passend zum aktuellen Thema im Chat.<\/p><p><strong>Beispielprompts:<br \/><\/strong>Vorschl\u00e4ge f\u00fcr den Chat-Einstieg direkt unter dem Chatfenster.<\/p><p><strong>Profil-Men\u00fc:<br \/><\/strong>Verwaltung des Benutzerkontos, Anzeigeoptionen, Anredeform (\u201eDu\u201c oder \u201eSie\u201c), vereinfachte Sprache (s. u.) und Genderoptionen, Aktivierung der Personalisierung (s.u.).<\/p><p><strong>Vereinfachte Sprache:<br \/><\/strong>\u00dcber die Einstellungen im Profil-Men\u00fc kann eine vereinfachte Sprache aktiviert werden. Dadurch werden Antworten und Handlungsempfehlungen klarer und verst\u00e4ndlicher formuliert \u2013 ideal f\u00fcr Nutzerinnen und Nutzer, die weniger vertraut mit psychologischen oder fachlichen Begriffen sind.<\/p><p><strong>Mein Lernbereich:<br \/><\/strong>\u00dcbersicht \u00fcber begonnene und abgeschlossene Lerninhalte, Fortsetzung begonnener Macro-Learnings.<\/p><p><strong>Information &amp; Hilfe:<br \/><\/strong>Zugriff auf FAQ und Support-Hinweise \u00fcber das Profil-Men\u00fc.<\/p><h4>5.2 Dialoggef\u00fchrtes Lernen<\/h4><p>Im Chat-Frontend f\u00fchrt der User interaktive Gespr\u00e4che mit PINKpro. Das System ist auf den Themenbereich <strong>Human Skills<\/strong> fokussiert. Es nutzt das Fachwissen und die Lernmethodik von PINKTUM, die \u00fcber eine eigene Wissensdatenbank eingebunden sind.<\/p><p>Die Dialoge unterst\u00fctzen:<\/p><ul><li>Wissenserwerb und Vertiefung<\/li><li>Anwendung in realen Situationen<\/li><li>Reflexion und Selbstentwicklung<\/li><\/ul><h4>5.3 Personalisierung der Lernreise und Lerntipps<\/h4><p>Das Lernen mit PINKpro kann optional durch die Ermittlung des individuellen Lernstils durch ein wissenschaftlich fundiertes und langj\u00e4hrig erprobtes Analyse-Tool von PINKTUM (\u201ePINKprofile\u201c) personalisiert werden. Das Tool wird angewendet, um eigene pers\u00f6nliche St\u00e4rken und unbewusste Entwicklungsfelder zu analysieren. Die Ergebnisse dienen dazu, dem Lernenden passgenaue und personalisierte Lerntipps und Entwicklungsimpulse (s.u.) zur Verf\u00fcgung zu stellen.<\/p><p>Durch Klicken auf den Button\u00a0<strong>\u201eLernreise personalisieren\u201c<\/strong>\u00a0wird das Tool gestartet. Es werden einige Fragen gestellt und eine Auswahl an Bildern mit kurzen Aufgabenstellungen pr\u00e4sentiert. Das Durchlaufen des Tools dauert nur wenige Minuten.<\/p><p>Auf Basis der Ergebnisse formuliert PINKpro individuelle\u00a0<strong>Lerntipps<\/strong>\u00a0mit hilfreichen Promptingbeispielen, die im Chatfenster \u00fcber den Button \u201eLerntipps\u201c zug\u00e4nglich sind und per Klick direkt im Chat ausprobiert werden k\u00f6nnen.<\/p><p>Die Ergebnisse flie\u00dfen ebenfalls aktiv in die Chat-Dialoge ein. PINKpro passt seine Antworten, Empfehlungen und Lernanregungen individuell an die jeweilige Pers\u00f6nlichkeit an. Jeder personalisierte Dialog endet mit einem aktivierenden Impuls, z. B. mit einer vertiefenden Frage.<\/p><h4>5.4 Lernangebote und Entwicklungstipps im \u201eMedienkarussell\u201c<\/h4><p>Passend zum Thema des Dialogs mit PINKpro werden unterschiedliche Lernmedien \u00fcber den Chat im Medienkarussell zur Verf\u00fcgung gestellt:<\/p><ul><li><strong style=\"color: inherit; font-family: inherit; background-color: transparent; font-size: 16px;\">Micro-Learnings:<\/strong><span style=\"color: inherit; font-family: inherit; background-color: transparent; font-size: 16px;\"> Kurze Videosequenzen (2\u20135 Min.) zur schnellen Vertiefung.<\/span><\/li><li><strong style=\"color: inherit; font-family: inherit; background-color: transparent; font-size: 16px;\">Macro-Learnings:<\/strong><span style=\"color: inherit; font-family: inherit; background-color: transparent; font-size: 16px;\"> Vertiefende Module (45\u201360 Min.) mit Text, Video und Wissenstests. Fortschritt wird automatisch gespeichert.<\/span><\/li><li><strong style=\"background-color: transparent;\">TechTalks<\/strong><span style=\"background-color: transparent;\">: Kompakte Lerneinheiten von etwa 15 Minuten, die praxisnahes Wissen zu Trends und Tools zu KI vermitteln.<\/span><\/li><li><strong style=\"background-color: transparent;\">Grafiken:<\/strong><span style=\"background-color: transparent;\"> Visualisierte Modelle und Konzepte<\/span><\/li><li><strong>Entwicklungsimpulse:<\/strong>\u00a0<span style=\"background-color: transparent;\">Individuelle Anregungen und Tipps, die gezielt an die Pers\u00f6nlichkeit und Lernziele des Users angepasst sind. Sie f\u00f6rdern Selbstreflexion und nachhaltige Kompetenzentwicklung. Entwicklungsimpulse werden nur nach erfolgtem Durchlauf durch das Kennenlernen \u00fcber das Tool \u201eLernreise personalisieren\u201c angezeigt.<\/span><\/li><\/ul><h4>5.5 User Dashboard<\/h4><p>\u00dcber das Profil-Men\u00fc abrufbar. Das Dashboard zeigt einen kompakten \u00dcberblick \u00fcber:<\/p><ul><li>laufende Lerninhalte,<\/li><li>h\u00e4ufig genutzte Themen und Lernschwerpunkte.<\/li><\/ul><h3>6. Support &amp; Fehlerbehebung<\/h3><ul><li><strong>Anmeldeprobleme:<\/strong> Zugangsdaten pr\u00fcfen, ggf. Passwort zur\u00fccksetzen.<\/li><li><strong>Technische St\u00f6rungen:<\/strong> Browser-Cache l\u00f6schen, Seite neu laden.<\/li><li><strong>Inhaltliche Fragen:<\/strong> An den Account Administrator der eigenen Organisation wenden. Dieser leitet komplexe Anliegen ggf. an PINKTUM weiter.<\/li><li><strong>FAQ:<\/strong> Im Profil-Men\u00fc abrufbar. Auch PINKpro selbst kann Fragen zur Bedienung beantworten.<\/li><\/ul><h3>7. Datenschutz &amp; Sicherheit<\/h3><p>Die in PINKpro verarbeiteten personenbezogenen Daten dienen ausschlie\u00dflich dem User zur Nutzung und zur Interaktion mit dem Produkt. PINKTUM erhebt zur Weiterentwicklung des Systems ausschlie\u00dflich anonymisierte Nutzungsdaten (Funktionen, Lerninhalte etc.), die aggregiert ausgewertet werden, um PINKpro kontinuierlich zu verbessern und um das Lernerlebnis zu optimieren. Alle Daten\u00fcbertragung sind dabei durch moderne Verschl\u00fcsselungsalgorithmen abgesichert.<br \/>Detaillierte Informationen finden Sie in den Datenschutzinformationen von PINKpro oder auf der Startseite von PINKTUM.<\/p>\t\t\t\t\t\t\t\t<\/div>\n\t\t\t\t<\/div>\n\t\t\t\t\t<\/div>\n\t\t\t\t<\/div>\n\t\t\t\t<\/div>\n\t\t","protected":false},"excerpt":{"rendered":"<p>PINKpro user manual Name und Anschrift des Verantwortlichen Pink University GmbHBachbauernstra\u00dfe 1\u202881241 M\u00fcnchenHandelsregister: HRB 195020\u2028Registergericht: Amtsgericht M\u00fcnchen kontakt@pinktum.com PINKpro user manual Version: 2.0\u00a0Ver\u00f6ffentlichungsdatum: 21.10.2025\u00a0 1. Allgemeine Informationen PINKpro ist ein interaktiver, KI-gest\u00fctzter Chatcoach, der Mitarbeitende und F\u00fchrungskr\u00e4fte in Organisationen beim Entwickeln von Human Skills unterst\u00fctzt. Er kombiniert im Dialog personalisierte Lern- und Handlungstipps mit dem [&hellip;]<\/p>\n","protected":false},"author":2,"featured_media":0,"parent":0,"menu_order":0,"comment_status":"closed","ping_status":"closed","template":"","meta":{"_monsterinsights_skip_tracking":false,"_monsterinsights_sitenote_active":false,"_monsterinsights_sitenote_note":"","_monsterinsights_sitenote_category":0,"footnotes":""},"referenzen":[],"class_list":["post-20805","page","type-page","status-publish","hentry"],"_links":{"self":[{"href":"https:\/\/www.pinktum.com\/de\/wp-json\/wp\/v2\/pages\/20805","targetHints":{"allow":["GET"]}}],"collection":[{"href":"https:\/\/www.pinktum.com\/de\/wp-json\/wp\/v2\/pages"}],"about":[{"href":"https:\/\/www.pinktum.com\/de\/wp-json\/wp\/v2\/types\/page"}],"author":[{"embeddable":true,"href":"https:\/\/www.pinktum.com\/de\/wp-json\/wp\/v2\/users\/2"}],"replies":[{"embeddable":true,"href":"https:\/\/www.pinktum.com\/de\/wp-json\/wp\/v2\/comments?post=20805"}],"version-history":[{"count":0,"href":"https:\/\/www.pinktum.com\/de\/wp-json\/wp\/v2\/pages\/20805\/revisions"}],"wp:attachment":[{"href":"https:\/\/www.pinktum.com\/de\/wp-json\/wp\/v2\/media?parent=20805"}],"wp:term":[{"taxonomy":"referenzen","embeddable":true,"href":"https:\/\/www.pinktum.com\/de\/wp-json\/wp\/v2\/referenzen?post=20805"}],"curies":[{"name":"wp","href":"https:\/\/api.w.org\/{rel}","templated":true}]}}